{"id":9900,"date":"2024-11-15T22:59:51","date_gmt":"2024-11-16T01:59:51","guid":{"rendered":"https:\/\/catalogo.rcddistribuidora.com\/?post_type=product&#038;p=9900"},"modified":"2024-11-15T23:04:09","modified_gmt":"2024-11-16T02:04:09","slug":"maxon-oil-performa-5w20","status":"publish","type":"product","link":"https:\/\/catalogo.rcddistribuidora.com\/?product=maxon-oil-performa-5w20","title":{"rendered":"MAXON OIL PERFORMA 5W20"},"content":{"rendered":"","protected":false},"excerpt":{"rendered":"<p><strong>\u00d3LEO LUBRIFICANTE MULTIVISCOSO DE BASE SINT\u00c9TICA <\/strong><\/p>\n<p><strong>O LUBRIFICANTE<\/strong>: \u00d3leo lubrificante de base 100% sint\u00e9tica, multiviscoso, produzido com tecnologia inovadora para ve\u00edculos h\u00edbridos, motores turbos, inje\u00e7\u00e3o direta, movidos \u00e0 gasolina, etanol, GNV e Flex que requeiram os n\u00edveis de desempenho API SP\/ RC\/ Dexos1\u2122\ufe0f Gen2. Foi elaborado para fornecer excel\u00eancia na prote\u00e7\u00e3o contra forma\u00e7\u00e3o de dep\u00f3sitos evitando o desgaste, garantir prote\u00e7\u00e3o \u00e0 corros\u00e3o das partes lubrificadas, manter estabilidade oxidativa e auxiliar na redu\u00e7\u00e3o do consumo de combust\u00edvel devido \u00e0 r\u00e1pida fluidez do \u00f3leo. Atende de forma impec\u00e1vel as mais recentes exig\u00eancias da ind\u00fastria automotiva.<\/p>\n<p><strong>DESEMPENHO<\/strong>: Atende SAE 5W20, API SN Plus, API SN-RC, API SP, API SP-RC, ILSAC GF-6\u00aa, ILSAC GF-5, GMW DEXOS 1:2015 Gera\u00e7\u00e3o 2, FORD WSS-M2C962-A1 e FORD WSS-M2C947-B.<\/p>\n<p><strong>BASE<\/strong><\/p>\n<p>Sint\u00e9tico<\/p>\n<p><strong>VISCOSIDADE<\/strong><\/p>\n<p>5W20<\/p>\n<p><strong>CLASSIFICA\u00c7\u00c3O<\/strong><\/p>\n<p>API SP\/RC<\/p>\n<p><strong>BENEF\u00cdCIOS<\/strong><\/p>\n<ul>\n<li>Tecnologia inovadora<\/li>\n<li>Prote\u00e7\u00e3o \u00e0 corros\u00e3o<\/li>\n<li>Redu\u00e7\u00e3o do consumo de combust\u00edvel<\/li>\n<\/ul>\n<p><strong>INDICA\u00c7\u00d5ES<\/strong><\/p>\n<p>\u00d3leo lubrificante indicado para motores a gasolina, etanol, gnv e flex.<\/p>\n","protected":false},"featured_media":9901,"template":"","meta":[],"product_cat":[15],"product_tag":[],"class_list":{"0":"post-9900","1":"product","2":"type-product","3":"status-publish","4":"has-post-thumbnail","6":"product_cat-geral","8":"first","9":"instock","10":"shipping-taxable","11":"purchasable","12":"product-type-simple","13":"add-to-wishlist-after_add_to_cart"},"_links":{"self":[{"href":"https:\/\/catalogo.rcddistribuidora.com\/index.php?rest_route=\/wp\/v2\/product\/9900","targetHints":{"allow":["GET"]}}],"collection":[{"href":"https:\/\/catalogo.rcddistribuidora.com\/index.php?rest_route=\/wp\/v2\/product"}],"about":[{"href":"https:\/\/catalogo.rcddistribuidora.com\/index.php?rest_route=\/wp\/v2\/types\/product"}],"wp:featuredmedia":[{"embeddable":true,"href":"https:\/\/catalogo.rcddistribuidora.com\/index.php?rest_route=\/wp\/v2\/media\/9901"}],"wp:attachment":[{"href":"https:\/\/catalogo.rcddistribuidora.com\/index.php?rest_route=%2Fwp%2Fv2%2Fmedia&parent=9900"}],"wp:term":[{"taxonomy":"product_cat","embeddable":true,"href":"https:\/\/catalogo.rcddistribuidora.com\/index.php?rest_route=%2Fwp%2Fv2%2Fproduct_cat&post=9900"},{"taxonomy":"product_tag","embeddable":true,"href":"https:\/\/catalogo.rcddistribuidora.com\/index.php?rest_route=%2Fwp%2Fv2%2Fproduct_tag&post=9900"}],"curies":[{"name":"wp","href":"https:\/\/api.w.org\/{rel}","templated":true}]}}