{"id":9806,"date":"2024-11-14T13:41:57","date_gmt":"2024-11-14T16:41:57","guid":{"rendered":"https:\/\/catalogo.rcddistribuidora.com\/?post_type=product&#038;p=9806"},"modified":"2024-11-14T13:41:57","modified_gmt":"2024-11-14T16:41:57","slug":"graxa-grafitada-gf2","status":"publish","type":"product","link":"https:\/\/catalogo.rcddistribuidora.com\/?product=graxa-grafitada-gf2","title":{"rendered":"GRAXA GRAFITADA GF2"},"content":{"rendered":"","protected":false},"excerpt":{"rendered":"<p><strong>GRAXA GRAFITADA<\/strong><\/p>\n<p>INDICA\u00c7\u00c3O:<\/p>\n<p>Graxa \u00e0 base de sab\u00e3o de c\u00e1lcio composta por grafite. atuando com lubrificante s\u00f3lido, em concentra\u00e7\u00f5es diversas de acordo com as condi\u00e7\u00f5es de trabalho, indicada para trabalhos de desgaste elevado e\/ou presen\u00e7a de \u00e1gua em temperaturas moderadas.<\/p>\n<p>DESCRI\u00c7\u00c3O E BENEF\u00cdCIOS:<\/p>\n<p>Formulado com \u00f3leos minerais paraf\u00ednico, derivado de petr\u00f3leo, sab\u00e3o met\u00e1lico de c\u00e1lcio e aditivos especiais de alta performance. Possui elevada resist\u00eancia \u00e0 a\u00e7\u00e3o de lavagem da \u00e1gua, e umidade em geral; excelente ader\u00eancia nas superf\u00edcies met\u00e1licas: elevada bombeabilidade, capacitando o produto a ser aplicado atrav\u00e9s de pistolas, lubrificadores mec\u00e2nicos e sistemas centralizado de lubrifica\u00e7\u00e3o; elevada resist\u00eancia \u00e0 oxida\u00e7\u00e3o; elevada manuten\u00e7\u00e3o de sua consist\u00eancia.<\/p>\n","protected":false},"featured_media":9807,"template":"","meta":[],"product_cat":[15],"product_tag":[],"class_list":{"0":"post-9806","1":"product","2":"type-product","3":"status-publish","4":"has-post-thumbnail","6":"product_cat-geral","8":"first","9":"instock","10":"shipping-taxable","11":"purchasable","12":"product-type-simple","13":"add-to-wishlist-after_add_to_cart"},"_links":{"self":[{"href":"https:\/\/catalogo.rcddistribuidora.com\/index.php?rest_route=\/wp\/v2\/product\/9806","targetHints":{"allow":["GET"]}}],"collection":[{"href":"https:\/\/catalogo.rcddistribuidora.com\/index.php?rest_route=\/wp\/v2\/product"}],"about":[{"href":"https:\/\/catalogo.rcddistribuidora.com\/index.php?rest_route=\/wp\/v2\/types\/product"}],"wp:featuredmedia":[{"embeddable":true,"href":"https:\/\/catalogo.rcddistribuidora.com\/index.php?rest_route=\/wp\/v2\/media\/9807"}],"wp:attachment":[{"href":"https:\/\/catalogo.rcddistribuidora.com\/index.php?rest_route=%2Fwp%2Fv2%2Fmedia&parent=9806"}],"wp:term":[{"taxonomy":"product_cat","embeddable":true,"href":"https:\/\/catalogo.rcddistribuidora.com\/index.php?rest_route=%2Fwp%2Fv2%2Fproduct_cat&post=9806"},{"taxonomy":"product_tag","embeddable":true,"href":"https:\/\/catalogo.rcddistribuidora.com\/index.php?rest_route=%2Fwp%2Fv2%2Fproduct_tag&post=9806"}],"curies":[{"name":"wp","href":"https:\/\/api.w.org\/{rel}","templated":true}]}}