{"id":9803,"date":"2024-11-14T13:34:49","date_gmt":"2024-11-14T16:34:49","guid":{"rendered":"https:\/\/catalogo.rcddistribuidora.com\/?post_type=product&#038;p=9803"},"modified":"2024-11-14T13:35:47","modified_gmt":"2024-11-14T16:35:47","slug":"redutor-250","status":"publish","type":"product","link":"https:\/\/catalogo.rcddistribuidora.com\/?product=redutor-250","title":{"rendered":"REDUTOR 250"},"content":{"rendered":"","protected":false},"excerpt":{"rendered":"<p><strong>LUBRIFICANTE PARA ENGRENAGENS E REDUTORES<\/strong><\/p>\n<p>DESCRI\u00c7\u00c3O, APLICA\u00c7\u00c3O E BENEF\u00cdCIOS:<\/p>\n<p>\u00d3leo minera de alta performance indicado especialmente para lubrifica\u00e7\u00e3o geral de m\u00e1quinas e equipamentos industriais, tais como sistema de circula\u00e7\u00e3o, caixas redutor. mancais planos e quaisquer outras aplica\u00e7\u00f5es onde se fa\u00e7a necess\u00e1rio um lubrificante com esta caracter\u00edstica.<\/p>\n<p>Proporciona prote\u00e7\u00e3o antidesgaste, anticorrosivo antioxidante, antiespumante, demulsificante. Possui excelente compatibilidade com os materiais de veda\u00e7\u00e3o, tai como, retentores, an\u00e9is e demais componentes de borrach: ou pl\u00e1stico existente no sistema. Eficiente prote\u00e7\u00e3o contra corros\u00e3o das partes met\u00e1licas. Evita a forma\u00e7\u00e3o de espuma prejudicial ao sistema, garantindo um perfeito funcionamer<\/p>\n<p>Evita a oxida\u00e7\u00e3o prematura do produto e tem \u00f3tima propriedade de demulsibilidade. Excelente lubricidade e elevada estabilidade t\u00e9rmica.<\/p>\n<p>COMPOSI\u00c7\u00c3O:<\/p>\n<p>Formulado com \u00f3leos minerais paraf\u00ednicos derivado de petr\u00f3leo e aditivos especiais de alta performance.<\/p>\n","protected":false},"featured_media":9804,"template":"","meta":[],"product_cat":[15],"product_tag":[],"class_list":{"0":"post-9803","1":"product","2":"type-product","3":"status-publish","4":"has-post-thumbnail","6":"product_cat-geral","8":"first","9":"instock","10":"shipping-taxable","11":"purchasable","12":"product-type-simple","13":"add-to-wishlist-after_add_to_cart"},"_links":{"self":[{"href":"https:\/\/catalogo.rcddistribuidora.com\/index.php?rest_route=\/wp\/v2\/product\/9803","targetHints":{"allow":["GET"]}}],"collection":[{"href":"https:\/\/catalogo.rcddistribuidora.com\/index.php?rest_route=\/wp\/v2\/product"}],"about":[{"href":"https:\/\/catalogo.rcddistribuidora.com\/index.php?rest_route=\/wp\/v2\/types\/product"}],"wp:featuredmedia":[{"embeddable":true,"href":"https:\/\/catalogo.rcddistribuidora.com\/index.php?rest_route=\/wp\/v2\/media\/9804"}],"wp:attachment":[{"href":"https:\/\/catalogo.rcddistribuidora.com\/index.php?rest_route=%2Fwp%2Fv2%2Fmedia&parent=9803"}],"wp:term":[{"taxonomy":"product_cat","embeddable":true,"href":"https:\/\/catalogo.rcddistribuidora.com\/index.php?rest_route=%2Fwp%2Fv2%2Fproduct_cat&post=9803"},{"taxonomy":"product_tag","embeddable":true,"href":"https:\/\/catalogo.rcddistribuidora.com\/index.php?rest_route=%2Fwp%2Fv2%2Fproduct_tag&post=9803"}],"curies":[{"name":"wp","href":"https:\/\/api.w.org\/{rel}","templated":true}]}}