{"id":9801,"date":"2024-11-14T13:32:52","date_gmt":"2024-11-14T16:32:52","guid":{"rendered":"https:\/\/catalogo.rcddistribuidora.com\/?post_type=product&#038;p=9801"},"modified":"2024-11-14T13:32:52","modified_gmt":"2024-11-14T16:32:52","slug":"therm100","status":"publish","type":"product","link":"https:\/\/catalogo.rcddistribuidora.com\/?product=therm100","title":{"rendered":"THERM100"},"content":{"rendered":"","protected":false},"excerpt":{"rendered":"<p><strong>FLU\u00cdDO PARA TRANSFER\u00caNCIA DE CALOR<\/strong><\/p>\n<p>DESCRI\u00c7\u00c3O, APLICA\u00c7\u00c3O E BENEF\u00cdCIOS:<\/p>\n<p>\u00d3leo para transfer\u00eancia de calor em sistemas circulat\u00f3rios de aquecimento indireto. Recomendado para sistemas abertos com temperaturas de opera\u00e7\u00e3o da ordem de 180 \u00baC a 200 \u00baC. Em sistemas fechados selados por g\u00e1s inerte. apresenta bom desempenho a temperaturas de at\u00e9 300 \u00baC. Possui elevada resist\u00eancia \u00e0 oxida\u00e7\u00e3o, reduzindo a forma\u00e7\u00e3o de borras e res\u00edduos por craqueamento t\u00e9rmico.<\/p>\n<p>COMPOSI\u00c7\u00c3O:<\/p>\n<p>Formulado com \u00f3leo mineral b\u00e1sico e aditivos especiais<\/p>\n","protected":false},"featured_media":9802,"template":"","meta":[],"product_cat":[15],"product_tag":[],"class_list":{"0":"post-9801","1":"product","2":"type-product","3":"status-publish","4":"has-post-thumbnail","6":"product_cat-geral","8":"first","9":"instock","10":"shipping-taxable","11":"purchasable","12":"product-type-simple","13":"add-to-wishlist-after_add_to_cart"},"_links":{"self":[{"href":"https:\/\/catalogo.rcddistribuidora.com\/index.php?rest_route=\/wp\/v2\/product\/9801","targetHints":{"allow":["GET"]}}],"collection":[{"href":"https:\/\/catalogo.rcddistribuidora.com\/index.php?rest_route=\/wp\/v2\/product"}],"about":[{"href":"https:\/\/catalogo.rcddistribuidora.com\/index.php?rest_route=\/wp\/v2\/types\/product"}],"wp:featuredmedia":[{"embeddable":true,"href":"https:\/\/catalogo.rcddistribuidora.com\/index.php?rest_route=\/wp\/v2\/media\/9802"}],"wp:attachment":[{"href":"https:\/\/catalogo.rcddistribuidora.com\/index.php?rest_route=%2Fwp%2Fv2%2Fmedia&parent=9801"}],"wp:term":[{"taxonomy":"product_cat","embeddable":true,"href":"https:\/\/catalogo.rcddistribuidora.com\/index.php?rest_route=%2Fwp%2Fv2%2Fproduct_cat&post=9801"},{"taxonomy":"product_tag","embeddable":true,"href":"https:\/\/catalogo.rcddistribuidora.com\/index.php?rest_route=%2Fwp%2Fv2%2Fproduct_tag&post=9801"}],"curies":[{"name":"wp","href":"https:\/\/api.w.org\/{rel}","templated":true}]}}