{"id":9797,"date":"2024-11-14T13:28:33","date_gmt":"2024-11-14T16:28:33","guid":{"rendered":"https:\/\/catalogo.rcddistribuidora.com\/?post_type=product&#038;p=9797"},"modified":"2024-11-14T13:28:33","modified_gmt":"2024-11-14T16:28:33","slug":"compressor-150","status":"publish","type":"product","link":"https:\/\/catalogo.rcddistribuidora.com\/?product=compressor-150","title":{"rendered":"COMPRESSOR 150"},"content":{"rendered":"","protected":false},"excerpt":{"rendered":"<p><strong>COMPRESSORES<\/strong><\/p>\n<p>DESCRI\u00c7\u00c3O, APLICA\u00c7\u00c3O E BENEF\u00cdCIOS:<\/p>\n<p>\u00d3leo lubrificante de base mineral para sistemas circulat\u00f3rios e hidr\u00e1ulicos. compressores de ar. mancais de deslizamentos e lubrifica\u00e7\u00e3o em geral. Recomendado para uso em compressores de ar tipo parafuso, palheta e pist\u00e3o.<\/p>\n<p>COMPOSI\u00c7\u00c3O:<\/p>\n<p>\u00d3leo mineral b\u00e1sico e aditivosespeciais de alta tecnologia.<\/p>\n","protected":false},"featured_media":9798,"template":"","meta":[],"product_cat":[15],"product_tag":[],"class_list":{"0":"post-9797","1":"product","2":"type-product","3":"status-publish","4":"has-post-thumbnail","6":"product_cat-geral","8":"first","9":"instock","10":"shipping-taxable","11":"purchasable","12":"product-type-simple","13":"add-to-wishlist-after_add_to_cart"},"_links":{"self":[{"href":"https:\/\/catalogo.rcddistribuidora.com\/index.php?rest_route=\/wp\/v2\/product\/9797","targetHints":{"allow":["GET"]}}],"collection":[{"href":"https:\/\/catalogo.rcddistribuidora.com\/index.php?rest_route=\/wp\/v2\/product"}],"about":[{"href":"https:\/\/catalogo.rcddistribuidora.com\/index.php?rest_route=\/wp\/v2\/types\/product"}],"wp:featuredmedia":[{"embeddable":true,"href":"https:\/\/catalogo.rcddistribuidora.com\/index.php?rest_route=\/wp\/v2\/media\/9798"}],"wp:attachment":[{"href":"https:\/\/catalogo.rcddistribuidora.com\/index.php?rest_route=%2Fwp%2Fv2%2Fmedia&parent=9797"}],"wp:term":[{"taxonomy":"product_cat","embeddable":true,"href":"https:\/\/catalogo.rcddistribuidora.com\/index.php?rest_route=%2Fwp%2Fv2%2Fproduct_cat&post=9797"},{"taxonomy":"product_tag","embeddable":true,"href":"https:\/\/catalogo.rcddistribuidora.com\/index.php?rest_route=%2Fwp%2Fv2%2Fproduct_tag&post=9797"}],"curies":[{"name":"wp","href":"https:\/\/api.w.org\/{rel}","templated":true}]}}