{"id":9795,"date":"2024-11-14T13:26:36","date_gmt":"2024-11-14T16:26:36","guid":{"rendered":"https:\/\/catalogo.rcddistribuidora.com\/?post_type=product&#038;p=9795"},"modified":"2024-11-14T13:26:36","modified_gmt":"2024-11-14T16:26:36","slug":"ordenhadeira","status":"publish","type":"product","link":"https:\/\/catalogo.rcddistribuidora.com\/?product=ordenhadeira","title":{"rendered":"ORDENHADEIRA"},"content":{"rendered":"","protected":false},"excerpt":{"rendered":"<p><strong>AGROINDUSTRIAL<\/strong><\/p>\n<p><strong>ISO VG68<\/strong><\/p>\n<p>DESCRI\u00c7\u00c3O, APLICA\u00c7\u00c3O E BENEF\u00cdCIOS:<\/p>\n<p>\u00d3leo mineral de alta qualidade especialmente desenvolvido para lubrifica\u00e7\u00e3o de bombas de v\u00e1cuo de ordenhadeiras. Grau de viscosidade ISO VG 68.<\/p>\n<p>COMPOSI\u00c7\u00c3O:<\/p>\n<p>\u00d3leos minerais paraf\u00ednicos, e com aditiv&lt; anticorrosivo, antioxidante e antiespumante que lhe garantem uma excelente prote\u00e7\u00e3o contra o desgaste, corros\u00e3o e a oxida\u00e7\u00e3o. sua cor vermelha facilita a sua identifica\u00e7\u00e3o. ou um poss\u00edvel vazamento.<\/p>\n","protected":false},"featured_media":9796,"template":"","meta":[],"product_cat":[15],"product_tag":[],"class_list":{"0":"post-9795","1":"product","2":"type-product","3":"status-publish","4":"has-post-thumbnail","6":"product_cat-geral","8":"first","9":"instock","10":"shipping-taxable","11":"purchasable","12":"product-type-simple","13":"add-to-wishlist-after_add_to_cart"},"_links":{"self":[{"href":"https:\/\/catalogo.rcddistribuidora.com\/index.php?rest_route=\/wp\/v2\/product\/9795","targetHints":{"allow":["GET"]}}],"collection":[{"href":"https:\/\/catalogo.rcddistribuidora.com\/index.php?rest_route=\/wp\/v2\/product"}],"about":[{"href":"https:\/\/catalogo.rcddistribuidora.com\/index.php?rest_route=\/wp\/v2\/types\/product"}],"wp:featuredmedia":[{"embeddable":true,"href":"https:\/\/catalogo.rcddistribuidora.com\/index.php?rest_route=\/wp\/v2\/media\/9796"}],"wp:attachment":[{"href":"https:\/\/catalogo.rcddistribuidora.com\/index.php?rest_route=%2Fwp%2Fv2%2Fmedia&parent=9795"}],"wp:term":[{"taxonomy":"product_cat","embeddable":true,"href":"https:\/\/catalogo.rcddistribuidora.com\/index.php?rest_route=%2Fwp%2Fv2%2Fproduct_cat&post=9795"},{"taxonomy":"product_tag","embeddable":true,"href":"https:\/\/catalogo.rcddistribuidora.com\/index.php?rest_route=%2Fwp%2Fv2%2Fproduct_tag&post=9795"}],"curies":[{"name":"wp","href":"https:\/\/api.w.org\/{rel}","templated":true}]}}