{"id":9793,"date":"2024-11-14T13:24:54","date_gmt":"2024-11-14T16:24:54","guid":{"rendered":"https:\/\/catalogo.rcddistribuidora.com\/?post_type=product&#038;p=9793"},"modified":"2024-11-14T13:24:54","modified_gmt":"2024-11-14T16:24:54","slug":"lynus68","status":"publish","type":"product","link":"https:\/\/catalogo.rcddistribuidora.com\/?product=lynus68","title":{"rendered":"LYNUS68"},"content":{"rendered":"","protected":false},"excerpt":{"rendered":"<p><strong>DIN 51502 (CGLP)<\/strong><\/p>\n<p>DESCRI\u00c7\u00c3O, APLICA\u00c7\u00c3O E BENEF\u00cdCIOS:<\/p>\n<p>Formulado com \u00f3leo mineral com aditivos do tipo antidesgaste, extrema press\u00e3o, antioxidante e antigoteiante<\/p>\n<p>-Grande resist\u00eancia a choques e press\u00f5es que combinados com o deslizamento nas guiasdas mesas de m\u00e1quinas operatrizes, tendem a romper o filme de \u00f3leo;<\/p>\n<p>-Possui agentes de alta adesividade e propriedades antigotejantes;<\/p>\n<p>COMPOSI\u00c7\u00c3O:<\/p>\n<p>Formulado com \u00f3leos minerais paraf\u00ednicos derivado de petr\u00f3leo e aditivos especiais de alta performance.<\/p>\n","protected":false},"featured_media":9794,"template":"","meta":[],"product_cat":[15],"product_tag":[],"class_list":{"0":"post-9793","1":"product","2":"type-product","3":"status-publish","4":"has-post-thumbnail","6":"product_cat-geral","8":"first","9":"instock","10":"shipping-taxable","11":"purchasable","12":"product-type-simple","13":"add-to-wishlist-after_add_to_cart"},"_links":{"self":[{"href":"https:\/\/catalogo.rcddistribuidora.com\/index.php?rest_route=\/wp\/v2\/product\/9793","targetHints":{"allow":["GET"]}}],"collection":[{"href":"https:\/\/catalogo.rcddistribuidora.com\/index.php?rest_route=\/wp\/v2\/product"}],"about":[{"href":"https:\/\/catalogo.rcddistribuidora.com\/index.php?rest_route=\/wp\/v2\/types\/product"}],"wp:featuredmedia":[{"embeddable":true,"href":"https:\/\/catalogo.rcddistribuidora.com\/index.php?rest_route=\/wp\/v2\/media\/9794"}],"wp:attachment":[{"href":"https:\/\/catalogo.rcddistribuidora.com\/index.php?rest_route=%2Fwp%2Fv2%2Fmedia&parent=9793"}],"wp:term":[{"taxonomy":"product_cat","embeddable":true,"href":"https:\/\/catalogo.rcddistribuidora.com\/index.php?rest_route=%2Fwp%2Fv2%2Fproduct_cat&post=9793"},{"taxonomy":"product_tag","embeddable":true,"href":"https:\/\/catalogo.rcddistribuidora.com\/index.php?rest_route=%2Fwp%2Fv2%2Fproduct_tag&post=9793"}],"curies":[{"name":"wp","href":"https:\/\/api.w.org\/{rel}","templated":true}]}}