{"id":9787,"date":"2024-11-14T13:19:02","date_gmt":"2024-11-14T16:19:02","guid":{"rendered":"https:\/\/catalogo.rcddistribuidora.com\/?post_type=product&#038;p=9787"},"modified":"2024-11-14T13:19:02","modified_gmt":"2024-11-14T16:19:02","slug":"tasa-atf-10w","status":"publish","type":"product","link":"https:\/\/catalogo.rcddistribuidora.com\/?product=tasa-atf-10w","title":{"rendered":"TASA ATF 10W"},"content":{"rendered":"","protected":false},"excerpt":{"rendered":"<p><strong>TASA TIPO A<\/strong><\/p>\n<p>DESCRI\u00c7\u00c3O, APLICA\u00c7\u00c3O E BENEF\u00cdCIOS:<\/p>\n<p>\u00d3leo lubrificante indicado para sistemas de dire\u00e7\u00e3o hidr\u00e1ulica. Maior prote\u00e7\u00e3o contra oxida\u00e7\u00e3o e alto \u00edndice de viscosidade com baixo ponto de fluidez. Alta capacidade de controle de atrito. Estabilidade ao cisalhamento em altas temperaturas.<\/p>\n<p>COMPOSI\u00c7\u00c3O:<\/p>\n<p>\u00d3leo mineral parafinado derivado de petr\u00f3leo com aditivos: antidesgaste, antioxidante, anticorrosivo, antiespumante e detergente dispersante.<\/p>\n","protected":false},"featured_media":9788,"template":"","meta":[],"product_cat":[15],"product_tag":[],"class_list":{"0":"post-9787","1":"product","2":"type-product","3":"status-publish","4":"has-post-thumbnail","6":"product_cat-geral","8":"first","9":"instock","10":"shipping-taxable","11":"purchasable","12":"product-type-simple","13":"add-to-wishlist-after_add_to_cart"},"_links":{"self":[{"href":"https:\/\/catalogo.rcddistribuidora.com\/index.php?rest_route=\/wp\/v2\/product\/9787","targetHints":{"allow":["GET"]}}],"collection":[{"href":"https:\/\/catalogo.rcddistribuidora.com\/index.php?rest_route=\/wp\/v2\/product"}],"about":[{"href":"https:\/\/catalogo.rcddistribuidora.com\/index.php?rest_route=\/wp\/v2\/types\/product"}],"wp:featuredmedia":[{"embeddable":true,"href":"https:\/\/catalogo.rcddistribuidora.com\/index.php?rest_route=\/wp\/v2\/media\/9788"}],"wp:attachment":[{"href":"https:\/\/catalogo.rcddistribuidora.com\/index.php?rest_route=%2Fwp%2Fv2%2Fmedia&parent=9787"}],"wp:term":[{"taxonomy":"product_cat","embeddable":true,"href":"https:\/\/catalogo.rcddistribuidora.com\/index.php?rest_route=%2Fwp%2Fv2%2Fproduct_cat&post=9787"},{"taxonomy":"product_tag","embeddable":true,"href":"https:\/\/catalogo.rcddistribuidora.com\/index.php?rest_route=%2Fwp%2Fv2%2Fproduct_tag&post=9787"}],"curies":[{"name":"wp","href":"https:\/\/api.w.org\/{rel}","templated":true}]}}