{"id":9783,"date":"2024-11-14T13:11:06","date_gmt":"2024-11-14T16:11:06","guid":{"rendered":"https:\/\/catalogo.rcddistribuidora.com\/?post_type=product&#038;p=9783"},"modified":"2024-11-14T13:11:06","modified_gmt":"2024-11-14T16:11:06","slug":"gear-iso-vg-320","status":"publish","type":"product","link":"https:\/\/catalogo.rcddistribuidora.com\/?product=gear-iso-vg-320","title":{"rendered":"GEAR ISO VG 320"},"content":{"rendered":"","protected":false},"excerpt":{"rendered":"<p><strong>DIN 51517-2<\/strong><\/p>\n<p>DESCRI\u00c7\u00c3O, APLICA\u00c7\u00c3O E BENEF\u00cdCIOS:<\/p>\n<p>\u00d3leo mineral de alta performance indicado especialmente para lubrifica\u00e7\u00e3o geral de m\u00e1quinas e equipamentos industriais, tais como: sistema de circula\u00e7\u00e3o, caixas redutoras. mancais planos e quaisquer outras aplica\u00e7\u00f5es onde se fa\u00e7a necess\u00e1rio um lubrificante com esta caracter\u00edstica.<\/p>\n<p>Proporciona prote\u00e7\u00e3o antidesgaste. anticorrosivo. antioxidante. antiespumante. demulsificante. Possui excelente compatibilidade com os materiais de veda\u00e7\u00e3o. tais como. retentares. an\u00e9is e demais componentes de borracha ou pl\u00e1stico existente no sistema. Eficiente prote\u00e7\u00e3o contra a corros\u00e3o das partes met\u00e1licas.<\/p>\n<p>Evita a forma\u00e7\u00e3o de espuma, prejudicial ao sistema. garantindo um perfeito funcionamento. Evita a oxida\u00e7\u00e3o prematura do produto e tem \u00f3tima propriedade de demulsibilidade. Excelente lubricidade e elevada estabilidade t\u00e9rmica.<\/p>\n<p>COMPOSI\u00c7\u00c3O:<\/p>\n<p>Formulado com \u00f3leos minerais paraf\u00ednicos derivado de petr\u00f3leo e aditivos especiais de alta performance.<\/p>\n","protected":false},"featured_media":9784,"template":"","meta":[],"product_cat":[15],"product_tag":[],"class_list":{"0":"post-9783","1":"product","2":"type-product","3":"status-publish","4":"has-post-thumbnail","6":"product_cat-geral","8":"first","9":"instock","10":"shipping-taxable","11":"purchasable","12":"product-type-simple","13":"add-to-wishlist-after_add_to_cart"},"_links":{"self":[{"href":"https:\/\/catalogo.rcddistribuidora.com\/index.php?rest_route=\/wp\/v2\/product\/9783","targetHints":{"allow":["GET"]}}],"collection":[{"href":"https:\/\/catalogo.rcddistribuidora.com\/index.php?rest_route=\/wp\/v2\/product"}],"about":[{"href":"https:\/\/catalogo.rcddistribuidora.com\/index.php?rest_route=\/wp\/v2\/types\/product"}],"wp:featuredmedia":[{"embeddable":true,"href":"https:\/\/catalogo.rcddistribuidora.com\/index.php?rest_route=\/wp\/v2\/media\/9784"}],"wp:attachment":[{"href":"https:\/\/catalogo.rcddistribuidora.com\/index.php?rest_route=%2Fwp%2Fv2%2Fmedia&parent=9783"}],"wp:term":[{"taxonomy":"product_cat","embeddable":true,"href":"https:\/\/catalogo.rcddistribuidora.com\/index.php?rest_route=%2Fwp%2Fv2%2Fproduct_cat&post=9783"},{"taxonomy":"product_tag","embeddable":true,"href":"https:\/\/catalogo.rcddistribuidora.com\/index.php?rest_route=%2Fwp%2Fv2%2Fproduct_tag&post=9783"}],"curies":[{"name":"wp","href":"https:\/\/api.w.org\/{rel}","templated":true}]}}