{"id":9781,"date":"2024-11-14T13:05:35","date_gmt":"2024-11-14T16:05:35","guid":{"rendered":"https:\/\/catalogo.rcddistribuidora.com\/?post_type=product&#038;p=9781"},"modified":"2024-11-14T13:05:35","modified_gmt":"2024-11-14T16:05:35","slug":"sol-m01","status":"publish","type":"product","link":"https:\/\/catalogo.rcddistribuidora.com\/?product=sol-m01","title":{"rendered":"SOL M01"},"content":{"rendered":"","protected":false},"excerpt":{"rendered":"<p><strong>DIVERSAS APLICA\u00c7\u00d5ES INDUSTRIAIS DE TRABALHO LEVE<\/strong><\/p>\n<p>DESCRI\u00c7\u00c3O, APLICA\u00c7\u00c3O E BENEF\u00cdCIOS:<\/p>\n<p>\u00d3leo de corte emulsion\u00e1vel, recomendado para pera\u00e7\u00f5es de usinagem (fura\u00e7\u00e3o. aplainamento de desbaste e acabamento. torneamento interno e externo, frezagem, corte a frio), em materiais facilmente usin\u00e1veis, onde o resfriamento \u00e9 a fun\u00e7\u00e3o mais importante. Pode ser utilizado para todos os metais, com exce\u00e7\u00e3o do magn\u00e9sio.<\/p>\n<p>COMPOSI\u00c7\u00c3O:<\/p>\n<p>\u00d3leo mineral derivado de petr\u00f3leo e aditivos especiais de alta tecnologia.<\/p>\n","protected":false},"featured_media":9782,"template":"","meta":[],"product_cat":[15],"product_tag":[],"class_list":{"0":"post-9781","1":"product","2":"type-product","3":"status-publish","4":"has-post-thumbnail","6":"product_cat-geral","8":"first","9":"instock","10":"shipping-taxable","11":"purchasable","12":"product-type-simple","13":"add-to-wishlist-after_add_to_cart"},"_links":{"self":[{"href":"https:\/\/catalogo.rcddistribuidora.com\/index.php?rest_route=\/wp\/v2\/product\/9781","targetHints":{"allow":["GET"]}}],"collection":[{"href":"https:\/\/catalogo.rcddistribuidora.com\/index.php?rest_route=\/wp\/v2\/product"}],"about":[{"href":"https:\/\/catalogo.rcddistribuidora.com\/index.php?rest_route=\/wp\/v2\/types\/product"}],"wp:featuredmedia":[{"embeddable":true,"href":"https:\/\/catalogo.rcddistribuidora.com\/index.php?rest_route=\/wp\/v2\/media\/9782"}],"wp:attachment":[{"href":"https:\/\/catalogo.rcddistribuidora.com\/index.php?rest_route=%2Fwp%2Fv2%2Fmedia&parent=9781"}],"wp:term":[{"taxonomy":"product_cat","embeddable":true,"href":"https:\/\/catalogo.rcddistribuidora.com\/index.php?rest_route=%2Fwp%2Fv2%2Fproduct_cat&post=9781"},{"taxonomy":"product_tag","embeddable":true,"href":"https:\/\/catalogo.rcddistribuidora.com\/index.php?rest_route=%2Fwp%2Fv2%2Fproduct_tag&post=9781"}],"curies":[{"name":"wp","href":"https:\/\/api.w.org\/{rel}","templated":true}]}}