{"id":9777,"date":"2024-11-14T12:56:58","date_gmt":"2024-11-14T15:56:58","guid":{"rendered":"https:\/\/catalogo.rcddistribuidora.com\/?post_type=product&#038;p=9777"},"modified":"2024-11-14T12:58:42","modified_gmt":"2024-11-14T15:58:42","slug":"sl-aw","status":"publish","type":"product","link":"https:\/\/catalogo.rcddistribuidora.com\/?product=sl-aw","title":{"rendered":"SL 32 AW ISO VG 32"},"content":{"rendered":"","protected":false},"excerpt":{"rendered":"<p><strong>DIN 51524 Part 2 (HLP) \/ ISO 11158<\/strong><\/p>\n<p><strong>Categories HM and HV \/ ASTM D 6158 Type<\/strong><\/p>\n<p><strong>HM and HV \/ SAE M 5100<\/strong><\/p>\n<p><strong>MOTOR ESTACION\u00c1RIO<\/strong><\/p>\n<p>DESCRI\u00c7\u00c3O, APLICA\u00c7\u00c3O E BENEF\u00cdCIOS:<\/p>\n<p>\u00d3leo lubrificante mineral monoviscoso e multiviscoso para motores \u00e0 diesel. Proporciona \u00f3tima lubrifica\u00e7\u00e3o do motor estacion\u00e1rio. Sua aditiva\u00e7\u00e3o protege contra o desgaste precoce das pe\u00e7as. Indicado para motores estacion\u00e1rios.<\/p>\n<p>COMPOSI\u00c7\u00c3O:<\/p>\n<p>\u00d3leo mineral b\u00e1sico e aditivos especiais de alta tecnologia.<\/p>\n","protected":false},"featured_media":9778,"template":"","meta":[],"product_cat":[15],"product_tag":[],"class_list":{"0":"post-9777","1":"product","2":"type-product","3":"status-publish","4":"has-post-thumbnail","6":"product_cat-geral","8":"first","9":"instock","10":"shipping-taxable","11":"purchasable","12":"product-type-simple","13":"add-to-wishlist-after_add_to_cart"},"_links":{"self":[{"href":"https:\/\/catalogo.rcddistribuidora.com\/index.php?rest_route=\/wp\/v2\/product\/9777","targetHints":{"allow":["GET"]}}],"collection":[{"href":"https:\/\/catalogo.rcddistribuidora.com\/index.php?rest_route=\/wp\/v2\/product"}],"about":[{"href":"https:\/\/catalogo.rcddistribuidora.com\/index.php?rest_route=\/wp\/v2\/types\/product"}],"wp:featuredmedia":[{"embeddable":true,"href":"https:\/\/catalogo.rcddistribuidora.com\/index.php?rest_route=\/wp\/v2\/media\/9778"}],"wp:attachment":[{"href":"https:\/\/catalogo.rcddistribuidora.com\/index.php?rest_route=%2Fwp%2Fv2%2Fmedia&parent=9777"}],"wp:term":[{"taxonomy":"product_cat","embeddable":true,"href":"https:\/\/catalogo.rcddistribuidora.com\/index.php?rest_route=%2Fwp%2Fv2%2Fproduct_cat&post=9777"},{"taxonomy":"product_tag","embeddable":true,"href":"https:\/\/catalogo.rcddistribuidora.com\/index.php?rest_route=%2Fwp%2Fv2%2Fproduct_tag&post=9777"}],"curies":[{"name":"wp","href":"https:\/\/api.w.org\/{rel}","templated":true}]}}