{"id":9775,"date":"2024-11-14T12:53:25","date_gmt":"2024-11-14T15:53:25","guid":{"rendered":"https:\/\/catalogo.rcddistribuidora.com\/?post_type=product&#038;p=9775"},"modified":"2024-11-14T12:53:25","modified_gmt":"2024-11-14T15:53:25","slug":"ip-aw-din-51524-part-1-hl","status":"publish","type":"product","link":"https:\/\/catalogo.rcddistribuidora.com\/?product=ip-aw-din-51524-part-1-hl","title":{"rendered":"IP AW DIN 51524 Part 1 (HL)"},"content":{"rendered":"","protected":false},"excerpt":{"rendered":"<p>DESCRI\u00c7\u00c3O, APLICA\u00c7\u00c3O E BENEF\u00cdCIOS:<\/p>\n<p>\u00d3leo lubrificante mineral para sistemas hidr\u00e1ulicos. Tem boa resist\u00eancia \u00e0 corros\u00e3o e ferrugem, protegendo as partes lubrificadas mesmo a baixas temperaturas.<\/p>\n<p>COMPOSI\u00c7\u00c3O:<\/p>\n<p>\u00d3leo mineral b\u00e1sico e aditivos<\/p>\n","protected":false},"featured_media":9776,"template":"","meta":[],"product_cat":[15],"product_tag":[],"class_list":{"0":"post-9775","1":"product","2":"type-product","3":"status-publish","4":"has-post-thumbnail","6":"product_cat-geral","8":"first","9":"instock","10":"shipping-taxable","11":"purchasable","12":"product-type-simple","13":"add-to-wishlist-after_add_to_cart"},"_links":{"self":[{"href":"https:\/\/catalogo.rcddistribuidora.com\/index.php?rest_route=\/wp\/v2\/product\/9775","targetHints":{"allow":["GET"]}}],"collection":[{"href":"https:\/\/catalogo.rcddistribuidora.com\/index.php?rest_route=\/wp\/v2\/product"}],"about":[{"href":"https:\/\/catalogo.rcddistribuidora.com\/index.php?rest_route=\/wp\/v2\/types\/product"}],"wp:featuredmedia":[{"embeddable":true,"href":"https:\/\/catalogo.rcddistribuidora.com\/index.php?rest_route=\/wp\/v2\/media\/9776"}],"wp:attachment":[{"href":"https:\/\/catalogo.rcddistribuidora.com\/index.php?rest_route=%2Fwp%2Fv2%2Fmedia&parent=9775"}],"wp:term":[{"taxonomy":"product_cat","embeddable":true,"href":"https:\/\/catalogo.rcddistribuidora.com\/index.php?rest_route=%2Fwp%2Fv2%2Fproduct_cat&post=9775"},{"taxonomy":"product_tag","embeddable":true,"href":"https:\/\/catalogo.rcddistribuidora.com\/index.php?rest_route=%2Fwp%2Fv2%2Fproduct_tag&post=9775"}],"curies":[{"name":"wp","href":"https:\/\/api.w.org\/{rel}","templated":true}]}}