{"id":9771,"date":"2024-11-14T12:50:41","date_gmt":"2024-11-14T15:50:41","guid":{"rendered":"https:\/\/catalogo.rcddistribuidora.com\/?post_type=product&#038;p=9771"},"modified":"2024-11-14T13:38:57","modified_gmt":"2024-11-14T16:38:57","slug":"dm-estacionario-motor-estacionario","status":"publish","type":"product","link":"https:\/\/catalogo.rcddistribuidora.com\/?product=dm-estacionario-motor-estacionario","title":{"rendered":"DM Estacion\u00e1rio"},"content":{"rendered":"","protected":false},"excerpt":{"rendered":"<p><strong>MOTOR ESTACION\u00c1RIO<\/strong><\/p>\n<p>DESCRI\u00c7\u00c3O, APLICA\u00c7\u00c3O E BENEF\u00cdCIOS:<\/p>\n<p>\u00d3leo lubrificante mineral monoviscoso e multiviscoso para motores \u00e0 diesel. Proporciona \u00f3tima lubrifica\u00e7\u00e3o do motor estacion\u00e1rio. Sua aditiva\u00e7\u00e3o protege contra o desgaste precoce das pe\u00e7as. Indicado para motores estacion\u00e1rios.<\/p>\n<p>COMPOSI\u00c7\u00c3O:<\/p>\n<p>\u00d3leo mineral b\u00e1sico e aditivos especiais de alta tecnologia.<\/p>\n","protected":false},"featured_media":9772,"template":"","meta":[],"product_cat":[15],"product_tag":[],"class_list":{"0":"post-9771","1":"product","2":"type-product","3":"status-publish","4":"has-post-thumbnail","6":"product_cat-geral","8":"first","9":"instock","10":"shipping-taxable","11":"purchasable","12":"product-type-simple","13":"add-to-wishlist-after_add_to_cart"},"_links":{"self":[{"href":"https:\/\/catalogo.rcddistribuidora.com\/index.php?rest_route=\/wp\/v2\/product\/9771","targetHints":{"allow":["GET"]}}],"collection":[{"href":"https:\/\/catalogo.rcddistribuidora.com\/index.php?rest_route=\/wp\/v2\/product"}],"about":[{"href":"https:\/\/catalogo.rcddistribuidora.com\/index.php?rest_route=\/wp\/v2\/types\/product"}],"wp:featuredmedia":[{"embeddable":true,"href":"https:\/\/catalogo.rcddistribuidora.com\/index.php?rest_route=\/wp\/v2\/media\/9772"}],"wp:attachment":[{"href":"https:\/\/catalogo.rcddistribuidora.com\/index.php?rest_route=%2Fwp%2Fv2%2Fmedia&parent=9771"}],"wp:term":[{"taxonomy":"product_cat","embeddable":true,"href":"https:\/\/catalogo.rcddistribuidora.com\/index.php?rest_route=%2Fwp%2Fv2%2Fproduct_cat&post=9771"},{"taxonomy":"product_tag","embeddable":true,"href":"https:\/\/catalogo.rcddistribuidora.com\/index.php?rest_route=%2Fwp%2Fv2%2Fproduct_tag&post=9771"}],"curies":[{"name":"wp","href":"https:\/\/api.w.org\/{rel}","templated":true}]}}