{"id":9765,"date":"2024-11-14T12:39:24","date_gmt":"2024-11-14T15:39:24","guid":{"rendered":"https:\/\/catalogo.rcddistribuidora.com\/?post_type=product&#038;p=9765"},"modified":"2024-11-14T12:39:24","modified_gmt":"2024-11-14T15:39:24","slug":"graxa-chassis-ca2","status":"publish","type":"product","link":"https:\/\/catalogo.rcddistribuidora.com\/?product=graxa-chassis-ca2","title":{"rendered":"GRAXA CHASSIS Ca2"},"content":{"rendered":"","protected":false},"excerpt":{"rendered":"<p><strong>GRAXA DE C\u00c1LCIO PARA SISTEMAS CENTRALIZADOS, BOMBAS PNEUM\u00c1TICAS E LUBRIFICADORES<\/strong><\/p>\n<p>INDICA\u00c7\u00c3O:<\/p>\n<p>Recomendada para a lubrifica\u00e7\u00e3o de pinos de chassis e mancais de deslizamento, que n\u00e3o ultrapassem a temperatura de trabalho maior que 70\u00b0C.<\/p>\n<p>DESCRI\u00c7\u00c3O E BENEF\u00cdCIOS:<\/p>\n<p>Formulado com \u00f3leos minerais paraf\u00ednico, derivado de petr\u00f3leo, sab\u00e3o met\u00e1lico de c\u00e1lcio e aditivos especiais de alta performance. Possui elevada resist\u00eancia \u00e0 a\u00e7\u00e3o de lavagem da \u00e1gua, e umidade em geral; excelente ader\u00eancia nas superf\u00edcies met\u00e1licas; elevada bombeabilidade, capacitando o produto a ser aplicado atrav\u00e9s de pistolas, lubrificadores mec\u00e2nicos e sistemas centralizado de lubrifica\u00e7\u00e3o; elevada resist\u00eancia \u00e0 oxida\u00e7\u00e3o; elevada manuten\u00e7\u00e3o de sua consist\u00eancia, mesmo trabalhando.<\/p>\n","protected":false},"featured_media":9766,"template":"","meta":[],"product_cat":[15],"product_tag":[],"class_list":{"0":"post-9765","1":"product","2":"type-product","3":"status-publish","4":"has-post-thumbnail","6":"product_cat-geral","8":"first","9":"instock","10":"shipping-taxable","11":"purchasable","12":"product-type-simple","13":"add-to-wishlist-after_add_to_cart"},"_links":{"self":[{"href":"https:\/\/catalogo.rcddistribuidora.com\/index.php?rest_route=\/wp\/v2\/product\/9765","targetHints":{"allow":["GET"]}}],"collection":[{"href":"https:\/\/catalogo.rcddistribuidora.com\/index.php?rest_route=\/wp\/v2\/product"}],"about":[{"href":"https:\/\/catalogo.rcddistribuidora.com\/index.php?rest_route=\/wp\/v2\/types\/product"}],"wp:featuredmedia":[{"embeddable":true,"href":"https:\/\/catalogo.rcddistribuidora.com\/index.php?rest_route=\/wp\/v2\/media\/9766"}],"wp:attachment":[{"href":"https:\/\/catalogo.rcddistribuidora.com\/index.php?rest_route=%2Fwp%2Fv2%2Fmedia&parent=9765"}],"wp:term":[{"taxonomy":"product_cat","embeddable":true,"href":"https:\/\/catalogo.rcddistribuidora.com\/index.php?rest_route=%2Fwp%2Fv2%2Fproduct_cat&post=9765"},{"taxonomy":"product_tag","embeddable":true,"href":"https:\/\/catalogo.rcddistribuidora.com\/index.php?rest_route=%2Fwp%2Fv2%2Fproduct_tag&post=9765"}],"curies":[{"name":"wp","href":"https:\/\/api.w.org\/{rel}","templated":true}]}}