{"id":9757,"date":"2024-11-14T11:44:36","date_gmt":"2024-11-14T14:44:36","guid":{"rendered":"https:\/\/catalogo.rcddistribuidora.com\/?post_type=product&#038;p=9757"},"modified":"2024-11-14T11:44:36","modified_gmt":"2024-11-14T14:44:36","slug":"action-flush","status":"publish","type":"product","link":"https:\/\/catalogo.rcddistribuidora.com\/?product=action-flush","title":{"rendered":"Action Flush"},"content":{"rendered":"","protected":false},"excerpt":{"rendered":"<p><b>ACTION FLUSH\u00a0<\/b>\u00e9 um aditivo superconcentrado que age na limpeza e descontamina\u00e7\u00e3o do sistema de arrefecimento do motor. Possui uma f\u00f3rmula exclusiva que proporciona uma eficiente limpeza de forma r\u00e1pida sem qualquer dano ao sistema.<br \/>\n<b>BENEF\u00cdCIOS:<\/b>\u00a0Remo\u00e7\u00e3o completa de dep\u00f3sitos no sistema de arrefecimento. Restaura\u00e7\u00e3o do desempenho do radiador. 100% compat\u00edvel com todos os sistemas de arrefecimento e todos os Aditivos de Arrefecimento, possui baixa forma\u00e7\u00e3o de espuma para facilitar o enxague.<br \/>\n<b>INSTRU\u00c7\u00d5ES DE USO:<\/b>\u00a0Para ve\u00edculos leves: completar o sistema com \u00e1gua limpa e adicionar um frasco do ACTION FLUSH. Para ve\u00edculos pesados: completar o sistema com \u00e1gua limpa e a cada 10 litros de \u00e1gua utilizar um frasco do ACTION FLUSH. Ligar o motor e deix\u00e1-lo funcionar por no m\u00ednimo 15 minutos, esvaziar o sistema para drenar as impurezas e lav\u00e1-lo at\u00e9 sair \u00e1gua limpa.<br \/>\nProduto qu\u00edmico n\u00e3o classificado como perigoso de acordo com a norma\u00a0<b>ABNT NBR 14725-2.<\/b><\/p>\n","protected":false},"featured_media":9758,"template":"","meta":[],"product_cat":[109],"product_tag":[],"class_list":{"0":"post-9757","1":"product","2":"type-product","3":"status-publish","4":"has-post-thumbnail","6":"product_cat-aditivos","8":"first","9":"instock","10":"shipping-taxable","11":"purchasable","12":"product-type-simple","13":"add-to-wishlist-after_add_to_cart"},"_links":{"self":[{"href":"https:\/\/catalogo.rcddistribuidora.com\/index.php?rest_route=\/wp\/v2\/product\/9757","targetHints":{"allow":["GET"]}}],"collection":[{"href":"https:\/\/catalogo.rcddistribuidora.com\/index.php?rest_route=\/wp\/v2\/product"}],"about":[{"href":"https:\/\/catalogo.rcddistribuidora.com\/index.php?rest_route=\/wp\/v2\/types\/product"}],"wp:featuredmedia":[{"embeddable":true,"href":"https:\/\/catalogo.rcddistribuidora.com\/index.php?rest_route=\/wp\/v2\/media\/9758"}],"wp:attachment":[{"href":"https:\/\/catalogo.rcddistribuidora.com\/index.php?rest_route=%2Fwp%2Fv2%2Fmedia&parent=9757"}],"wp:term":[{"taxonomy":"product_cat","embeddable":true,"href":"https:\/\/catalogo.rcddistribuidora.com\/index.php?rest_route=%2Fwp%2Fv2%2Fproduct_cat&post=9757"},{"taxonomy":"product_tag","embeddable":true,"href":"https:\/\/catalogo.rcddistribuidora.com\/index.php?rest_route=%2Fwp%2Fv2%2Fproduct_tag&post=9757"}],"curies":[{"name":"wp","href":"https:\/\/api.w.org\/{rel}","templated":true}]}}