{"id":9755,"date":"2024-11-14T11:43:03","date_gmt":"2024-11-14T14:43:03","guid":{"rendered":"https:\/\/catalogo.rcddistribuidora.com\/?post_type=product&#038;p=9755"},"modified":"2024-11-14T11:43:03","modified_gmt":"2024-11-14T14:43:03","slug":"limpador-de-para-brisa","status":"publish","type":"product","link":"https:\/\/catalogo.rcddistribuidora.com\/?product=limpador-de-para-brisa","title":{"rendered":"Limpador De Para-Brisa"},"content":{"rendered":"","protected":false},"excerpt":{"rendered":"<p>Aditivo a ser adicionado no reservat\u00f3rio de \u00e1gua do limpador de para-brisa, melhorando a propriedade de limpeza em rela\u00e7\u00e3o \u00e0 \u00e1gua pura.<\/p>\n<p>Como resultado de uma limpeza eficiente, o motorista tem uma vis\u00e3o mais segura.<\/p>\n<p>O produto limpa o para-brisas, seca com rapidez e atua na remo\u00e7\u00e3o de res\u00edduos, fuligem, maresia, insetos, poeira, gordura e neblina, reduzindo a fadiga visual e atua com fun\u00e7\u00e3o antiemba\u00e7ante.<\/p>\n<p>Al\u00e9m de remover a sujeira impregnada no para-brisas sem atacar componentes de borracha, materiais pl\u00e1sticos e sem causar manchas na pintura automotiva, contribui tamb\u00e9m com a preserva\u00e7\u00e3o do ve\u00edculo, evitando poss\u00edveis danos, protegendo e aumentando a vida \u00fatil das palhetas, evitando poss\u00edveis riscos no para-brisa.<\/p>\n<div class=\"addtoany_share_save_container addtoany_content addtoany_content_bottom\"><strong>Indica\u00e7\u00f5es:<\/strong><\/div>\n<div class=\"list-details\">\n<div class=\"list\">\n<ul>\n<li>autom\u00f3veis<\/li>\n<li>caminh\u00f5es<\/li>\n<li>equipamentos agr\u00edcolas<\/li>\n<\/ul>\n<\/div>\n<\/div>\n","protected":false},"featured_media":9756,"template":"","meta":[],"product_cat":[109],"product_tag":[],"class_list":{"0":"post-9755","1":"product","2":"type-product","3":"status-publish","4":"has-post-thumbnail","6":"product_cat-aditivos","8":"first","9":"instock","10":"shipping-taxable","11":"purchasable","12":"product-type-simple","13":"add-to-wishlist-after_add_to_cart"},"_links":{"self":[{"href":"https:\/\/catalogo.rcddistribuidora.com\/index.php?rest_route=\/wp\/v2\/product\/9755","targetHints":{"allow":["GET"]}}],"collection":[{"href":"https:\/\/catalogo.rcddistribuidora.com\/index.php?rest_route=\/wp\/v2\/product"}],"about":[{"href":"https:\/\/catalogo.rcddistribuidora.com\/index.php?rest_route=\/wp\/v2\/types\/product"}],"wp:featuredmedia":[{"embeddable":true,"href":"https:\/\/catalogo.rcddistribuidora.com\/index.php?rest_route=\/wp\/v2\/media\/9756"}],"wp:attachment":[{"href":"https:\/\/catalogo.rcddistribuidora.com\/index.php?rest_route=%2Fwp%2Fv2%2Fmedia&parent=9755"}],"wp:term":[{"taxonomy":"product_cat","embeddable":true,"href":"https:\/\/catalogo.rcddistribuidora.com\/index.php?rest_route=%2Fwp%2Fv2%2Fproduct_cat&post=9755"},{"taxonomy":"product_tag","embeddable":true,"href":"https:\/\/catalogo.rcddistribuidora.com\/index.php?rest_route=%2Fwp%2Fv2%2Fproduct_tag&post=9755"}],"curies":[{"name":"wp","href":"https:\/\/api.w.org\/{rel}","templated":true}]}}