{"id":9745,"date":"2024-11-14T11:26:27","date_gmt":"2024-11-14T14:26:27","guid":{"rendered":"https:\/\/catalogo.rcddistribuidora.com\/?post_type=product&#038;p=9745"},"modified":"2024-11-14T11:26:28","modified_gmt":"2024-11-14T14:26:28","slug":"aditivo-para-diesel","status":"publish","type":"product","link":"https:\/\/catalogo.rcddistribuidora.com\/?product=aditivo-para-diesel","title":{"rendered":"Aditivo Para Diesel"},"content":{"rendered":"","protected":false},"excerpt":{"rendered":"<p>Formulado com solventes multifuncionais e com a tecnologia da mol\u00e9cula PAF, o Aditivo para Diesel Tirreno garante ao sistema de combust\u00edvel do ve\u00edculo a diesel a limpeza dos bicos injetores, resultando em emiss\u00f5es ambientais reduzidas, mais tempo entre intervalos de manuten\u00e7\u00e3o e melhoria na economia de combust\u00edvel. Evita prolifera\u00e7\u00e3o de bact\u00e9rias, contem inibidores de corros\u00e3o e dispersante de \u00e1gua.<\/p>\n<p>Recomendado para autom\u00f3veis a diesel, caminh\u00f5es, \u00f4nibus, barcos, m\u00e1quinas agr\u00edcolas e motores estacion\u00e1rios.<\/p>\n<p>Um frasco do Aditivo e Descarbonizante T8, \u00e9 suficiente para descarbonizar todo o sistema de combust\u00e3o do ve\u00edculo, o produto pode ser usado de duas maneiras:<\/p>\n<p><b>Corre\u00e7\u00e3o:<\/b>\u00a0Quando o ve\u00edculo apresentar problemas, adicionar 1 frasco do produto no tanque de combust\u00edvel (para qualquer quantidade de combust\u00edvel no tanque, n\u00e3o excedendo a 80 litros), se o problema persistir repetir o tratamento.<br \/>\n<b><\/b><\/p>\n<p><b>Preven\u00e7\u00e3o:<\/b>\u00a0Adicionar 1 frasco do produto no tanque de combust\u00edvel a cada 4 abastecimentos (para qualquer quantidade de combust\u00edvel no tanque, n\u00e3o excedendo a 80 litros), desta forma manter\u00e1 o sistema sempre limpo.<\/p>\n","protected":false},"featured_media":9746,"template":"","meta":[],"product_cat":[109],"product_tag":[],"class_list":{"0":"post-9745","1":"product","2":"type-product","3":"status-publish","4":"has-post-thumbnail","6":"product_cat-aditivos","8":"first","9":"instock","10":"shipping-taxable","11":"purchasable","12":"product-type-simple","13":"add-to-wishlist-after_add_to_cart"},"_links":{"self":[{"href":"https:\/\/catalogo.rcddistribuidora.com\/index.php?rest_route=\/wp\/v2\/product\/9745","targetHints":{"allow":["GET"]}}],"collection":[{"href":"https:\/\/catalogo.rcddistribuidora.com\/index.php?rest_route=\/wp\/v2\/product"}],"about":[{"href":"https:\/\/catalogo.rcddistribuidora.com\/index.php?rest_route=\/wp\/v2\/types\/product"}],"wp:featuredmedia":[{"embeddable":true,"href":"https:\/\/catalogo.rcddistribuidora.com\/index.php?rest_route=\/wp\/v2\/media\/9746"}],"wp:attachment":[{"href":"https:\/\/catalogo.rcddistribuidora.com\/index.php?rest_route=%2Fwp%2Fv2%2Fmedia&parent=9745"}],"wp:term":[{"taxonomy":"product_cat","embeddable":true,"href":"https:\/\/catalogo.rcddistribuidora.com\/index.php?rest_route=%2Fwp%2Fv2%2Fproduct_cat&post=9745"},{"taxonomy":"product_tag","embeddable":true,"href":"https:\/\/catalogo.rcddistribuidora.com\/index.php?rest_route=%2Fwp%2Fv2%2Fproduct_tag&post=9745"}],"curies":[{"name":"wp","href":"https:\/\/api.w.org\/{rel}","templated":true}]}}