{"id":9741,"date":"2024-11-14T11:23:48","date_gmt":"2024-11-14T14:23:48","guid":{"rendered":"https:\/\/catalogo.rcddistribuidora.com\/?post_type=product&#038;p=9741"},"modified":"2024-11-14T11:23:48","modified_gmt":"2024-11-14T14:23:48","slug":"aditivo-para-gasolina","status":"publish","type":"product","link":"https:\/\/catalogo.rcddistribuidora.com\/?product=aditivo-para-gasolina","title":{"rendered":"Aditivo Para Gasolina"},"content":{"rendered":"","protected":false},"excerpt":{"rendered":"<p>Formulado com detergentes funcionais desenvolvidos com a poderosa mol\u00e9cula PAF, o Aditivo para Gasolina Tirreno garante ao ve\u00edculo a limpeza dos bicos injetores, coletores, pist\u00f5es e cilindros e das v\u00e1lvulas de admiss\u00e3o.<br \/>\nPode ser usado motores de inje\u00e7\u00e3o direta ou indireta.<br \/>\nUm frasco do Aditivo e Descarbonizante T10, \u00e9 suficiente para descarbonizar todo o sistema de combust\u00e3o do ve\u00edculo, o produto pode ser usado de duas maneiras:<\/p>\n<p><b>Corre\u00e7\u00e3o:<\/b>\u00a0Quando o ve\u00edculo apresentar problemas, adicionar 1 frasco do produto no tanque de combust\u00edvel (para qualquer quantidade de combust\u00edvel no tanque, n\u00e3o excedendo a 70 litros), se o problema persistir repetir o tratamento.<\/p>\n<p><b>Preven\u00e7\u00e3o:<\/b>\u00a0Adicionar 1 frasco do produto no tanque de combust\u00edvel a cada 4 abastecimentos (para qualquer quantidade de combust\u00edvel no tanque, n\u00e3o excedendo a 70 litros), desta forma manter\u00e1 o sistema sempre limpo.<\/p>\n<p><b>Aten\u00e7\u00e3o:<\/b>\u00a0Para motores flex, que foram abastecidos com gasolina aconselha-se o uso do descarbonizante gasolina.<\/p>\n","protected":false},"featured_media":9742,"template":"","meta":[],"product_cat":[109],"product_tag":[],"class_list":{"0":"post-9741","1":"product","2":"type-product","3":"status-publish","4":"has-post-thumbnail","6":"product_cat-aditivos","8":"first","9":"instock","10":"shipping-taxable","11":"purchasable","12":"product-type-simple","13":"add-to-wishlist-after_add_to_cart"},"_links":{"self":[{"href":"https:\/\/catalogo.rcddistribuidora.com\/index.php?rest_route=\/wp\/v2\/product\/9741","targetHints":{"allow":["GET"]}}],"collection":[{"href":"https:\/\/catalogo.rcddistribuidora.com\/index.php?rest_route=\/wp\/v2\/product"}],"about":[{"href":"https:\/\/catalogo.rcddistribuidora.com\/index.php?rest_route=\/wp\/v2\/types\/product"}],"wp:featuredmedia":[{"embeddable":true,"href":"https:\/\/catalogo.rcddistribuidora.com\/index.php?rest_route=\/wp\/v2\/media\/9742"}],"wp:attachment":[{"href":"https:\/\/catalogo.rcddistribuidora.com\/index.php?rest_route=%2Fwp%2Fv2%2Fmedia&parent=9741"}],"wp:term":[{"taxonomy":"product_cat","embeddable":true,"href":"https:\/\/catalogo.rcddistribuidora.com\/index.php?rest_route=%2Fwp%2Fv2%2Fproduct_cat&post=9741"},{"taxonomy":"product_tag","embeddable":true,"href":"https:\/\/catalogo.rcddistribuidora.com\/index.php?rest_route=%2Fwp%2Fv2%2Fproduct_tag&post=9741"}],"curies":[{"name":"wp","href":"https:\/\/api.w.org\/{rel}","templated":true}]}}