{"id":9735,"date":"2024-11-14T11:12:43","date_gmt":"2024-11-14T14:12:43","guid":{"rendered":"https:\/\/catalogo.rcddistribuidora.com\/?post_type=product&#038;p=9735"},"modified":"2024-11-14T11:12:43","modified_gmt":"2024-11-14T14:12:43","slug":"fluidtech-fluido-para-freio-dot-4-lv","status":"publish","type":"product","link":"https:\/\/catalogo.rcddistribuidora.com\/?product=fluidtech-fluido-para-freio-dot-4-lv","title":{"rendered":"Fluidtech \u2013 Fluido para freio DOT 4 LV"},"content":{"rendered":"","protected":false},"excerpt":{"rendered":"<p>O Fluidtech DOT 4 LV \u00e9 um fluido para freio e embreagem hidr\u00e1ulica, classe de seguran\u00e7a 6, com baix\u00edssima viscosidade, como requerido pelos mais modernos sistemas de freios e embreagens. O fluido para freio DOT 4 LV atende e supera os limites especificados nas normas nacionais e internacionais.<br \/>\n<b><br \/>\nTecnologia:\u00a0<\/b>Maior per\u00edodo de troca. Viscosidade baix\u00edssima, melhor resposta de frenagem. Fluidos 100% sint\u00e9tico. Prote\u00e7\u00e3o superior contra corros\u00e3o e oxida\u00e7\u00e3o. Compatibilidade com materiais met\u00e1licos, n\u00e3o met\u00e1licos e borrachas. Certificado pelo INMETRO.<\/p>\n<p><b>Cor:\u00a0<\/b>Levemente amarelo.<\/p>\n<p><b>Propriedades:\u00a0<\/b>Ponto de Ebuli\u00e7\u00e3o: t\u00edpico 270\u00baC \/ Ponto de ebuli\u00e7\u00e3o \u00famido: t\u00edpico 180\u00baC \/ Viscosidade -40\u00baC: t\u00edpico 670 cst.<\/p>\n<p><b>Embalagem:\u00a0<\/b>Caixa 20\u00d7500 mL<\/p>\n<p><b>Vida \u00fatil:\u00a0<\/b>3 anos.<\/p>\n<div class=\"addtoany_share_save_container addtoany_content addtoany_content_bottom\"><strong>Atende Especifica\u00e7\u00f5es:<\/strong><\/div>\n<div class=\"list-details\">\n<div class=\"list\">\n<ul>\n<li>FORD WSS-M6C65-A2<\/li>\n<li>Renault: 41-02-001<\/li>\n<li>PSA S 712114<\/li>\n<li>VW 501.14<\/li>\n<li>FIAT 9.55597<\/li>\n<li>GMW3356<\/li>\n<li>ABNT NBR 9292 TIPO 4 LV<\/li>\n<li>ISO 4925 Classe 6<\/li>\n<li>FMVSS n\u00ba116 DOT 4<\/li>\n<li>SAE J 1704<\/li>\n<li>VW TL 766 Tipo Z<\/li>\n<\/ul>\n<\/div>\n<\/div>\n","protected":false},"featured_media":9736,"template":"","meta":[],"product_cat":[15],"product_tag":[],"class_list":{"0":"post-9735","1":"product","2":"type-product","3":"status-publish","4":"has-post-thumbnail","6":"product_cat-geral","8":"first","9":"instock","10":"shipping-taxable","11":"purchasable","12":"product-type-simple","13":"add-to-wishlist-after_add_to_cart"},"_links":{"self":[{"href":"https:\/\/catalogo.rcddistribuidora.com\/index.php?rest_route=\/wp\/v2\/product\/9735","targetHints":{"allow":["GET"]}}],"collection":[{"href":"https:\/\/catalogo.rcddistribuidora.com\/index.php?rest_route=\/wp\/v2\/product"}],"about":[{"href":"https:\/\/catalogo.rcddistribuidora.com\/index.php?rest_route=\/wp\/v2\/types\/product"}],"wp:featuredmedia":[{"embeddable":true,"href":"https:\/\/catalogo.rcddistribuidora.com\/index.php?rest_route=\/wp\/v2\/media\/9736"}],"wp:attachment":[{"href":"https:\/\/catalogo.rcddistribuidora.com\/index.php?rest_route=%2Fwp%2Fv2%2Fmedia&parent=9735"}],"wp:term":[{"taxonomy":"product_cat","embeddable":true,"href":"https:\/\/catalogo.rcddistribuidora.com\/index.php?rest_route=%2Fwp%2Fv2%2Fproduct_cat&post=9735"},{"taxonomy":"product_tag","embeddable":true,"href":"https:\/\/catalogo.rcddistribuidora.com\/index.php?rest_route=%2Fwp%2Fv2%2Fproduct_tag&post=9735"}],"curies":[{"name":"wp","href":"https:\/\/api.w.org\/{rel}","templated":true}]}}