{"id":9723,"date":"2024-11-14T10:47:44","date_gmt":"2024-11-14T13:47:44","guid":{"rendered":"https:\/\/catalogo.rcddistribuidora.com\/?post_type=product&#038;p=9723"},"modified":"2024-11-14T10:47:44","modified_gmt":"2024-11-14T13:47:44","slug":"aditech-it-c-inorganico-20l","status":"publish","type":"product","link":"https:\/\/catalogo.rcddistribuidora.com\/?product=aditech-it-c-inorganico-20l","title":{"rendered":"ADITECH IT- C \u2013 Inorg\u00e2nico 20L"},"content":{"rendered":"","protected":false},"excerpt":{"rendered":"<p>O\u00a0<strong>ADITIVO PARA RADIADOR INORG\u00c2NICO IT-C<\/strong>\u00a0\u00e9 um aditivo desenvolvido para atender as necessidades dos ve\u00edculos que tem ligas de ferro fundido e a\u00e7o na composi\u00e7\u00e3o do bloco do motor. Devido a essa caracter\u00edstica ele normalmente \u00e9 indicado para ve\u00edculos pesados e ve\u00edculos leves produzidos at\u00e9 o final dos anos 90. O Aditivo para radiador inorg\u00e2nico IT-C promove uma excelente prote\u00e7\u00e3o para as ligas de a\u00e7o e ferro fundido.<\/p>\n<div class=\"list-details\">\n<div class=\"list\">\n<p><strong>Atende Especifica\u00e7\u00f5es:<\/strong><\/p>\n<ul>\n<li>ABNT NBR 13705 tipo A (inorg\u00e2nico)<\/li>\n<li>ASTM D3306, D4985<\/li>\n<li>SAE J1034, J814, J1941<\/li>\n<li>FIAT 9.55523<\/li>\n<li>FORD ESD-M97B49-A<\/li>\n<li>GM EMS 9309947<\/li>\n<li>JOHN DEERE JDM H24<\/li>\n<li>AUDI\/VW TL774-C<\/li>\n<li>MERCEDES BENZ DBL 7700.20<\/li>\n<li>MAN 324NF<\/li>\n<\/ul>\n<\/div>\n<div class=\"list\">\n<p><strong>Isento de:<\/strong><\/p>\n<ul>\n<li>Nitritos<\/li>\n<li>Fosfatos<\/li>\n<li>Aminas<\/li>\n<\/ul>\n<\/div>\n<div class=\"list\">\n<p>Indica\u00e7\u00f5es:<\/p>\n<ul>\n<li>ve\u00edculos leves e pesados<\/li>\n<li>m\u00e1quinas agr\u00edcolas<\/li>\n<li>motores estacion\u00e1rios<\/li>\n<li>motores ferrovi\u00e1rios<\/li>\n<li>motores mar\u00edtimos.<\/li>\n<\/ul>\n<\/div>\n<\/div>\n","protected":false},"featured_media":9724,"template":"","meta":[],"product_cat":[109],"product_tag":[],"class_list":{"0":"post-9723","1":"product","2":"type-product","3":"status-publish","4":"has-post-thumbnail","6":"product_cat-aditivos","8":"first","9":"instock","10":"shipping-taxable","11":"purchasable","12":"product-type-simple","13":"add-to-wishlist-after_add_to_cart"},"_links":{"self":[{"href":"https:\/\/catalogo.rcddistribuidora.com\/index.php?rest_route=\/wp\/v2\/product\/9723","targetHints":{"allow":["GET"]}}],"collection":[{"href":"https:\/\/catalogo.rcddistribuidora.com\/index.php?rest_route=\/wp\/v2\/product"}],"about":[{"href":"https:\/\/catalogo.rcddistribuidora.com\/index.php?rest_route=\/wp\/v2\/types\/product"}],"wp:featuredmedia":[{"embeddable":true,"href":"https:\/\/catalogo.rcddistribuidora.com\/index.php?rest_route=\/wp\/v2\/media\/9724"}],"wp:attachment":[{"href":"https:\/\/catalogo.rcddistribuidora.com\/index.php?rest_route=%2Fwp%2Fv2%2Fmedia&parent=9723"}],"wp:term":[{"taxonomy":"product_cat","embeddable":true,"href":"https:\/\/catalogo.rcddistribuidora.com\/index.php?rest_route=%2Fwp%2Fv2%2Fproduct_cat&post=9723"},{"taxonomy":"product_tag","embeddable":true,"href":"https:\/\/catalogo.rcddistribuidora.com\/index.php?rest_route=%2Fwp%2Fv2%2Fproduct_tag&post=9723"}],"curies":[{"name":"wp","href":"https:\/\/api.w.org\/{rel}","templated":true}]}}