{"id":9721,"date":"2024-11-14T10:46:10","date_gmt":"2024-11-14T13:46:10","guid":{"rendered":"https:\/\/catalogo.rcddistribuidora.com\/?post_type=product&#038;p=9721"},"modified":"2024-11-14T10:46:10","modified_gmt":"2024-11-14T13:46:10","slug":"g400","status":"publish","type":"product","link":"https:\/\/catalogo.rcddistribuidora.com\/?product=g400","title":{"rendered":"G400"},"content":{"rendered":"","protected":false},"excerpt":{"rendered":"<p>O\u00a0<b>ADITIVO PARA RADIADOR G400<\/b>\u00a0um aditivo original premium homologado na Mercedes-benz. Desenvolvido para atender a mais alta tecnologia da Industria Automobil\u00edstica foi elaborado a base de etilenoglicol, inibidores de corros\u00e3o com o refor\u00e7o de silicatos estilizados proveniente da tecnologia SI-OAT, que permite estender o intervalo de troca e garantindo uma vida estendida a todos os seus componentes<br \/>\nAtende as especifica\u00e7\u00f5es da: MERCEDES-BENZ: DBL 7700.40, BeVo 325.5 e 325.6, ASTM D3306, ASTM D4985, MAN MAN 324 Type Si-OAT.<br \/>\nIsento: Nitritos, Fosfatos e Aminas.<br \/>\n\u00c9 indicado para ve\u00edculos leves e pesados, m\u00e1quinas agr\u00edcolas, motores estacion\u00e1rios, motores ferrovi\u00e1rios e mar\u00edtimos.<\/p>\n<p><strong>Vida \u00fatil:<\/strong><br \/>\nLinha leve: 5 anos \/ 240.000km<br \/>\nLinha Pesada: 5 anos \/ 480.000km<br \/>\nM\u00e1q Agr\u00edcolas\/Constru\u00e7\u00e3o: 8.000h<\/p>\n<div class=\"list-details\">\n<div class=\"list\">\n<p><strong>Atende Especifica\u00e7\u00f5es:<\/strong><\/p>\n<ul>\n<li>DBL 7700.40<\/li>\n<li>BeVo 325.5 e 325.6<\/li>\n<li>ASTM D3306<\/li>\n<li>ASTM D4985<\/li>\n<li>MAN 324 Type Si-OAT<\/li>\n<\/ul>\n<\/div>\n<div class=\"list\">\n<p><strong>Isento de:<\/strong><\/p>\n<ul>\n<li>Nitritos<\/li>\n<li>Fosfatos<\/li>\n<li>Aminas<\/li>\n<\/ul>\n<\/div>\n<div class=\"list\">\n<p><strong>Indica\u00e7\u00f5es:<\/strong><\/p>\n<ul>\n<li>ve\u00edculos leves e pesados<\/li>\n<li>m\u00e1quinas agr\u00edcolas<\/li>\n<li>motores estacion\u00e1rios<\/li>\n<li>motores ferrovi\u00e1rios<\/li>\n<li>motores mar\u00edtimos<\/li>\n<\/ul>\n<\/div>\n<\/div>\n","protected":false},"featured_media":9722,"template":"","meta":[],"product_cat":[109],"product_tag":[],"class_list":{"0":"post-9721","1":"product","2":"type-product","3":"status-publish","4":"has-post-thumbnail","6":"product_cat-aditivos","8":"first","9":"instock","10":"shipping-taxable","11":"purchasable","12":"product-type-simple","13":"add-to-wishlist-after_add_to_cart"},"_links":{"self":[{"href":"https:\/\/catalogo.rcddistribuidora.com\/index.php?rest_route=\/wp\/v2\/product\/9721","targetHints":{"allow":["GET"]}}],"collection":[{"href":"https:\/\/catalogo.rcddistribuidora.com\/index.php?rest_route=\/wp\/v2\/product"}],"about":[{"href":"https:\/\/catalogo.rcddistribuidora.com\/index.php?rest_route=\/wp\/v2\/types\/product"}],"wp:featuredmedia":[{"embeddable":true,"href":"https:\/\/catalogo.rcddistribuidora.com\/index.php?rest_route=\/wp\/v2\/media\/9722"}],"wp:attachment":[{"href":"https:\/\/catalogo.rcddistribuidora.com\/index.php?rest_route=%2Fwp%2Fv2%2Fmedia&parent=9721"}],"wp:term":[{"taxonomy":"product_cat","embeddable":true,"href":"https:\/\/catalogo.rcddistribuidora.com\/index.php?rest_route=%2Fwp%2Fv2%2Fproduct_cat&post=9721"},{"taxonomy":"product_tag","embeddable":true,"href":"https:\/\/catalogo.rcddistribuidora.com\/index.php?rest_route=%2Fwp%2Fv2%2Fproduct_tag&post=9721"}],"curies":[{"name":"wp","href":"https:\/\/api.w.org\/{rel}","templated":true}]}}