{"id":9720,"date":"2024-11-14T10:34:53","date_gmt":"2024-11-14T13:34:53","guid":{"rendered":"https:\/\/catalogo.rcddistribuidora.com\/?post_type=product&#038;p=9720"},"modified":"2024-11-14T10:34:53","modified_gmt":"2024-11-14T13:34:53","slug":"aditech-ht-min","status":"publish","type":"product","link":"https:\/\/catalogo.rcddistribuidora.com\/?product=aditech-ht-min","title":{"rendered":"ADITECH HT-MIN"},"content":{"rendered":"","protected":false},"excerpt":{"rendered":"<div class=\"text-block\">\n<p>O aditivo concentrado <strong>ADITECH HT-MIN<\/strong>\u00a0\u00e9 formulado \u00e0 base de etilenoglicol e inibidores de corros\u00e3o de \u00faltima gera\u00e7\u00e3o de tecnologia H\u00edbrida N-OAT, para motores que trabalham em circunst\u00e2ncias severas onde \u00e9 necess\u00e1rio a manuten\u00e7\u00e3o constante da temperatura, al\u00e9m de excelente prote\u00e7\u00e3o extra contra corros\u00e3o e cavita\u00e7\u00e3o. Produto isento de nitrato, fosfato, borato e silicatos. Formulado para promover excepcional prote\u00e7\u00e3o em ambientes com utiliza\u00e7\u00e3o severa do motor, como o uso off-road em mineradoras.<\/p>\n<p><strong>Aplica\u00e7\u00e3o:<\/strong>\u00a0Recomendado: caminh\u00f5es, \u00f4nibus, equipamentos off-road, equipamentos de constru\u00e7\u00e3o e agr\u00edcolas, off-road em mineradoras, locomotivas, navios, al\u00e9m de motores estacion\u00e1rios.<\/p>\n<p><strong>Per\u00edodo de troca:<\/strong>\u00a0Possui caracter\u00edsticas Extended Life, ve\u00edculos Leves: 5 anos\/240.000 km; Pesados: 5 anos\/480.000 km; Motores estacion\u00e1rios: 32.000 h; Equipamentos m\u00f3veis: 8.000 h, se mantido na concentra\u00e7\u00e3o recomendada.<\/p>\n<p><strong>ESPECIFICA\u00c7\u00d5ES:<\/strong>\u00a0Atende \u00e0s normas ABNT NBR 13705, ASTM D3306, D4985, D6210, CAT ELC-EC-1, CUMMINS CES 14603 e MTU MTL 5048. \u00a0<strong>BENEF\u00cdCIOS:<\/strong>\u00a0Promove excelente performance em motores de ve\u00edculos off-road para minera\u00e7\u00e3o e estacion\u00e1rios, protege todas as ligas met\u00e1licas do motor contra corros\u00e3o, cavita\u00e7\u00e3o e eros\u00e3o, al\u00e9m de excelente compatibilidade com elast\u00f4meros e perfeita lubrifica\u00e7\u00e3o do selo da bomba d\u2019\u00e1gua. Mant\u00e9m a temperatura constante do motor evitando o superaquecimento e prorrogando a vida \u00fatil do motor.<\/p>\n<div class=\"list-details\">\n<div class=\"list\">\n<p><strong>Atende Especifica\u00e7\u00f5es:<\/strong><\/p>\n<ul>\n<li>ABNT NBR 13705<\/li>\n<li>ASTM D3306<\/li>\n<li>D4985,<\/li>\n<li>D6210<\/li>\n<li>CAT ELC-EC-1<\/li>\n<li>CUMMINS CES 14603<\/li>\n<li>MTU MTL 5048<\/li>\n<\/ul>\n<\/div>\n<div class=\"list\">\n<p><strong>Indica\u00e7\u00f5es:<\/strong><\/p>\n<ul>\n<li>caminh\u00f5es, \u00f4nibus,<\/li>\n<li>equipamentos off-road<\/li>\n<li>equipamentos de constru\u00e7\u00e3o e agr\u00edcolas<\/li>\n<li>off-road em mineradoras<\/li>\n<li>locomotivas<\/li>\n<li>navios<\/li>\n<li>motores estacion\u00e1rios.<\/li>\n<\/ul>\n<\/div>\n<\/div>\n<\/div>\n","protected":false},"featured_media":0,"template":"","meta":[],"product_cat":[109],"product_tag":[],"class_list":{"0":"post-9720","1":"product","2":"type-product","3":"status-publish","5":"product_cat-aditivos","7":"first","8":"instock","9":"shipping-taxable","10":"purchasable","11":"product-type-simple","12":"add-to-wishlist-after_add_to_cart"},"_links":{"self":[{"href":"https:\/\/catalogo.rcddistribuidora.com\/index.php?rest_route=\/wp\/v2\/product\/9720","targetHints":{"allow":["GET"]}}],"collection":[{"href":"https:\/\/catalogo.rcddistribuidora.com\/index.php?rest_route=\/wp\/v2\/product"}],"about":[{"href":"https:\/\/catalogo.rcddistribuidora.com\/index.php?rest_route=\/wp\/v2\/types\/product"}],"wp:attachment":[{"href":"https:\/\/catalogo.rcddistribuidora.com\/index.php?rest_route=%2Fwp%2Fv2%2Fmedia&parent=9720"}],"wp:term":[{"taxonomy":"product_cat","embeddable":true,"href":"https:\/\/catalogo.rcddistribuidora.com\/index.php?rest_route=%2Fwp%2Fv2%2Fproduct_cat&post=9720"},{"taxonomy":"product_tag","embeddable":true,"href":"https:\/\/catalogo.rcddistribuidora.com\/index.php?rest_route=%2Fwp%2Fv2%2Fproduct_tag&post=9720"}],"curies":[{"name":"wp","href":"https:\/\/api.w.org\/{rel}","templated":true}]}}