{"id":9715,"date":"2024-11-14T10:23:45","date_gmt":"2024-11-14T13:23:45","guid":{"rendered":"https:\/\/catalogo.rcddistribuidora.com\/?post_type=product&#038;p=9715"},"modified":"2024-11-14T10:25:25","modified_gmt":"2024-11-14T13:25:25","slug":"ot-c","status":"publish","type":"product","link":"https:\/\/catalogo.rcddistribuidora.com\/?product=ot-c","title":{"rendered":"OT-C+"},"content":{"rendered":"","protected":false},"excerpt":{"rendered":"<p><strong>OTC+ ADITECH<\/strong><\/p>\n<p>Solu\u00e7\u00e3o \u00e0 base de etilenoglicol e inibidores de corros\u00e3o org\u00e2nicos OAT de \u00faltima gera\u00e7\u00e3o, formulada com a poderosa tecnologia\u00a0<strong>SP-SHIELD\u202fPROTECTION<\/strong>\u00a0que garante uma prote\u00e7\u00e3o estendida ao motor, c\u00e2mbio e todo sistema de arrefecimento. \u00c9 compat\u00edvel com as partes pl\u00e1sticas, mangueiras e selos. Mant\u00e9m a temperatura do motor constante e dentro da faixa de trabalho. Indicado para ve\u00edculos pesados, m\u00e1quinas agr\u00edcolas, m\u00e1quinas\u00a0<em>off road<\/em>\u00a0e motores estacion\u00e1rios.<\/p>\n<p><strong>Intervalo de troca: 6 anos ou 1.000.000 km, mantendo a concentra\u00e7\u00e3o recomendada.\u202f<\/strong><\/p>\n<p><strong>BENEF\u00cdCIOS:<\/strong>\u00a0Prote\u00e7\u00e3o de 1.000.000 km contra corros\u00e3o e cavita\u00e7\u00e3o. Evita a fervura da solu\u00e7\u00e3o. Melhora a troca t\u00e9rmica do motor. Lubrifica o selo da bomba d\u2019\u00e1gua e aumenta a vida \u00fatil das mangueiras e da v\u00e1lvula termost\u00e1tica. Compat\u00edvel com o alum\u00ednio brasado.<\/p>\n<p><strong>ESPECIFICA\u00c7\u00d5ES:<\/strong>\u00a0A SOLU\u00c7\u00c3O ARREFECEDORA ADITECH OT-C + 50L atende ou supera os requisitos das normas: ASTM D 6210 e ASTM D 7583 e as normas das montadoras, Detroit Diesel 93K217, Mercedes Benz 7700 DBL 326.3, John Deere H24A2, H24C2, MTU 5048, Behr Radiator; MAN 324 SNF, Navistar CEMS-B1-Type A, CAT EC-1, TMC RP 329, Cummins CES 14439, DAF MAT 74002, Volvo VCS 418-0001, VW TL 774-D\/F, Ford WSS-M97B44-D, MWM TR-2091 GR.2, MTU 5048 e Jenbacher TA 1000-0200.<\/p>\n<p>Disponivel na vers\u00e3o pronto uso 50%<\/p>\n","protected":false},"featured_media":9716,"template":"","meta":[],"product_cat":[109],"product_tag":[],"class_list":{"0":"post-9715","1":"product","2":"type-product","3":"status-publish","4":"has-post-thumbnail","6":"product_cat-aditivos","8":"first","9":"instock","10":"shipping-taxable","11":"purchasable","12":"product-type-simple","13":"add-to-wishlist-after_add_to_cart"},"_links":{"self":[{"href":"https:\/\/catalogo.rcddistribuidora.com\/index.php?rest_route=\/wp\/v2\/product\/9715","targetHints":{"allow":["GET"]}}],"collection":[{"href":"https:\/\/catalogo.rcddistribuidora.com\/index.php?rest_route=\/wp\/v2\/product"}],"about":[{"href":"https:\/\/catalogo.rcddistribuidora.com\/index.php?rest_route=\/wp\/v2\/types\/product"}],"wp:featuredmedia":[{"embeddable":true,"href":"https:\/\/catalogo.rcddistribuidora.com\/index.php?rest_route=\/wp\/v2\/media\/9716"}],"wp:attachment":[{"href":"https:\/\/catalogo.rcddistribuidora.com\/index.php?rest_route=%2Fwp%2Fv2%2Fmedia&parent=9715"}],"wp:term":[{"taxonomy":"product_cat","embeddable":true,"href":"https:\/\/catalogo.rcddistribuidora.com\/index.php?rest_route=%2Fwp%2Fv2%2Fproduct_cat&post=9715"},{"taxonomy":"product_tag","embeddable":true,"href":"https:\/\/catalogo.rcddistribuidora.com\/index.php?rest_route=%2Fwp%2Fv2%2Fproduct_tag&post=9715"}],"curies":[{"name":"wp","href":"https:\/\/api.w.org\/{rel}","templated":true}]}}