{"id":9713,"date":"2024-11-14T10:21:43","date_gmt":"2024-11-14T13:21:43","guid":{"rendered":"https:\/\/catalogo.rcddistribuidora.com\/?post_type=product&#038;p=9713"},"modified":"2024-11-14T10:25:54","modified_gmt":"2024-11-14T13:25:54","slug":"aditech-ht-e-hibrido-europeu-20l","status":"publish","type":"product","link":"https:\/\/catalogo.rcddistribuidora.com\/?product=aditech-ht-e-hibrido-europeu-20l","title":{"rendered":"ADITECH HT-E \u2013 H\u00edbrido Europeu 20L"},"content":{"rendered":"","protected":false},"excerpt":{"rendered":"<p>O\u00a0<strong>ADITIVO PARA RADIADOR H\u00cdBRIDO EUROPEU<\/strong>\u00a0\u00e9 um aditivo que cont\u00e9m o melhor das duas tecnologias, a org\u00e2nica e a inorg\u00e2nica. Elaborado a base de etilenoglicol e inibidores de corros\u00e3o com o refor\u00e7o de carboxilatos e fosfatos estabilizados proveniente da tecnologia Si-OAT, que permite estender o intervalo de troca e garantindo uma vida estendida a todos os seus componentes.<\/p>\n<div class=\"list-details\">\n<div class=\"list\">\n<p><strong>Atende Especifica\u00e7\u00f5es:<\/strong><\/p>\n<ul>\n<li>ABNT NBR 13705 tipo A<\/li>\n<li>SCANIA Tb1451<\/li>\n<li>ASTM D3306, D6210<\/li>\n<li>SAE J814, J1034, J1941<\/li>\n<li>MERCEDES BENZ DBL 7700.40 (325.5\/6)<\/li>\n<li>MAN 324 SNF<\/li>\n<li>AUDI\/VW TL774-G (G12++)<\/li>\n<\/ul>\n<\/div>\n<div class=\"list\">\n<p><strong>Isento de:<\/strong><\/p>\n<ul>\n<li>Nitritos<\/li>\n<li>Fosfatos<\/li>\n<li>Aminas<\/li>\n<\/ul>\n<\/div>\n<div class=\"list\">\n<p><strong>Indica\u00e7\u00f5es:<\/strong><\/p>\n<ul>\n<li>ve\u00edculos leves e pesados<\/li>\n<li>m\u00e1quinas agr\u00edcolas<\/li>\n<li>motores estacion\u00e1rios<\/li>\n<li>motores ferrovi\u00e1rios<\/li>\n<li>motores mar\u00edtimos<\/li>\n<\/ul>\n<\/div>\n<\/div>\n","protected":false},"featured_media":9714,"template":"","meta":[],"product_cat":[109],"product_tag":[],"class_list":{"0":"post-9713","1":"product","2":"type-product","3":"status-publish","4":"has-post-thumbnail","6":"product_cat-aditivos","8":"first","9":"instock","10":"shipping-taxable","11":"purchasable","12":"product-type-simple","13":"add-to-wishlist-after_add_to_cart"},"_links":{"self":[{"href":"https:\/\/catalogo.rcddistribuidora.com\/index.php?rest_route=\/wp\/v2\/product\/9713","targetHints":{"allow":["GET"]}}],"collection":[{"href":"https:\/\/catalogo.rcddistribuidora.com\/index.php?rest_route=\/wp\/v2\/product"}],"about":[{"href":"https:\/\/catalogo.rcddistribuidora.com\/index.php?rest_route=\/wp\/v2\/types\/product"}],"wp:featuredmedia":[{"embeddable":true,"href":"https:\/\/catalogo.rcddistribuidora.com\/index.php?rest_route=\/wp\/v2\/media\/9714"}],"wp:attachment":[{"href":"https:\/\/catalogo.rcddistribuidora.com\/index.php?rest_route=%2Fwp%2Fv2%2Fmedia&parent=9713"}],"wp:term":[{"taxonomy":"product_cat","embeddable":true,"href":"https:\/\/catalogo.rcddistribuidora.com\/index.php?rest_route=%2Fwp%2Fv2%2Fproduct_cat&post=9713"},{"taxonomy":"product_tag","embeddable":true,"href":"https:\/\/catalogo.rcddistribuidora.com\/index.php?rest_route=%2Fwp%2Fv2%2Fproduct_tag&post=9713"}],"curies":[{"name":"wp","href":"https:\/\/api.w.org\/{rel}","templated":true}]}}