{"id":9707,"date":"2024-11-14T10:12:15","date_gmt":"2024-11-14T13:12:15","guid":{"rendered":"https:\/\/catalogo.rcddistribuidora.com\/?post_type=product&#038;p=9707"},"modified":"2024-11-14T10:12:15","modified_gmt":"2024-11-14T13:12:15","slug":"aditech-moto","status":"publish","type":"product","link":"https:\/\/catalogo.rcddistribuidora.com\/?product=aditech-moto","title":{"rendered":"ADITECH MOTO"},"content":{"rendered":"","protected":false},"excerpt":{"rendered":"<p>O\u00a0<b>ADITIVO PARA RADIADOR ADITECH MOTO<\/b>\u00a0\u00e9 um aditivo pronto para uso desenvolvido especialmente motores de motocicletas onde requer uma m\u00e1xima prote\u00e7\u00e3o para todo o sistema, entregando ao consumidor uma alta performance do ve\u00edculo. Devido a sua composi\u00e7\u00e3o de aditiva\u00e7\u00e3o e com a base de etilenoglicol, \u00e9 um produto que entrega a prote\u00e7\u00e3o e promove a troca t\u00e9rmica correta \u00e0 sua moto.<\/p>\n<p><strong>Vida \u00fatil:<\/strong><br \/>\nLinha leve: 5 anos \/ 240.000km<\/p>\n<div class=\"list-details\">\n<div class=\"list\">\n<p><strong>Atende Especifica\u00e7\u00f5es:<\/strong><\/p>\n<ul>\n<li>ABNT NBR 14261 tipo A<\/li>\n<li>ASTM D3306<\/li>\n<li>JIS K 2234 classe 2<\/li>\n<\/ul>\n<\/div>\n<div class=\"list\">\n<p><strong>Isento de:<\/strong><\/p>\n<ul>\n<li>Nitritos<\/li>\n<li>Silicatos<\/li>\n<li>Aminas<\/li>\n<\/ul>\n<\/div>\n<div class=\"list\">\n<p><strong>Indica\u00e7\u00f5es:<\/strong><\/p>\n<ul>\n<li>motores endot\u00e9rmicos de motocicletas<\/li>\n<\/ul>\n<\/div>\n<\/div>\n","protected":false},"featured_media":9708,"template":"","meta":[],"product_cat":[109],"product_tag":[],"class_list":{"0":"post-9707","1":"product","2":"type-product","3":"status-publish","4":"has-post-thumbnail","6":"product_cat-aditivos","8":"first","9":"instock","10":"shipping-taxable","11":"purchasable","12":"product-type-simple","13":"add-to-wishlist-after_add_to_cart"},"_links":{"self":[{"href":"https:\/\/catalogo.rcddistribuidora.com\/index.php?rest_route=\/wp\/v2\/product\/9707","targetHints":{"allow":["GET"]}}],"collection":[{"href":"https:\/\/catalogo.rcddistribuidora.com\/index.php?rest_route=\/wp\/v2\/product"}],"about":[{"href":"https:\/\/catalogo.rcddistribuidora.com\/index.php?rest_route=\/wp\/v2\/types\/product"}],"wp:featuredmedia":[{"embeddable":true,"href":"https:\/\/catalogo.rcddistribuidora.com\/index.php?rest_route=\/wp\/v2\/media\/9708"}],"wp:attachment":[{"href":"https:\/\/catalogo.rcddistribuidora.com\/index.php?rest_route=%2Fwp%2Fv2%2Fmedia&parent=9707"}],"wp:term":[{"taxonomy":"product_cat","embeddable":true,"href":"https:\/\/catalogo.rcddistribuidora.com\/index.php?rest_route=%2Fwp%2Fv2%2Fproduct_cat&post=9707"},{"taxonomy":"product_tag","embeddable":true,"href":"https:\/\/catalogo.rcddistribuidora.com\/index.php?rest_route=%2Fwp%2Fv2%2Fproduct_tag&post=9707"}],"curies":[{"name":"wp","href":"https:\/\/api.w.org\/{rel}","templated":true}]}}