{"id":9702,"date":"2024-11-14T10:07:50","date_gmt":"2024-11-14T13:07:50","guid":{"rendered":"https:\/\/catalogo.rcddistribuidora.com\/?post_type=product&#038;p=9702"},"modified":"2024-11-14T10:07:50","modified_gmt":"2024-11-14T13:07:50","slug":"aditech-ot-c-organico","status":"publish","type":"product","link":"https:\/\/catalogo.rcddistribuidora.com\/?product=aditech-ot-c-organico","title":{"rendered":"ADITECH OT-C \u2013 Org\u00e2nico"},"content":{"rendered":"","protected":false},"excerpt":{"rendered":"<p>O\u00a0<b>ADITIVO PARA RADIADOR ORG\u00c2NICO OT-C<\/b>\u00a0\u00e9 um produto criado para proteger blocos de motor que possuem ligas de alum\u00ednio na sua composi\u00e7\u00e3o. Elaborado a base de etilenoglicol e inibidores de corros\u00e3o com o refor\u00e7o de carboxilatos e fosfatos estabilizados proveniente da tecnologia OAT, que permite estender o intervalo de troca e garantindo uma vida estendida a todos os seus componentes.<\/p>\n<p><strong>Vida \u00fatil:<\/strong><br \/>\nLinha leve: 5 anos \/ 240.000km<br \/>\nLinha Pesada: 5 anos \/ 480.000km<br \/>\nM\u00e1q Agr\u00edcolas\/Constru\u00e7\u00e3o: 8.000h<\/p>\n<div class=\"list-details\">\n<div class=\"list\">\n<p><strong>Atende Especifica\u00e7\u00f5es:<\/strong><\/p>\n<ul>\n<li>ABNT NBR 13705 tipo A<\/li>\n<li>ASTM D4985, D3306<\/li>\n<li>SAE J1034, J814, J1941<\/li>\n<li>FIAT 9.55523<\/li>\n<li>FORD WSS-M97B44-D<\/li>\n<li>GM 6277M<\/li>\n<li>MERCEDES BENZ DBL 7700.30 (325.3)<\/li>\n<li>MAN 324 SNF<\/li>\n<li>AUDI\/VW TL774-D\/F<\/li>\n<li>RENAULT 41-01-001\/T<\/li>\n<li>PSA B715110<\/li>\n<\/ul>\n<\/div>\n<div class=\"list\">\n<p><strong>Isento de:<\/strong><\/p>\n<ul>\n<li>Nitritos<\/li>\n<li>Fosfatos<\/li>\n<li>Silicatos<\/li>\n<li>Aminas.<\/li>\n<\/ul>\n<\/div>\n<div class=\"list\">\n<p><strong>Indica\u00e7\u00f5es:<\/strong><\/p>\n<ul>\n<li>ve\u00edculos leves e pesados<\/li>\n<li>m\u00e1quinas agr\u00edcolas<\/li>\n<li>motores estacion\u00e1rios<\/li>\n<li>motores ferrovi\u00e1rios<\/li>\n<li>motores mar\u00edtimos.<\/li>\n<\/ul>\n<\/div>\n<\/div>\n","protected":false},"featured_media":9703,"template":"","meta":[],"product_cat":[109],"product_tag":[],"class_list":{"0":"post-9702","1":"product","2":"type-product","3":"status-publish","4":"has-post-thumbnail","6":"product_cat-aditivos","8":"first","9":"instock","10":"shipping-taxable","11":"purchasable","12":"product-type-simple","13":"add-to-wishlist-after_add_to_cart"},"_links":{"self":[{"href":"https:\/\/catalogo.rcddistribuidora.com\/index.php?rest_route=\/wp\/v2\/product\/9702","targetHints":{"allow":["GET"]}}],"collection":[{"href":"https:\/\/catalogo.rcddistribuidora.com\/index.php?rest_route=\/wp\/v2\/product"}],"about":[{"href":"https:\/\/catalogo.rcddistribuidora.com\/index.php?rest_route=\/wp\/v2\/types\/product"}],"wp:featuredmedia":[{"embeddable":true,"href":"https:\/\/catalogo.rcddistribuidora.com\/index.php?rest_route=\/wp\/v2\/media\/9703"}],"wp:attachment":[{"href":"https:\/\/catalogo.rcddistribuidora.com\/index.php?rest_route=%2Fwp%2Fv2%2Fmedia&parent=9702"}],"wp:term":[{"taxonomy":"product_cat","embeddable":true,"href":"https:\/\/catalogo.rcddistribuidora.com\/index.php?rest_route=%2Fwp%2Fv2%2Fproduct_cat&post=9702"},{"taxonomy":"product_tag","embeddable":true,"href":"https:\/\/catalogo.rcddistribuidora.com\/index.php?rest_route=%2Fwp%2Fv2%2Fproduct_tag&post=9702"}],"curies":[{"name":"wp","href":"https:\/\/api.w.org\/{rel}","templated":true}]}}