{"id":9692,"date":"2024-11-13T22:56:14","date_gmt":"2024-11-14T01:56:14","guid":{"rendered":"https:\/\/catalogo.rcddistribuidora.com\/?post_type=product&#038;p=9692"},"modified":"2024-11-14T12:31:02","modified_gmt":"2024-11-14T15:31:02","slug":"tasa-10w-10w-gm-dexron-iid","status":"publish","type":"product","link":"https:\/\/catalogo.rcddistribuidora.com\/?product=tasa-10w-10w-gm-dexron-iid","title":{"rendered":"TASA 10W GM DEXRON IID"},"content":{"rendered":"","protected":false},"excerpt":{"rendered":"<p><strong>LUBRIFICANTE PARA SISTEMAS DE DIRE\u00c7\u00c3O HIDRA\u00daLICA<\/strong><\/p>\n<p>DESCRI\u00c7\u00c3O, APLICA\u00c7\u00c3O E BENEF\u00cdCIOS:<\/p>\n<p>\u00d3leo lubrificante moniviscoso para sistemas de dire\u00e7\u00e3o hidr\u00e1ulica.<\/p>\n<p>Alta capacidade de controle de atrito e prote\u00e7\u00e3o contra oxida\u00e7\u00e3o;<\/p>\n<p>Estabilidade ao cisalhamento em altas temperaturas com baixoponto de fluidez.<\/p>\n<p>COMPOSI\u00c7\u00c3O:<\/p>\n<p>\u00d3leo mineral paraf\u00ednico com aditivos: antidesgaste, antioxidante, anticorrosivo, antiespumante e detergente dispersante.<\/p>\n","protected":false},"featured_media":9693,"template":"","meta":[],"product_cat":[172,148],"product_tag":[],"class_list":{"0":"post-9692","1":"product","2":"type-product","3":"status-publish","4":"has-post-thumbnail","6":"product_cat-lubrificantes-especiais","7":"product_cat-oleos-de-motor","9":"first","10":"instock","11":"shipping-taxable","12":"purchasable","13":"product-type-simple","14":"add-to-wishlist-after_add_to_cart"},"_links":{"self":[{"href":"https:\/\/catalogo.rcddistribuidora.com\/index.php?rest_route=\/wp\/v2\/product\/9692","targetHints":{"allow":["GET"]}}],"collection":[{"href":"https:\/\/catalogo.rcddistribuidora.com\/index.php?rest_route=\/wp\/v2\/product"}],"about":[{"href":"https:\/\/catalogo.rcddistribuidora.com\/index.php?rest_route=\/wp\/v2\/types\/product"}],"wp:featuredmedia":[{"embeddable":true,"href":"https:\/\/catalogo.rcddistribuidora.com\/index.php?rest_route=\/wp\/v2\/media\/9693"}],"wp:attachment":[{"href":"https:\/\/catalogo.rcddistribuidora.com\/index.php?rest_route=%2Fwp%2Fv2%2Fmedia&parent=9692"}],"wp:term":[{"taxonomy":"product_cat","embeddable":true,"href":"https:\/\/catalogo.rcddistribuidora.com\/index.php?rest_route=%2Fwp%2Fv2%2Fproduct_cat&post=9692"},{"taxonomy":"product_tag","embeddable":true,"href":"https:\/\/catalogo.rcddistribuidora.com\/index.php?rest_route=%2Fwp%2Fv2%2Fproduct_tag&post=9692"}],"curies":[{"name":"wp","href":"https:\/\/api.w.org\/{rel}","templated":true}]}}