{"id":9689,"date":"2024-11-13T22:28:36","date_gmt":"2024-11-14T01:28:36","guid":{"rendered":"https:\/\/catalogo.rcddistribuidora.com\/?post_type=product&#038;p=9689"},"modified":"2024-11-14T12:31:13","modified_gmt":"2024-11-14T15:31:13","slug":"nautico-2t-sae-30-nmma-tc-w3","status":"publish","type":"product","link":"https:\/\/catalogo.rcddistribuidora.com\/?product=nautico-2t-sae-30-nmma-tc-w3","title":{"rendered":"NA\u00daTICO 2T SAE 30 NMMA TC-W3"},"content":{"rendered":"","protected":false},"excerpt":{"rendered":"<p><strong>LUBRIFICANTE MINERAL PARA MOTORES 2T A GASOLINA<\/strong><\/p>\n<p>DESCRI\u00c7\u00c3O, APLICA\u00c7\u00c3O E BENEF\u00cdCIOS:<\/p>\n<p>\u00d3leo lubrificante monoviscoso para motores 2T refrigerados a \u00e1gua utilizados em diversos tipos de embarca\u00e7\u00f5es, equipadas com motores de popa.<\/p>\n<p>Reduz a forma\u00e7\u00e3o de dep\u00f3sitos nas velas, janelas de admiss\u00e3o e c\u00e2mara de combust\u00e3o. Evita a pr\u00e9-igni\u00e7\u00e3o e melhorando o desempenho do motor.<\/p>\n<p>COMPOSI\u00c7\u00c3O:<\/p>\n<p>\u00d3leo mineral paraf\u00ednico com aditivos antidesgaste, detergente dispersante, anticorrosivo e corante.<\/p>\n","protected":false},"featured_media":9690,"template":"","meta":[],"product_cat":[172,148],"product_tag":[],"class_list":{"0":"post-9689","1":"product","2":"type-product","3":"status-publish","4":"has-post-thumbnail","6":"product_cat-lubrificantes-especiais","7":"product_cat-oleos-de-motor","9":"first","10":"instock","11":"shipping-taxable","12":"purchasable","13":"product-type-simple","14":"add-to-wishlist-after_add_to_cart"},"_links":{"self":[{"href":"https:\/\/catalogo.rcddistribuidora.com\/index.php?rest_route=\/wp\/v2\/product\/9689","targetHints":{"allow":["GET"]}}],"collection":[{"href":"https:\/\/catalogo.rcddistribuidora.com\/index.php?rest_route=\/wp\/v2\/product"}],"about":[{"href":"https:\/\/catalogo.rcddistribuidora.com\/index.php?rest_route=\/wp\/v2\/types\/product"}],"wp:featuredmedia":[{"embeddable":true,"href":"https:\/\/catalogo.rcddistribuidora.com\/index.php?rest_route=\/wp\/v2\/media\/9690"}],"wp:attachment":[{"href":"https:\/\/catalogo.rcddistribuidora.com\/index.php?rest_route=%2Fwp%2Fv2%2Fmedia&parent=9689"}],"wp:term":[{"taxonomy":"product_cat","embeddable":true,"href":"https:\/\/catalogo.rcddistribuidora.com\/index.php?rest_route=%2Fwp%2Fv2%2Fproduct_cat&post=9689"},{"taxonomy":"product_tag","embeddable":true,"href":"https:\/\/catalogo.rcddistribuidora.com\/index.php?rest_route=%2Fwp%2Fv2%2Fproduct_tag&post=9689"}],"curies":[{"name":"wp","href":"https:\/\/api.w.org\/{rel}","templated":true}]}}