{"id":9683,"date":"2024-11-13T22:18:40","date_gmt":"2024-11-14T01:18:40","guid":{"rendered":"https:\/\/catalogo.rcddistribuidora.com\/?post_type=product&#038;p=9683"},"modified":"2024-11-14T12:31:45","modified_gmt":"2024-11-14T15:31:45","slug":"thf-sae-30-api-gl4","status":"publish","type":"product","link":"https:\/\/catalogo.rcddistribuidora.com\/?product=thf-sae-30-api-gl4","title":{"rendered":"THF SAE 30 API GL4"},"content":{"rendered":"","protected":false},"excerpt":{"rendered":"<p><strong>LUBRIFICANTE MULTIVISCOSO PARA TRANSMISS\u00c3O E SISTEMAS HIDR\u00c1ULICOS AGR\u00cdCOLAS<\/strong><\/p>\n<p>DESCRI\u00c7\u00c3O, APLICA\u00c7\u00c3O E BENEF\u00cdCIOS:<\/p>\n<p>\u00d3leo lubrificante monoviscoso para transmiss\u00e3o, sistema hidr\u00e1ulico, sistema de dire\u00e7\u00e3o de tratores e equipamentos agr\u00edcolas. Recomendado para m\u00faltiplas aplica\u00e7\u00f5es em tratores que necessitam de um lubrificante com essas caracter\u00edsticas.<\/p>\n<p>COMPOSI\u00c7\u00c3O:<\/p>\n<p>\u00d3leo mineral paraf\u00ednico com aditivos anticorrosivo, antiespumante, antidesgaste, antioxidante e melhorador de \u00edndice de viscosidade<\/p>\n","protected":false},"featured_media":9684,"template":"","meta":[],"product_cat":[172,148],"product_tag":[],"class_list":{"0":"post-9683","1":"product","2":"type-product","3":"status-publish","4":"has-post-thumbnail","6":"product_cat-lubrificantes-especiais","7":"product_cat-oleos-de-motor","9":"first","10":"instock","11":"shipping-taxable","12":"purchasable","13":"product-type-simple","14":"add-to-wishlist-after_add_to_cart"},"_links":{"self":[{"href":"https:\/\/catalogo.rcddistribuidora.com\/index.php?rest_route=\/wp\/v2\/product\/9683","targetHints":{"allow":["GET"]}}],"collection":[{"href":"https:\/\/catalogo.rcddistribuidora.com\/index.php?rest_route=\/wp\/v2\/product"}],"about":[{"href":"https:\/\/catalogo.rcddistribuidora.com\/index.php?rest_route=\/wp\/v2\/types\/product"}],"wp:featuredmedia":[{"embeddable":true,"href":"https:\/\/catalogo.rcddistribuidora.com\/index.php?rest_route=\/wp\/v2\/media\/9684"}],"wp:attachment":[{"href":"https:\/\/catalogo.rcddistribuidora.com\/index.php?rest_route=%2Fwp%2Fv2%2Fmedia&parent=9683"}],"wp:term":[{"taxonomy":"product_cat","embeddable":true,"href":"https:\/\/catalogo.rcddistribuidora.com\/index.php?rest_route=%2Fwp%2Fv2%2Fproduct_cat&post=9683"},{"taxonomy":"product_tag","embeddable":true,"href":"https:\/\/catalogo.rcddistribuidora.com\/index.php?rest_route=%2Fwp%2Fv2%2Fproduct_tag&post=9683"}],"curies":[{"name":"wp","href":"https:\/\/api.w.org\/{rel}","templated":true}]}}