{"id":9681,"date":"2024-11-13T22:14:52","date_gmt":"2024-11-14T01:14:52","guid":{"rendered":"https:\/\/catalogo.rcddistribuidora.com\/?post_type=product&#038;p=9681"},"modified":"2024-11-14T12:31:55","modified_gmt":"2024-11-14T15:31:55","slug":"thf-ultra-sae-10w30-api-gli4","status":"publish","type":"product","link":"https:\/\/catalogo.rcddistribuidora.com\/?product=thf-ultra-sae-10w30-api-gli4","title":{"rendered":"THF ULTRA SAE 10W30 API GLI4"},"content":{"rendered":"","protected":false},"excerpt":{"rendered":"<p><strong>LUBRIFICANTE MULTIVISCOSO PARA TRANSMISS\u00c3O E SISTEMAS HIDR\u00c1ULICOS AGR\u00cdCOLAS<\/strong><\/p>\n<p>DESCRI\u00c7\u00c3O, APLICA\u00c7\u00c3O E BENEF\u00cdCIOS:<\/p>\n<p>\u00d3leo lubrificante monoviscoso para transmiss\u00e3o, sistema hidr\u00e1ulico, sistema de dire\u00e7\u00e3o de tratores e equipamentos agr\u00edcolas. Recomendado para m\u00faltiplas aplica\u00e7\u00f5es em tratores que necessitam de um lubrificante com essas caracter\u00edsticas.<\/p>\n<p>Elevada prote\u00e7\u00e3o contra o desgaste aumentando a vida \u00fatil do equipamento controla a forma\u00e7\u00e3o de dep\u00f3sitos no motor e evita desgaste e corros\u00e3o.<\/p>\n<p>COMPOSI\u00c7\u00c3O:<\/p>\n<p>\u00d3leo mineral paraf\u00ednico com aditivos anticorrosivo. antiespumante, antidesgaste, antioxidante, melhorador de indice deviscosidade e abaixador de ponto de fluidez.<\/p>\n<p>&nbsp;<\/p>\n<p class=\"font_8 wixui-rich-text__text\"><span class=\"color_36 wixui-rich-text__text\"><span class=\"wixui-rich-text__text\">VISCOSIDADE:<\/span><\/span><\/p>\n<p class=\"font_8 wixui-rich-text__text\"><span class=\"color_36 wixui-rich-text__text\"><span class=\"wixui-rich-text__text\">SAE 10W30 API GLI4<br class=\"wixui-rich-text__text\" \/>\u2022 \u00a0John Deere J20C\u00a0<br class=\"wixui-rich-text__text\" \/>\u2022 \u00a0Caterpillar TO-4\u00a0<br class=\"wixui-rich-text__text\" \/>\u2022 \u00a0Alisson C4<\/span><\/span><\/p>\n","protected":false},"featured_media":9682,"template":"","meta":[],"product_cat":[172,148],"product_tag":[],"class_list":{"0":"post-9681","1":"product","2":"type-product","3":"status-publish","4":"has-post-thumbnail","6":"product_cat-lubrificantes-especiais","7":"product_cat-oleos-de-motor","9":"first","10":"instock","11":"shipping-taxable","12":"purchasable","13":"product-type-simple","14":"add-to-wishlist-after_add_to_cart"},"_links":{"self":[{"href":"https:\/\/catalogo.rcddistribuidora.com\/index.php?rest_route=\/wp\/v2\/product\/9681","targetHints":{"allow":["GET"]}}],"collection":[{"href":"https:\/\/catalogo.rcddistribuidora.com\/index.php?rest_route=\/wp\/v2\/product"}],"about":[{"href":"https:\/\/catalogo.rcddistribuidora.com\/index.php?rest_route=\/wp\/v2\/types\/product"}],"wp:featuredmedia":[{"embeddable":true,"href":"https:\/\/catalogo.rcddistribuidora.com\/index.php?rest_route=\/wp\/v2\/media\/9682"}],"wp:attachment":[{"href":"https:\/\/catalogo.rcddistribuidora.com\/index.php?rest_route=%2Fwp%2Fv2%2Fmedia&parent=9681"}],"wp:term":[{"taxonomy":"product_cat","embeddable":true,"href":"https:\/\/catalogo.rcddistribuidora.com\/index.php?rest_route=%2Fwp%2Fv2%2Fproduct_cat&post=9681"},{"taxonomy":"product_tag","embeddable":true,"href":"https:\/\/catalogo.rcddistribuidora.com\/index.php?rest_route=%2Fwp%2Fv2%2Fproduct_tag&post=9681"}],"curies":[{"name":"wp","href":"https:\/\/api.w.org\/{rel}","templated":true}]}}