{"id":9665,"date":"2024-11-13T21:34:59","date_gmt":"2024-11-14T00:34:59","guid":{"rendered":"https:\/\/catalogo.rcddistribuidora.com\/?post_type=product&#038;p=9665"},"modified":"2024-11-14T12:23:24","modified_gmt":"2024-11-14T15:23:24","slug":"hipoide-sae-140-api-gli4","status":"publish","type":"product","link":"https:\/\/catalogo.rcddistribuidora.com\/?product=hipoide-sae-140-api-gli4","title":{"rendered":"HIPOIDE SAE 140 API GLI4"},"content":{"rendered":"","protected":false},"excerpt":{"rendered":"<p><strong>LUBRIFICANTE MINERAL PARA C\u00c2MBIO E TRANSMISS\u00d5ES TIPO HIPOIDE<\/strong><\/p>\n<p>DESCRI\u00c7\u00c3O, APLICA\u00c7\u00c3O E BENEF\u00cdCIOS:<\/p>\n<p>\u00d3leo lubrificante monoviscoso para c\u00e2mbio, transmiss\u00f5es manuais e diferencial do tipo hipoide. Recomendado para uso em caixas de mudan\u00e7a manuais de caminh\u00f5es, \u00f4nibus, tratores e utilit\u00e1rios.<\/p>\n<p>Controla a forma\u00e7\u00e3o de dep\u00f3sitos e evita desgaste e corros\u00e3o das partes lubrificadas.<\/p>\n<p>COMPOSI\u00c7\u00c3O:<\/p>\n<p>\u00d3leo mineral paraf\u00ednico com aditivos antidesgaste, antioxidante, anticorrosivo, antiespumante, detergente dispersante, abaixador de ponto de fluidez e melhorador de \u00edndice de viscosidade.<\/p>\n","protected":false},"featured_media":9666,"template":"","meta":[],"product_cat":[172,148],"product_tag":[],"class_list":{"0":"post-9665","1":"product","2":"type-product","3":"status-publish","4":"has-post-thumbnail","6":"product_cat-lubrificantes-especiais","7":"product_cat-oleos-de-motor","9":"first","10":"instock","11":"shipping-taxable","12":"purchasable","13":"product-type-simple","14":"add-to-wishlist-after_add_to_cart"},"_links":{"self":[{"href":"https:\/\/catalogo.rcddistribuidora.com\/index.php?rest_route=\/wp\/v2\/product\/9665","targetHints":{"allow":["GET"]}}],"collection":[{"href":"https:\/\/catalogo.rcddistribuidora.com\/index.php?rest_route=\/wp\/v2\/product"}],"about":[{"href":"https:\/\/catalogo.rcddistribuidora.com\/index.php?rest_route=\/wp\/v2\/types\/product"}],"wp:featuredmedia":[{"embeddable":true,"href":"https:\/\/catalogo.rcddistribuidora.com\/index.php?rest_route=\/wp\/v2\/media\/9666"}],"wp:attachment":[{"href":"https:\/\/catalogo.rcddistribuidora.com\/index.php?rest_route=%2Fwp%2Fv2%2Fmedia&parent=9665"}],"wp:term":[{"taxonomy":"product_cat","embeddable":true,"href":"https:\/\/catalogo.rcddistribuidora.com\/index.php?rest_route=%2Fwp%2Fv2%2Fproduct_cat&post=9665"},{"taxonomy":"product_tag","embeddable":true,"href":"https:\/\/catalogo.rcddistribuidora.com\/index.php?rest_route=%2Fwp%2Fv2%2Fproduct_tag&post=9665"}],"curies":[{"name":"wp","href":"https:\/\/api.w.org\/{rel}","templated":true}]}}