{"id":9657,"date":"2024-11-13T21:15:35","date_gmt":"2024-11-14T00:15:35","guid":{"rendered":"https:\/\/catalogo.rcddistribuidora.com\/?post_type=product&#038;p=9657"},"modified":"2024-11-14T12:24:11","modified_gmt":"2024-11-14T15:24:11","slug":"moto-road-4t-sae-20w50-api-sl-jaso-ma2","status":"publish","type":"product","link":"https:\/\/catalogo.rcddistribuidora.com\/?product=moto-road-4t-sae-20w50-api-sl-jaso-ma2","title":{"rendered":"MOTO ROAD 4T SAE 20W50 API SL JASO MA2"},"content":{"rendered":"","protected":false},"excerpt":{"rendered":"<p><strong>LUBRIFICANTE MINERAL PARA MOTORES 4 TEMPOS DE MOTOCICLETAS<\/strong><\/p>\n<p>DESCRI\u00c7\u00c3O, APLICA\u00c7\u00c3O E BENEF\u00cdCIOS:<\/p>\n<p>\u00d3leo lubrificante multiviscoso para motores 4 tempos de motocicletas movidas a gasolina ou etanol.<\/p>\n<p>Prolonga a vida \u00fatil controlando a forma\u00e7\u00e3o de dep\u00f3sitos no motor, reduz o desgaste e a corros\u00e3o mesmo em baixas temperaturas.<\/p>\n<p>COMPOSI\u00c7\u00c3O:<\/p>\n<p>\u00d3leo mineral paraf\u00ednico com aditivos antidesgaste, antioxidante, anticorrosivo, antiespumante, detergente dispersante, abaixador de ponto de fluidez e melhorador de \u00edndice de viscosidade.<\/p>\n","protected":false},"featured_media":9658,"template":"","meta":[],"product_cat":[172,148],"product_tag":[],"class_list":{"0":"post-9657","1":"product","2":"type-product","3":"status-publish","4":"has-post-thumbnail","6":"product_cat-lubrificantes-especiais","7":"product_cat-oleos-de-motor","9":"first","10":"instock","11":"shipping-taxable","12":"purchasable","13":"product-type-simple","14":"add-to-wishlist-after_add_to_cart"},"_links":{"self":[{"href":"https:\/\/catalogo.rcddistribuidora.com\/index.php?rest_route=\/wp\/v2\/product\/9657","targetHints":{"allow":["GET"]}}],"collection":[{"href":"https:\/\/catalogo.rcddistribuidora.com\/index.php?rest_route=\/wp\/v2\/product"}],"about":[{"href":"https:\/\/catalogo.rcddistribuidora.com\/index.php?rest_route=\/wp\/v2\/types\/product"}],"wp:featuredmedia":[{"embeddable":true,"href":"https:\/\/catalogo.rcddistribuidora.com\/index.php?rest_route=\/wp\/v2\/media\/9658"}],"wp:attachment":[{"href":"https:\/\/catalogo.rcddistribuidora.com\/index.php?rest_route=%2Fwp%2Fv2%2Fmedia&parent=9657"}],"wp:term":[{"taxonomy":"product_cat","embeddable":true,"href":"https:\/\/catalogo.rcddistribuidora.com\/index.php?rest_route=%2Fwp%2Fv2%2Fproduct_cat&post=9657"},{"taxonomy":"product_tag","embeddable":true,"href":"https:\/\/catalogo.rcddistribuidora.com\/index.php?rest_route=%2Fwp%2Fv2%2Fproduct_tag&post=9657"}],"curies":[{"name":"wp","href":"https:\/\/api.w.org\/{rel}","templated":true}]}}