{"id":9650,"date":"2024-11-13T20:41:47","date_gmt":"2024-11-13T23:41:47","guid":{"rendered":"https:\/\/catalogo.rcddistribuidora.com\/?post_type=product&#038;p=9650"},"modified":"2024-11-14T12:24:46","modified_gmt":"2024-11-14T15:24:46","slug":"polar-lubrificante-mineral-automotivo-para-motor","status":"publish","type":"product","link":"https:\/\/catalogo.rcddistribuidora.com\/?product=polar-lubrificante-mineral-automotivo-para-motor","title":{"rendered":"POLAR SAE 15W40 API SL"},"content":{"rendered":"","protected":false},"excerpt":{"rendered":"<p><strong>LUBRIFICANTE MINERAL\u00a0AUTOMOTIVO PARA MOTOR<\/strong><\/p>\n<p>DESCRI\u00c7\u00c3O, APLICA\u00c7\u00c3O E BENEF\u00cdCIOS:<\/p>\n<p>\u00d3leo mineral de alta performance lubrificante multiviscoso formulado para motores \u00e0 gasolina, etanol, flex e GNV.<\/p>\n<p>Controla a forma\u00e7\u00e3o de dep\u00f3sitos no motor em altas temperaturas, garantindo partidas r\u00e1pidas mesmo em baixas temperaturas; reduz o desgaste, a corros\u00e3o e o consumo de \u00f3leo.<\/p>\n<p>COMPOSI\u00c7\u00c3O:<\/p>\n<p>\u00d3leo mineral paraf\u00ednico com aditivos antidesgaste, antioxidante, anticorrosivo, antiespumante, detergente dispersante, abaixador de ponto de fluidez e melhorador de \u00edndice de viscosidade.<\/p>\n","protected":false},"featured_media":9651,"template":"","meta":[],"product_cat":[148],"product_tag":[],"class_list":{"0":"post-9650","1":"product","2":"type-product","3":"status-publish","4":"has-post-thumbnail","6":"product_cat-oleos-de-motor","8":"first","9":"instock","10":"shipping-taxable","11":"purchasable","12":"product-type-simple","13":"add-to-wishlist-after_add_to_cart"},"_links":{"self":[{"href":"https:\/\/catalogo.rcddistribuidora.com\/index.php?rest_route=\/wp\/v2\/product\/9650","targetHints":{"allow":["GET"]}}],"collection":[{"href":"https:\/\/catalogo.rcddistribuidora.com\/index.php?rest_route=\/wp\/v2\/product"}],"about":[{"href":"https:\/\/catalogo.rcddistribuidora.com\/index.php?rest_route=\/wp\/v2\/types\/product"}],"wp:featuredmedia":[{"embeddable":true,"href":"https:\/\/catalogo.rcddistribuidora.com\/index.php?rest_route=\/wp\/v2\/media\/9651"}],"wp:attachment":[{"href":"https:\/\/catalogo.rcddistribuidora.com\/index.php?rest_route=%2Fwp%2Fv2%2Fmedia&parent=9650"}],"wp:term":[{"taxonomy":"product_cat","embeddable":true,"href":"https:\/\/catalogo.rcddistribuidora.com\/index.php?rest_route=%2Fwp%2Fv2%2Fproduct_cat&post=9650"},{"taxonomy":"product_tag","embeddable":true,"href":"https:\/\/catalogo.rcddistribuidora.com\/index.php?rest_route=%2Fwp%2Fv2%2Fproduct_tag&post=9650"}],"curies":[{"name":"wp","href":"https:\/\/api.w.org\/{rel}","templated":true}]}}