{"id":9627,"date":"2024-11-13T18:10:12","date_gmt":"2024-11-13T21:10:12","guid":{"rendered":"https:\/\/catalogo.rcddistribuidora.com\/?post_type=product&#038;p=9627"},"modified":"2024-11-14T12:26:41","modified_gmt":"2024-11-14T15:26:41","slug":"idemitsu-ifg-3-10w-30","status":"publish","type":"product","link":"https:\/\/catalogo.rcddistribuidora.com\/?product=idemitsu-ifg-3-10w-30","title":{"rendered":"IDEMITSU IFG 3 10W-30"},"content":{"rendered":"","protected":false},"excerpt":{"rendered":"<p>Idemitsu 10W-30 \u00e9 adequado para uso onde 10W-30 \u00e9 recomendado: todos os projetos de motores montadoras asi\u00e1ticas, motores TGDI (Motores Turbo Alimentados com Inje\u00e7\u00e3o Direta) e motores PFI (Normalmente Aspirados).<\/p>\n<p><strong>M\u00c1XIMA PROTE\u00c7\u00c3O<\/strong><\/p>\n<p>-Formulado com aditivos especiais e de \u00faltima gera\u00e7\u00e3o que promovem m\u00e1xima efici\u00eancia e limpeza do motor, minimizam a forma\u00e7\u00e3o de dep\u00f3sitos, mesmo sob condi\u00e7\u00f5es operacionais extremas;<\/p>\n<p>-Garante prote\u00e7\u00e3o superior em altas temperaturas prolongando a vida \u00fatil do motor atrav\u00e9s da ativa\u00e7\u00e3o de aditivos especiais que auxiliam no combato do desgaste e ajudam a manter o \u00f3leo espesso;<\/p>\n<p>-Tecnologia de prote\u00e7\u00e3o de bissulfeto de molibd\u00eanio forma uma densa camada protetora na superf\u00edcie do metal para resistir efetivamente ao desgaste do motor;<\/p>\n<p>-Previne a forma\u00e7\u00e3o de borra devido a sua alta capacidade antioxidante e \u00e9 compat\u00edvel com as veda\u00e7\u00f5es (como selos e an\u00e9is de borracha) mais rigorosos evitando potenciais vazamentos.<\/p>\n<p><strong>EFICI\u00caNCIA, ECONOMIA E SUSTENTABILIDADE<\/strong><\/p>\n<p>-Economia m\u00e1xima de combust\u00edvel, possui baixa viscosidade contribuindo para a redu\u00e7\u00e3o de CO2.<\/p>\n<p>-Indicado para motores de combust\u00e3o a etanol, a g\u00e1s e a gasolina.<\/p>\n<p>-Facilita a partida do motor, que pode arrancar rapidamente, mesmo em temperaturas mais frias atrav\u00e9s de sua excelente fluidez.<\/p>\n<p>-\u00d3leo de motor totalmente sint\u00e9tico e especial, seguindo os maiores padr\u00f5es de qualidade do mercado.<\/p>\n<p><strong>Descri\u00e7\u00e3o<\/strong><br \/>\nFormulado com \u00f3leos b\u00e1sicos especiais e aditivos de alta tecnologia, possui excelentes propriedades f\u00edsico-qu\u00edmicas, garantindo m\u00e1xima efici\u00eancia, torque e pot\u00eancia.<\/p>\n<p><strong>Aplica\u00e7\u00e3o<\/strong><br \/>\n\u00d3leo de motor mineral para todo autom\u00f3vel equipado com motor ciclo OTTO cujo manual indique a utiliza\u00e7\u00e3o de \u00f3leo 10W-30 API SP.<\/p>\n<p><strong>Caracter\u00edsticas<\/strong><br \/>\n(1) Grau de viscosidade: SAE 10W-30.<br \/>\n(2) N\u00edveis de desempenho: API SP.<br \/>\n(3) Alta prote\u00e7\u00e3o ao motor.<br \/>\n(4) Economia de combust\u00edvel.<\/p>\n<p>Capacidade: 1 litro<\/p>\n<p>Viscosidade: 10W-30<\/p>\n<p>Classifica\u00e7\u00e3o: mineral<\/p>\n<p>Performance: API SP &#8211; ILSAC GF-6<\/p>\n","protected":false},"featured_media":9628,"template":"","meta":[],"product_cat":[148],"product_tag":[],"class_list":{"0":"post-9627","1":"product","2":"type-product","3":"status-publish","4":"has-post-thumbnail","6":"product_cat-oleos-de-motor","8":"first","9":"instock","10":"shipping-taxable","11":"purchasable","12":"product-type-simple","13":"add-to-wishlist-after_add_to_cart"},"_links":{"self":[{"href":"https:\/\/catalogo.rcddistribuidora.com\/index.php?rest_route=\/wp\/v2\/product\/9627","targetHints":{"allow":["GET"]}}],"collection":[{"href":"https:\/\/catalogo.rcddistribuidora.com\/index.php?rest_route=\/wp\/v2\/product"}],"about":[{"href":"https:\/\/catalogo.rcddistribuidora.com\/index.php?rest_route=\/wp\/v2\/types\/product"}],"wp:featuredmedia":[{"embeddable":true,"href":"https:\/\/catalogo.rcddistribuidora.com\/index.php?rest_route=\/wp\/v2\/media\/9628"}],"wp:attachment":[{"href":"https:\/\/catalogo.rcddistribuidora.com\/index.php?rest_route=%2Fwp%2Fv2%2Fmedia&parent=9627"}],"wp:term":[{"taxonomy":"product_cat","embeddable":true,"href":"https:\/\/catalogo.rcddistribuidora.com\/index.php?rest_route=%2Fwp%2Fv2%2Fproduct_cat&post=9627"},{"taxonomy":"product_tag","embeddable":true,"href":"https:\/\/catalogo.rcddistribuidora.com\/index.php?rest_route=%2Fwp%2Fv2%2Fproduct_tag&post=9627"}],"curies":[{"name":"wp","href":"https:\/\/api.w.org\/{rel}","templated":true}]}}