{"id":9617,"date":"2024-11-12T18:45:46","date_gmt":"2024-11-12T21:45:46","guid":{"rendered":"https:\/\/catalogo.rcddistribuidora.com\/?post_type=product&#038;p=9617"},"modified":"2024-11-12T18:45:46","modified_gmt":"2024-11-12T21:45:46","slug":"dexcool","status":"publish","type":"product","link":"https:\/\/catalogo.rcddistribuidora.com\/?product=dexcool","title":{"rendered":"Dexcool"},"content":{"rendered":"","protected":false},"excerpt":{"rendered":"<p><strong>Tirreno Dexcool<\/strong>, aditivo de radiador org\u00e2nico homologado pela GM, a base de Monoetilenoglicol\/etilenoglicol como todos os aditivos homologados pelas montadoras, possui o selo DEXCOOL, ou seja, o produto foi desenvolvido atendendo os requisitos mais exigentes da GM para fluidos automotivos, atendendo as especifica\u00e7\u00f5es de seus motores. S\u00f3 contempla com este selo, produtos de alta tecnologia e qualidade.<\/p>\n<p><strong>S\u00e3o v\u00e1rios os benef\u00edcios de utilizar um produto homologado<\/strong>\u00a0que atende todas as normas e regulamenta\u00e7\u00f5es entre eles: excelente prote\u00e7\u00e3o para o motor, c\u00e2mbio e todo sistema de arrefecimento, compatibilidade com as partes pl\u00e1sticas, mangueiras e selos, garantia de manter a temperatura do motor constante, melhorando a troca t\u00e9rmica, al\u00e9m de proporcionar excelente prote\u00e7\u00e3o contra corros\u00e3o.\u202fAl\u00e9m dos benef\u00edcios anteriores o Tirreno Dexcool, garante aumento da vida \u00fatil das mangueiras, bomba d\u2019\u00e1gua e da v\u00e1lvula termost\u00e1tica<\/p>\n<p>\u00c9 indicado para ve\u00edculos leves e pesados, m\u00e1quinas agr\u00edcolas, motores estacion\u00e1rios, motores ferrovi\u00e1rios e mar\u00edtimos.<\/p>\n<p><strong>Vida \u00fatil:<\/strong><br \/>\nLinha leve: 5 anos \/ 240.000km<br \/>\nLinha Pesada: 5 anos \/ 480.000km<br \/>\nM\u00e1q. Agr\u00edcolas\/Constru\u00e7\u00e3o:\u00a08.000h<\/p>\n<p><strong>Atende Especifica\u00e7\u00f5es:<\/strong><\/p>\n<ul>\n<li>ABNT NBR 13705 Tipo A (Org\u00e2nico)<\/li>\n<li>ASTM D4985<\/li>\n<li>D3306<\/li>\n<li>GMW 3420<\/li>\n<\/ul>\n<p><strong>Isento de:<\/strong><\/p>\n<ul>\n<li>Nitritos<\/li>\n<li>Fosfatos<\/li>\n<li>Silicatos<\/li>\n<li>Aminas<\/li>\n<\/ul>\n<p><strong>Indica\u00e7\u00f5es:<\/strong><\/p>\n<ul>\n<li>ve\u00edculos leves e pesados<\/li>\n<li>m\u00e1quinas agr\u00edcolas<\/li>\n<li>motores estacion\u00e1rios<\/li>\n<li>motores ferrovi\u00e1rios<\/li>\n<li>motores mar\u00edtimos<\/li>\n<\/ul>\n","protected":false},"featured_media":9618,"template":"","meta":[],"product_cat":[109],"product_tag":[],"class_list":{"0":"post-9617","1":"product","2":"type-product","3":"status-publish","4":"has-post-thumbnail","6":"product_cat-aditivos","8":"first","9":"instock","10":"shipping-taxable","11":"purchasable","12":"product-type-simple","13":"add-to-wishlist-after_add_to_cart"},"_links":{"self":[{"href":"https:\/\/catalogo.rcddistribuidora.com\/index.php?rest_route=\/wp\/v2\/product\/9617","targetHints":{"allow":["GET"]}}],"collection":[{"href":"https:\/\/catalogo.rcddistribuidora.com\/index.php?rest_route=\/wp\/v2\/product"}],"about":[{"href":"https:\/\/catalogo.rcddistribuidora.com\/index.php?rest_route=\/wp\/v2\/types\/product"}],"wp:featuredmedia":[{"embeddable":true,"href":"https:\/\/catalogo.rcddistribuidora.com\/index.php?rest_route=\/wp\/v2\/media\/9618"}],"wp:attachment":[{"href":"https:\/\/catalogo.rcddistribuidora.com\/index.php?rest_route=%2Fwp%2Fv2%2Fmedia&parent=9617"}],"wp:term":[{"taxonomy":"product_cat","embeddable":true,"href":"https:\/\/catalogo.rcddistribuidora.com\/index.php?rest_route=%2Fwp%2Fv2%2Fproduct_cat&post=9617"},{"taxonomy":"product_tag","embeddable":true,"href":"https:\/\/catalogo.rcddistribuidora.com\/index.php?rest_route=%2Fwp%2Fv2%2Fproduct_tag&post=9617"}],"curies":[{"name":"wp","href":"https:\/\/api.w.org\/{rel}","templated":true}]}}