{"id":9613,"date":"2024-11-12T18:41:52","date_gmt":"2024-11-12T21:41:52","guid":{"rendered":"https:\/\/catalogo.rcddistribuidora.com\/?post_type=product&#038;p=9613"},"modified":"2024-11-12T18:41:52","modified_gmt":"2024-11-12T21:41:52","slug":"tirreno-global-invisible-cool","status":"publish","type":"product","link":"https:\/\/catalogo.rcddistribuidora.com\/?product=tirreno-global-invisible-cool","title":{"rendered":"Tirreno Global Invisible Cool"},"content":{"rendered":"","protected":false},"excerpt":{"rendered":"<p>O <b>ADITIVO PARA RADIADOR GLOBAL INVISIBLE COOL<\/b>\u00a0foi desenvolvido para \u201ccompletar\u201d o n\u00edvel do sistema de arrefecimento. \u00c9 um aditivo pronto para o uso que possui etilenoglicol e promove excelente prote\u00e7\u00e3o e troca t\u00e9rmica para o motor. Possui compatibilidade com todas as cores de aditivos, sendo assim, ao ser adicionado para completar o sistema de arrefecimento, n\u00e3o haver\u00e1 mudan\u00e7a significativa na cor original do aditivo do ve\u00edculo.<\/p>\n<p><strong>Atende Especifica\u00e7\u00f5es:<\/strong><\/p>\n<ul>\n<li>ABNT NBR 14261 tipo A<\/li>\n<li>ASTM D4985 e D3306<\/li>\n<\/ul>\n<p><strong>Isento de:<\/strong><\/p>\n<ul>\n<li>Nitritos<\/li>\n<li>Fosfatos<\/li>\n<li>Silicatos<\/li>\n<li>Aminas<\/li>\n<\/ul>\n<p><strong>Indica\u00e7\u00f5es:<\/strong><\/p>\n<ul>\n<li>ve\u00edculos leves e pesados<\/li>\n<li>m\u00e1quinas agr\u00edcolas<\/li>\n<li>motores estacion\u00e1rios<\/li>\n<li>motores ferrovi\u00e1rios<\/li>\n<li>motores mar\u00edtimos<\/li>\n<\/ul>\n","protected":false},"featured_media":9616,"template":"","meta":[],"product_cat":[148],"product_tag":[],"class_list":{"0":"post-9613","1":"product","2":"type-product","3":"status-publish","4":"has-post-thumbnail","6":"product_cat-oleos-de-motor","8":"first","9":"instock","10":"shipping-taxable","11":"purchasable","12":"product-type-simple","13":"add-to-wishlist-after_add_to_cart"},"_links":{"self":[{"href":"https:\/\/catalogo.rcddistribuidora.com\/index.php?rest_route=\/wp\/v2\/product\/9613","targetHints":{"allow":["GET"]}}],"collection":[{"href":"https:\/\/catalogo.rcddistribuidora.com\/index.php?rest_route=\/wp\/v2\/product"}],"about":[{"href":"https:\/\/catalogo.rcddistribuidora.com\/index.php?rest_route=\/wp\/v2\/types\/product"}],"wp:featuredmedia":[{"embeddable":true,"href":"https:\/\/catalogo.rcddistribuidora.com\/index.php?rest_route=\/wp\/v2\/media\/9616"}],"wp:attachment":[{"href":"https:\/\/catalogo.rcddistribuidora.com\/index.php?rest_route=%2Fwp%2Fv2%2Fmedia&parent=9613"}],"wp:term":[{"taxonomy":"product_cat","embeddable":true,"href":"https:\/\/catalogo.rcddistribuidora.com\/index.php?rest_route=%2Fwp%2Fv2%2Fproduct_cat&post=9613"},{"taxonomy":"product_tag","embeddable":true,"href":"https:\/\/catalogo.rcddistribuidora.com\/index.php?rest_route=%2Fwp%2Fv2%2Fproduct_tag&post=9613"}],"curies":[{"name":"wp","href":"https:\/\/api.w.org\/{rel}","templated":true}]}}