{"id":9605,"date":"2024-11-07T19:54:21","date_gmt":"2024-11-07T22:54:21","guid":{"rendered":"https:\/\/catalogo.rcddistribuidora.com\/?post_type=product&#038;p=9605"},"modified":"2024-11-10T15:24:33","modified_gmt":"2024-11-10T18:24:33","slug":"9605","status":"publish","type":"product","link":"https:\/\/catalogo.rcddistribuidora.com\/?product=9605","title":{"rendered":"Motorbull\u00ae 300 ML"},"content":{"rendered":"","protected":false},"excerpt":{"rendered":"<p>MOTORBULL\u00ae \u00e9\u00a0resultado de uma pesquisa desenvolvida na Alemanha, para atender o setor industrial e sua necessidade de\u00a0diminuir os custos de manuten\u00e7\u00e3o em seus maquin\u00e1rios. Ap\u00f3s o sucesso nas ind\u00fastrias, come\u00e7ou a ser utilizado em outros segmentos.\u00a0\u00a0Com nanopart\u00edculas de carbono, o elemento mais resistente da natureza e uma cadeia de 3 \u00e9steres que recuperam e reidratam as veda\u00e7\u00f5es danificadas e protegem as mol\u00e9culas do \u00f3leo de oxida\u00e7\u00e3o, fazem da f\u00f3rmula de MOTORBULL\u00ae, a mais avan\u00e7ada tecnologia para prote\u00e7\u00e3o de motores e metais do mundo.<br \/>\nAs nanopart\u00edculas de carbono s\u00e3o respons\u00e1veis pela prote\u00e7\u00e3o e redu\u00e7\u00e3o de atrito das partes m\u00f3veis do motor, diminuindo a temperatura de funcionamento e tornando-as 20\u00a0vezes mais resistentes\u00a0a todos os tipos de desgastes provocados por extrema press\u00e3o, temperatura, fric\u00e7\u00e3o e corros\u00e3o sem alterar as folgas do motor.\u00a0Por n\u00e3o conter Cloro, que \u00e9 uma f\u00f3rmula ultrapassada, MOTORBULL\u00ae n\u00e3o tem os agravantes de corros\u00e3o do alum\u00ednio,\u00a0deteriora\u00e7\u00e3o\u00a0dos retentores e veda\u00e7\u00f5es do motor.<\/p>\n","protected":false},"featured_media":9606,"template":"","meta":[],"product_cat":[148],"product_tag":[],"class_list":{"0":"post-9605","1":"product","2":"type-product","3":"status-publish","4":"has-post-thumbnail","6":"product_cat-oleos-de-motor","8":"first","9":"instock","10":"shipping-taxable","11":"purchasable","12":"product-type-simple","13":"add-to-wishlist-after_add_to_cart"},"_links":{"self":[{"href":"https:\/\/catalogo.rcddistribuidora.com\/index.php?rest_route=\/wp\/v2\/product\/9605","targetHints":{"allow":["GET"]}}],"collection":[{"href":"https:\/\/catalogo.rcddistribuidora.com\/index.php?rest_route=\/wp\/v2\/product"}],"about":[{"href":"https:\/\/catalogo.rcddistribuidora.com\/index.php?rest_route=\/wp\/v2\/types\/product"}],"wp:featuredmedia":[{"embeddable":true,"href":"https:\/\/catalogo.rcddistribuidora.com\/index.php?rest_route=\/wp\/v2\/media\/9606"}],"wp:attachment":[{"href":"https:\/\/catalogo.rcddistribuidora.com\/index.php?rest_route=%2Fwp%2Fv2%2Fmedia&parent=9605"}],"wp:term":[{"taxonomy":"product_cat","embeddable":true,"href":"https:\/\/catalogo.rcddistribuidora.com\/index.php?rest_route=%2Fwp%2Fv2%2Fproduct_cat&post=9605"},{"taxonomy":"product_tag","embeddable":true,"href":"https:\/\/catalogo.rcddistribuidora.com\/index.php?rest_route=%2Fwp%2Fv2%2Fproduct_tag&post=9605"}],"curies":[{"name":"wp","href":"https:\/\/api.w.org\/{rel}","templated":true}]}}