{"id":10737,"date":"2025-01-13T19:09:48","date_gmt":"2025-01-13T22:09:48","guid":{"rendered":"https:\/\/catalogo.rcddistribuidora.com\/?post_type=product&#038;p=10737"},"modified":"2025-01-13T19:09:48","modified_gmt":"2025-01-13T22:09:48","slug":"titan-gt1-flex-23-sae-5w-30-2","status":"publish","type":"product","link":"https:\/\/catalogo.rcddistribuidora.com\/?product=titan-gt1-flex-23-sae-5w-30-2","title":{"rendered":"TITAN GT1 FLEX 23 SAE 5W-30"},"content":{"rendered":"","protected":false},"excerpt":{"rendered":"<p>\u00d3leo de motor de alto desempenho e potencial economia de combust\u00edvel, com \u00f3timas propriedades de partida a frio e excelentes reservas de desempenho para carros de passageiros modernos e ve\u00edculos comerciais leves com ou sem intervalos de manuten\u00e7\u00e3o prolongados.<\/p>\n<p><strong>Descri\u00e7\u00e3o<\/strong><br \/>\nO TITAN GT1 FLEX 23 SAE 5W-30 \u00e9 um \u00f3leo de alto desempenho para motores de ve\u00edculos de passeio e vans. Com a combina\u00e7\u00e3o do ACEA C2 e C3, e as aprova\u00e7\u00f5es correspondentes, o TITAN GT1 FLEX 23 SAE 5W-30 oferece uma ampla gama de aplica\u00e7\u00f5es, inclusive em um grande n\u00famero de fabricantes europeus e asi\u00e1ticos. Este produto tamb\u00e9m \u00e9 adequado para uso nos modernos motores compactos e motores com o sistema start-stop, bem como ve\u00edculos com sistemas de p\u00f3s-tratamento de gases de escape, como filtros de part\u00edculas ou conversores catal\u00edticos.<br \/>\nO TITAN GT1 FLEX 23 SAE 5W-30 pode alcan\u00e7ar mais que o dobro da economia de combust\u00edvel em compara\u00e7\u00e3o com os produtos ACEA C3 convencionais de mesma classe SAE (de acordo com M111 FE).<\/p>\n<p><strong>Aplica\u00e7\u00e3o<\/strong><br \/>\nO TITAN GT1 FLEX 23 SAE 5W-30 \u00e9 adequado para ve\u00edculos movidos a diesel, gasolina, \u00e1lcool, Flex ou g\u00e1s, tamb\u00e9m em conjunto com os mais recentes sistemas de p\u00f3s-tratamento de gases de escape. O produto tamb\u00e9m pode ser aplicado em diversos ve\u00edculos de fabricantes asi\u00e1ticos onde for especificado um \u00f3leo de acordo com a API SN, ACEA C2 ou C3. TITAN GT1 FLEX 23 SAE 5W-30 pode ser aplicado em motores diesel somente quando abastecidos com \u00f3leo diesel de baixo teor de enxofre. Este produto \u00e9 misc\u00edvel e compat\u00edvel com os \u00f3leos para motores das marcas convencionais.<br \/>\nNo entanto, a mistura com outros \u00f3leos de motor deve ser evitada para aproveitar totalmente os benef\u00edcios do produto. Recomenda-se uma troca completa do \u00f3leo ao migrar para o TITAN GT1 FLEX 23 SAE 5W-30. Para informa\u00e7\u00f5es sobre seguran\u00e7a e descarte adequado, favor orientar-se pelas informa\u00e7\u00f5es presentes na embalagem e na FISPQ.<\/p>\n<p><strong>Vantagens<\/strong><br \/>\n\u25aa Universalmente aplic\u00e1vel em motores a diesel, gasolina, \u00e1lcool, Flex e g\u00e1s de diversos fabricantes.<br \/>\n\u25aa Redu\u00e7\u00e3o adicional de at\u00e9 1,6% no consumo de combust\u00edvel quando comparado com a mesma classe de viscosidade SAE.<br \/>\n\u25aa \u00d3tima resist\u00eancia ao envelhecimento.<br \/>\n\u25aa Protege os sistemas de p\u00f3s-tratamento dos gases de escape.<\/p>\n<p><strong>Especifica\u00e7\u00f5es<\/strong><br \/>\n\u25aa ACEA C2\/C3<br \/>\n\u25aa API SN<\/p>\n<p><strong>Aprova\u00e7\u00f5es<\/strong><br \/>\n\u25aa BMW LONGLIFE-04<br \/>\n\u25aa Aprova\u00e7\u00e3o MB 229.31<br \/>\n\u25aa Aprova\u00e7\u00e3o MB 229.51<br \/>\n\u25aa Aprova\u00e7\u00e3o MB 229.52<br \/>\n\u25aa OPEL OV0401547 \u2013 D30<br \/>\n\u25aa VW 505 00\/505 01<\/p>\n<p><strong>Recomenda\u00e7\u00f5es FUCHS<\/strong><br \/>\n\u25aa CHRYSLER MS-11106<br \/>\n\u25aa FIAT 9.55535-S1 \/ -S3<br \/>\n\u25aa GM-LL-A-025<br \/>\n\u25aa GM-LL-B-025<br \/>\n\u25aa IVECO 18-1811 CLASSE SC1<\/p>\n<p><strong>CARACTER\u00cdSTICAS T\u00cdPICAS<\/strong><br \/>\nDensidade \u00e0 15 \u00b0C\u00a0 \u00a0 \u00a0 \u00a0 \u00a0 \u00a0 \u00a0 \u00a0 \u00a0 \u00a0 \u00a0 \u00a0 \u00a0 \u00a0 \u00a0 \u00a0 \u00a0 \u00a0 \u00a0 \u00a0 \u00a0 \u00a0 \u00a0DIN 51757\u00a0 \u00a0 \u00a0 \u00a0 \u00a0 \u00a0 \u00a0 \u00a0 \u00a0 \u00a0 \u00a0 \u00a0 \u00a00,853 g\/ml<br \/>\nGrau SAE\u00a0 \u00a0 \u00a0 \u00a0 \u00a0 \u00a0 \u00a0 \u00a0 \u00a0 \u00a0 \u00a0 \u00a0 \u00a0 \u00a0 \u00a0 \u00a0 \u00a0 \u00a0 \u00a0 \u00a0 \u00a0 \u00a0 \u00a0 \u00a0 \u00a0 \u00a0 \u00a0 \u00a0 \u00a0 \u00a0 SAE J300\u00a0 \u00a0 \u00a0 \u00a0 \u00a0 \u00a0 \u00a0 \u00a0 \u00a0 \u00a0 \u00a0 \u00a0 \u00a0 5W-30<br \/>\nViscosidade Cinem\u00e1tica a 40 \u00b0C\u00a0 \u00a0 \u00a0 \u00a0 \u00a0 \u00a0 \u00a0 \u00a0 \u00a0 \u00a0 DIN 51562-1\u00a0 \u00a0 \u00a0 \u00a0 \u00a0 \u00a0 \u00a0 \u00a0 \u00a0 \u00a0 \u00a0 71,8 mm2\/s<br \/>\nViscosidade Cinem\u00e1tica a 100 \u00b0C\u00a0 \u00a0 \u00a0 \u00a0 \u00a0 \u00a0 \u00a0 \u00a0 \u00a0 DIN 51562-1\u00a0 \u00a0 \u00a0 \u00a0 \u00a0 \u00a0 \u00a0 \u00a0 \u00a0 \u00a0 \u00a0 12,0 mm2\/s<br \/>\n\u00cdndice de viscosidade\u00a0 \u00a0 \u00a0 \u00a0 \u00a0 \u00a0 \u00a0 \u00a0 \u00a0 \u00a0 \u00a0 \u00a0 \u00a0 \u00a0 \u00a0 \u00a0 \u00a0 \u00a0 \u00a0 \u00a0DIN ISO 2909\u00a0 \u00a0 \u00a0 \u00a0 \u00a0 \u00a0 \u00a0 \u00a0 \u00a0 \u00a0164<br \/>\nHTHS\u00a0 \u00a0 \u00a0 \u00a0 \u00a0 \u00a0 \u00a0 \u00a0 \u00a0 \u00a0 \u00a0 \u00a0 \u00a0 \u00a0 \u00a0 \u00a0 \u00a0 \u00a0 \u00a0 \u00a0 \u00a0 \u00a0 \u00a0 \u00a0 \u00a0 \u00a0 \u00a0 \u00a0 \u00a0 \u00a0 \u00a0 \u00a0 \u00a0 CEC L-036-90\u00a0 \u00a0 \u00a0 \u00a0 \u00a0 \u00a0 \u00a0 \u00a0 \u00a0 \u00a03,5 mPa*s<br \/>\nPonto de fluidez\u00a0 \u00a0 \u00a0 \u00a0 \u00a0 \u00a0 \u00a0 \u00a0 \u00a0 \u00a0 \u00a0 \u00a0 \u00a0 \u00a0 \u00a0 \u00a0 \u00a0 \u00a0 \u00a0 \u00a0 \u00a0 \u00a0 \u00a0 \u00a0 DIN ISO 3016\u00a0 \u00a0 \u00a0 \u00a0 \u00a0 \u00a0 \u00a0 \u00a0 \u00a0 \u00a0 -42 \u00b0C<br \/>\nCinzas sulfatadas\u00a0 \u00a0 \u00a0 \u00a0 \u00a0 \u00a0 \u00a0 \u00a0 \u00a0 \u00a0 \u00a0 \u00a0 \u00a0 \u00a0 \u00a0 \u00a0 \u00a0 \u00a0 \u00a0 \u00a0 \u00a0 \u00a0 \u00a0 ASTM D874\u00a0 \u00a0 \u00a0 \u00a0 \u00a0 \u00a0 \u00a0 \u00a0 \u00a0 \u00a0 \u00a0 \u00a0 0,7 %<br \/>\nCor\u00a0 \u00a0 \u00a0 \u00a0 \u00a0 \u00a0 \u00a0 \u00a0 \u00a0 \u00a0 \u00a0 \u00a0 \u00a0 \u00a0 \u00a0 \u00a0 \u00a0 \u00a0 \u00a0 \u00a0 \u00a0 \u00a0 \u00a0 \u00a0 \u00a0 \u00a0 \u00a0 \u00a0 \u00a0 \u00a0 \u00a0 \u00a0 \u00a0 \u00a0 \u00a0 \u00a0DIN 10964\u00a0 \u00a0 \u00a0 \u00a0 \u00a0 \u00a0 \u00a0 \u00a0 \u00a0 \u00a0 \u00a0 \u00a0 \u00a0 \u00c2mbar<\/p>\n<p>O conte\u00fado deste informativo de produto \u00e9 baseado na experi\u00eancia e conhecimento da FUCHS LUBRIFICANTES DO BRASIL no desenvolvimento e fabrica\u00e7\u00e3o de lubrificantes, e representa a tecnologia de ponta atual. O desempenho dos nossos produtos pode ser influenciado por uma s\u00e9rie de fatores, especialmente a utiliza\u00e7\u00e3o espec\u00edfica, o m\u00e9todo de aplica\u00e7\u00e3o, o ambiente operacional, o pr\u00e9-tratamento, a poss\u00edvel contamina\u00e7\u00e3o externa etc. Por este motivo, afirma\u00e7\u00f5es generalizadas sobre a fun\u00e7\u00e3o dos nossos produtos n\u00e3o s\u00e3o poss\u00edveis. Nossos produtos n\u00e3o devem ser usados em aeronaves ou ve\u00edculos espaciais. Nossos produtos podem ser usados na produ\u00e7\u00e3o de componentes de aeronaves ou ve\u00edculos espaciais se forem removidos sem res\u00edduos desses componentes antes da montagem de aeronaves ou ve\u00edculos espaciais. As informa\u00e7\u00f5es sobre o produto representam diretrizes gerais, n\u00e3o vinculativas. Nenhuma garantia expressa ou impl\u00edcita \u00e9 dada sobre as propriedades do produto ou sua adequa\u00e7\u00e3o para qualquer aplica\u00e7\u00e3o dada.<br \/>\nPor isso, recomendamos que voc\u00ea consulte o Departamento T\u00e9cnico da FUCHS LUBRIFICANTES DO BRASIL para discutir as condi\u00e7\u00f5es de aplica\u00e7\u00e3o e os crit\u00e9rios de desempenho dos produtos antes de ser utilizado. \u00c9 responsabilidade do usu\u00e1rio verificar a adequa\u00e7\u00e3o funcional do produto e us\u00e1-lo com o devido cuidado.<br \/>\nNossos produtos s\u00e3o continuamente melhorados. N\u00f3s ent\u00e3o nos reservamos o direito de mudar nosso programa de produto, os produtos e seus processos de fabrica\u00e7\u00e3o, bem como todos os detalhes dos nossos formul\u00e1rios de informa\u00e7\u00e3o do produto a qualquer momento, sem aviso pr\u00e9vio, a menos que haja acordos espec\u00edficos com clientes. Com a publica\u00e7\u00e3o deste informativo de produto, todas as edi\u00e7\u00f5es anteriores deixam de ser v\u00e1lidas.<\/p>\n","protected":false},"featured_media":10738,"template":"","meta":[],"product_cat":[135],"product_tag":[],"class_list":{"0":"post-10737","1":"product","2":"type-product","3":"status-publish","4":"has-post-thumbnail","6":"product_cat-fluidos","8":"first","9":"instock","10":"shipping-taxable","11":"purchasable","12":"product-type-simple","13":"add-to-wishlist-after_add_to_cart"},"_links":{"self":[{"href":"https:\/\/catalogo.rcddistribuidora.com\/index.php?rest_route=\/wp\/v2\/product\/10737","targetHints":{"allow":["GET"]}}],"collection":[{"href":"https:\/\/catalogo.rcddistribuidora.com\/index.php?rest_route=\/wp\/v2\/product"}],"about":[{"href":"https:\/\/catalogo.rcddistribuidora.com\/index.php?rest_route=\/wp\/v2\/types\/product"}],"wp:featuredmedia":[{"embeddable":true,"href":"https:\/\/catalogo.rcddistribuidora.com\/index.php?rest_route=\/wp\/v2\/media\/10738"}],"wp:attachment":[{"href":"https:\/\/catalogo.rcddistribuidora.com\/index.php?rest_route=%2Fwp%2Fv2%2Fmedia&parent=10737"}],"wp:term":[{"taxonomy":"product_cat","embeddable":true,"href":"https:\/\/catalogo.rcddistribuidora.com\/index.php?rest_route=%2Fwp%2Fv2%2Fproduct_cat&post=10737"},{"taxonomy":"product_tag","embeddable":true,"href":"https:\/\/catalogo.rcddistribuidora.com\/index.php?rest_route=%2Fwp%2Fv2%2Fproduct_tag&post=10737"}],"curies":[{"name":"wp","href":"https:\/\/api.w.org\/{rel}","templated":true}]}}