{"id":10732,"date":"2025-01-13T18:57:37","date_gmt":"2025-01-13T21:57:37","guid":{"rendered":"https:\/\/catalogo.rcddistribuidora.com\/?post_type=product&#038;p=10732"},"modified":"2025-01-13T18:57:37","modified_gmt":"2025-01-13T21:57:37","slug":"titan-syn-sp-sae-5w-30","status":"publish","type":"product","link":"https:\/\/catalogo.rcddistribuidora.com\/?product=titan-syn-sp-sae-5w-30","title":{"rendered":"TITAN SYN SP SAE 5W-30"},"content":{"rendered":"","protected":false},"excerpt":{"rendered":"<p>\u00d3leo de motor de alto desempenho e economia de combust\u00edvel para diversos modelos de ve\u00edculos com ou sem intervalos de manuten\u00e7\u00e3o prolongados. Boas propriedades de partida a frio e baixo consumo de \u00f3leo.<\/p>\n<p><strong>Descri\u00e7\u00e3o<\/strong><br \/>\nTITAN SYN SP SAE 5W-30 \u00e9 o produto multifuncional da s\u00e9rie de \u00f3leos para motores TITAN SYN. Sua formula\u00e7\u00e3o \u00e9 baseada em uma inovativa tecnologia para \u00f3leos de motores para proporcionar uma lubrifica\u00e7\u00e3o segura em todas as condi\u00e7\u00f5es de funcionamento. Como \u00e9 um \u00f3leo de motor de alto desempenho, pode ser usado durante todo o ano. O TITAN SYN SP SAE 5W-30 \u00e9 um \u00f3leo de motor com \u00f3timas propriedades de partida a frio. As boas propriedades de fluxo a frio do TITAN SYN SP SAE 5W-30 garantem uma lubrifica\u00e7\u00e3o mais r\u00e1pida em todas as partes do motor. O Atrito e desgaste s\u00e3o significativamente reduzidos e, com isso, se obt\u00e9m uma melhor efici\u00eancia do combust\u00edvel. O TITAN SYN SP SAE 5W-30 garante seguran\u00e7a operacional em todas as condi\u00e7\u00f5es de condu\u00e7\u00e3o.<\/p>\n<p><strong>Aplica\u00e7\u00e3o<\/strong><br \/>\nO TITAN SYN SP SAE 5W-30 \u00e9 indicado para uso em ve\u00edculos de passeio e comercias leve equipados com motores a gasolina independentemente de serem aspirados ou turbo. Como um \u00f3leo para todas as esta\u00e7\u00f5es, o TITAN SYN SP SAE 5W-30 oferece uma \u00f3tima partida a frio, bem como economia de combust\u00edvel no inverno, al\u00e9m de alta estabilidade t\u00e9rmica no ver\u00e3o. O TITAN SYN SP SAE 5W-30 \u00e9 misc\u00edvel e compat\u00edvel com os \u00f3leos de motor de marcas convencionais. No entanto, a mistura com outros \u00f3leos de motor deve ser evitada para aproveitar totalmente os benef\u00edcios do produto. Respectivamente, recomenda-se uma troca completa do \u00f3leo ao migrar para o TITAN SYN SP SAE 5W-30. Para informa\u00e7\u00f5es sobre seguran\u00e7a e descarte adequado do produto, favor orientar-se pelas informa\u00e7\u00f5es presentes na embalagem e na FISPQ.<\/p>\n<p><strong>Vantagens \/ Benef\u00edcios<\/strong><br \/>\n\u25aa Pode ser utilizado em diversos tipos de ve\u00edculos<br \/>\n\u25aa Boas propriedades de partida a frio<br \/>\n\u25aa Oferece uma boa limpeza do motor<br \/>\n\u25aa Alta resist\u00eancia t\u00e9rmica.<br \/>\n\u25aa Economia de combust\u00edvel em todas as condi\u00e7\u00f5es de opera\u00e7\u00e3o<br \/>\n\u25aa Baixas perdas por evapora\u00e7\u00e3o<br \/>\n\u25aa Prote\u00e7\u00e3o confi\u00e1vel contra desgaste para todos os motores<\/p>\n<p><strong>Especifica\u00e7\u00f5es<\/strong><br \/>\n\u25aa API SP<br \/>\n\u25aa ILSAC GF-6<\/p>\n<p><strong>Aprova\u00e7\u00f5es<\/strong><br \/>\n\u25aa &#8211;<\/p>\n<p><strong>Recomenda\u00e7\u00f5es FUCHS<\/strong><br \/>\n\u25aa &#8211;<\/p>\n<p><strong>CARACTER\u00cdSTICAS TIP\u00cdCAS<\/strong><br \/>\nDensidade \u00e0 15 \u00b0C\u00a0 \u00a0 \u00a0 \u00a0 \u00a0 \u00a0 \u00a0 \u00a0 \u00a0 \u00a0 \u00a0 \u00a0 \u00a0 \u00a0 \u00a0 \u00a0 \u00a0 \u00a0 \u00a0 \u00a0 \u00a0 \u00a0 \u00a0 \u00a0ASTM D 7042\u00a0 \u00a0 \u00a0 \u00a0 \u00a0 \u00a0 \u00a0 \u00a0 \u00a0 \u00a0 0,8475 g\/ml<br \/>\nGrau SAE\u00a0 \u00a0 \u00a0 \u00a0 \u00a0 \u00a0 \u00a0 \u00a0 \u00a0 \u00a0 \u00a0 \u00a0 \u00a0 \u00a0 \u00a0 \u00a0 \u00a0 \u00a0 \u00a0 \u00a0 \u00a0 \u00a0 \u00a0 \u00a0 \u00a0 \u00a0 \u00a0 \u00a0 \u00a0 \u00a0 \u00a0 SAE J300\u00a0 \u00a0 \u00a0 \u00a0 \u00a0 \u00a0 \u00a0 \u00a0 \u00a0 \u00a0 \u00a0 \u00a0 \u00a0 \u00a0 5W-30<br \/>\nViscosidade Cinem\u00e1tica a 40 \u00b0C\u00a0 \u00a0 \u00a0 \u00a0 \u00a0 \u00a0 \u00a0 \u00a0 \u00a0 \u00a0 \u00a0 ASTM D 445\/ 7042\u00a0 \u00a0 \u00a0 \u00a0 \u00a0 \u00a054,80 mm\u00b2\/s<br \/>\nViscosidade Cinem\u00e1tica a 100 \u00b0C\u00a0 \u00a0 \u00a0 \u00a0 \u00a0 \u00a0 \u00a0 \u00a0 \u00a0 \u00a0 ASTM D 445\/ 7042\u00a0 \u00a0 \u00a0 \u00a0 \u00a0 \u00a09,800 mm\u00b2\/s<br \/>\n\u00cdndice de viscosidade\u00a0 \u00a0 \u00a0 \u00a0 \u00a0 \u00a0 \u00a0 \u00a0 \u00a0 \u00a0 \u00a0 \u00a0 \u00a0 \u00a0 \u00a0 \u00a0 \u00a0 \u00a0 \u00a0 \u00a0 \u00a0ASTM D 2270\u00a0 \u00a0 \u00a0 \u00a0 \u00a0 \u00a0 \u00a0 \u00a0 \u00a0 \u00a0 \u00a0164<br \/>\nHTHS\u00a0 \u00a0 \u00a0 \u00a0 \u00a0 \u00a0 \u00a0 \u00a0 \u00a0 \u00a0 \u00a0 \u00a0 \u00a0 \u00a0 \u00a0 \u00a0 \u00a0 \u00a0 \u00a0 \u00a0 \u00a0 \u00a0 \u00a0 \u00a0 \u00a0 \u00a0 \u00a0 \u00a0 \u00a0 \u00a0 \u00a0 \u00a0 \u00a0 \u00a0 CEC-L-36-A-90\u00a0 \u00a0 \u00a0 \u00a0 \u00a0 \u00a0 \u00a0 \u00a0 \u00a0 \u2265 2,9 mPa*s<br \/>\nPonto de fluidez\u00a0 \u00a0 \u00a0 \u00a0 \u00a0 \u00a0 \u00a0 \u00a0 \u00a0 \u00a0 \u00a0 \u00a0 \u00a0 \u00a0 \u00a0 \u00a0 \u00a0 \u00a0 \u00a0 \u00a0 \u00a0 \u00a0 \u00a0 \u00a0 \u00a0 ASTM D 97\u00a0 \u00a0 \u00a0 \u00a0 \u00a0 \u00a0 \u00a0 \u00a0 \u00a0 \u00a0 \u00a0 \u00a0 \u00a0 -39 \u00b0C<br \/>\nCinzas sulfatadas\u00a0 \u00a0 \u00a0 \u00a0 \u00a0 \u00a0 \u00a0 \u00a0 \u00a0 \u00a0 \u00a0 \u00a0 \u00a0 \u00a0 \u00a0 \u00a0 \u00a0 \u00a0 \u00a0 \u00a0 \u00a0 \u00a0 \u00a0 \u00a0 ASTM D 874\u00a0 \u00a0 \u00a0 \u00a0 \u00a0 \u00a0 \u00a0 \u00a0 \u00a0 \u00a0 \u00a0 \u00a0 \u2265 1.0 e \u2264 1.5 % m\/m<br \/>\nCor\u00a0 \u00a0 \u00a0 \u00a0 \u00a0 \u00a0 \u00a0 \u00a0 \u00a0 \u00a0 \u00a0 \u00a0 \u00a0 \u00a0 \u00a0 \u00a0 \u00a0 \u00a0 \u00a0 \u00a0 \u00a0 \u00a0 \u00a0 \u00a0 \u00a0 \u00a0 \u00a0 \u00a0 \u00a0 \u00a0 \u00a0 \u00a0 \u00a0 \u00a0 \u00a0 \u00a0 \u00a0VISUAL\u00a0 \u00a0 \u00a0 \u00a0 \u00a0 \u00a0 \u00a0 \u00a0 \u00a0 \u00a0 \u00a0 \u00a0 \u00a0 \u00a0 \u00a0 \u00a0 \u00a0\u00c2mbar<\/p>\n<p>O conte\u00fado deste informativo de produto \u00e9 baseado na experi\u00eancia e conhecimento da FUCHS LUBRIFICANTES DO BRASIL LTDA no desenvolvimento e fabrica\u00e7\u00e3o de lubrificantes, e representa a tecnologia de ponta atual. O desempenho dos nossos produtos pode ser influenciado por uma s\u00e9rie de fatores, especialmente a utiliza\u00e7\u00e3o espec\u00edfica, o m\u00e9todo de aplica\u00e7\u00e3o, o ambiente operacional, o pr\u00e9-tratamento, a poss\u00edvel contamina\u00e7\u00e3o externa, etc. Por este motivo, afirma\u00e7\u00f5es generalizadas sobre a fun\u00e7\u00e3o dos nossos produtos n\u00e3o s\u00e3o poss\u00edveis. As informa\u00e7\u00f5es sobre o produto representam diretrizes gerais, n\u00e3o vinculativas. Nenhuma garantia expressa ou impl\u00edcita \u00e9 dada sobre as propriedades do produto ou sua adequa\u00e7\u00e3o para qualquer aplica\u00e7\u00e3o dada. Por isso, recomendamos que voc\u00ea consulte o Departamento T\u00e9cnico da FUCHS LUBRIFICANTES DO BRASIL LTDA para discutir as condi\u00e7\u00f5es de aplica\u00e7\u00e3o e os crit\u00e9rios de desempenho dos produtos antes de ser utilizado. \u00c9 responsabilidade do usu\u00e1rio verificar a adequa\u00e7\u00e3o funcional do produto e us\u00e1-lo com o devido cuidado. Nossos produtos s\u00e3o continuamente melhorados. N\u00f3s ent\u00e3o nos reservamos o direito de mudar nosso programa de produto, os produtos e seus processos de fabrica\u00e7\u00e3o, bem como todos os detalhes dos nossos formul\u00e1rios de informa\u00e7\u00e3o do produto a qualquer momento, sem aviso pr\u00e9vio, a menos que haja acordos espec\u00edficos com clientes.<br \/>\nO \u00f3leo lubrificante usado e\/ou contaminado deve ser destinado para reciclagem, o descarte de \u00f3leo lubrificante usado e \/ou contaminado assim como de sua embalagem de forma inadequada pode gerar danos \u00e0 sa\u00fade da popula\u00e7\u00e3o e ao ambiente. A destina\u00e7\u00e3o do mesmo deve obedecer a Resolu\u00e7\u00e3o CONAMA n\u00b0 362\/2005 ou legisla\u00e7\u00e3o que venha substitui-la. A embalagem contaminada deve ser destinada de acordo com legisla\u00e7\u00e3o municipal, estadual e federal vigente.<br \/>\nCom a publica\u00e7\u00e3o deste informativo de produto, todas as edi\u00e7\u00f5es anteriores deixam de ser v\u00e1lidas.<\/p>\n","protected":false},"featured_media":10733,"template":"","meta":[],"product_cat":[135],"product_tag":[],"class_list":{"0":"post-10732","1":"product","2":"type-product","3":"status-publish","4":"has-post-thumbnail","6":"product_cat-fluidos","8":"first","9":"instock","10":"shipping-taxable","11":"purchasable","12":"product-type-simple","13":"add-to-wishlist-after_add_to_cart"},"_links":{"self":[{"href":"https:\/\/catalogo.rcddistribuidora.com\/index.php?rest_route=\/wp\/v2\/product\/10732","targetHints":{"allow":["GET"]}}],"collection":[{"href":"https:\/\/catalogo.rcddistribuidora.com\/index.php?rest_route=\/wp\/v2\/product"}],"about":[{"href":"https:\/\/catalogo.rcddistribuidora.com\/index.php?rest_route=\/wp\/v2\/types\/product"}],"wp:featuredmedia":[{"embeddable":true,"href":"https:\/\/catalogo.rcddistribuidora.com\/index.php?rest_route=\/wp\/v2\/media\/10733"}],"wp:attachment":[{"href":"https:\/\/catalogo.rcddistribuidora.com\/index.php?rest_route=%2Fwp%2Fv2%2Fmedia&parent=10732"}],"wp:term":[{"taxonomy":"product_cat","embeddable":true,"href":"https:\/\/catalogo.rcddistribuidora.com\/index.php?rest_route=%2Fwp%2Fv2%2Fproduct_cat&post=10732"},{"taxonomy":"product_tag","embeddable":true,"href":"https:\/\/catalogo.rcddistribuidora.com\/index.php?rest_route=%2Fwp%2Fv2%2Fproduct_tag&post=10732"}],"curies":[{"name":"wp","href":"https:\/\/api.w.org\/{rel}","templated":true}]}}