{"id":10725,"date":"2025-01-13T18:42:15","date_gmt":"2025-01-13T21:42:15","guid":{"rendered":"https:\/\/catalogo.rcddistribuidora.com\/?post_type=product&#038;p=10725"},"modified":"2025-01-13T18:42:15","modified_gmt":"2025-01-13T21:42:15","slug":"titan-syn-sl-sae-5w-30","status":"publish","type":"product","link":"https:\/\/catalogo.rcddistribuidora.com\/?product=titan-syn-sl-sae-5w-30","title":{"rendered":"TITAN SYN SL SAE 5W-30"},"content":{"rendered":"","protected":false},"excerpt":{"rendered":"<p>\u00d3leo de motor de alto desempenho e economia de combust\u00edvel para diversos modelos de ve\u00edculos com ou sem intervalos de manuten\u00e7\u00e3o prolongados. Boas propriedades de partida a frio e baixo consumo de \u00f3leo.<\/p>\n<p><strong>Descri\u00e7\u00e3o<\/strong><br \/>\nTITAN SYN SL SAE 5W-30 \u00e9 o produto multifuncional da s\u00e9rie de \u00f3leos para motores TITAN SYN. Sua formula\u00e7\u00e3o \u00e9 baseada em uma inovativa tecnologia para \u00f3leos de motores para proporcionar uma lubrifica\u00e7\u00e3o segura em todas as condi\u00e7\u00f5es de funcionamento. Como \u00e9 um \u00f3leo de motor de alto desempenho, pode ser usado durante todo o ano.<br \/>\nO TITAN SYN SL SAE 5W-30 \u00e9 um \u00f3leo de motor com \u00f3timas propriedades de partida a frio. As boas propriedades de fluxo a frio do TITAN SYN SL SAE 5W-30 garantem uma lubrifica\u00e7\u00e3o mais r\u00e1pida em todas as partes do motor. O Atrito e desgaste s\u00e3o significativamente reduzidos e, com isso, se obt\u00e9m uma melhor efici\u00eancia do combust\u00edvel. O TITAN SYN SL SAE 5W-30 garante seguran\u00e7a operacional em todas as condi\u00e7\u00f5es de condu\u00e7\u00e3o.<\/p>\n<p><strong>Aplica\u00e7\u00e3o<\/strong><br \/>\nO TITAN SYN SL SAE 5W-30 \u00e9 indicado para uso em ve\u00edculos de passeio e comercias leve equipados com motores a gasolina e diesel independentemente de serem aspirados ou turbo. Como um \u00f3leo para todas as esta\u00e7\u00f5es, o TITAN SYN SL SAE 5W-30 oferece uma \u00f3tima partida a frio, bem como economia de combust\u00edvel no inverno, al\u00e9m de alta estabilidade t\u00e9rmica no ver\u00e3o. O TITAN SYN SL SAE 5W-30 \u00e9 misc\u00edvel e compat\u00edvel com os \u00f3leos de motor de marcas convencionais. No entanto, a mistura com outros \u00f3leos de motor deve ser evitada para aproveitar totalmente os benef\u00edcios do produto.<br \/>\nRespectivamente, recomenda-se uma troca completa do \u00f3leo ao migrar para o TITAN SYN SL SAE 5W-30. Para informa\u00e7\u00f5es sobre seguran\u00e7a e descarte adequado do produto, favor orientar-se pelas informa\u00e7\u00f5es presentes na embalagem e na FISPQ.<\/p>\n<p><strong>Vantagens<\/strong><br \/>\n\u25aa Pode ser utilizado em diversos tipos de ve\u00edculos<br \/>\n\u25aa Boas propriedades de partida a frio<br \/>\n\u25aa Oferece uma boa limpeza do motor<br \/>\n\u25aa Alta resist\u00eancia t\u00e9rmica.<br \/>\n\u25aa Economia de combust\u00edvel em todas as condi\u00e7\u00f5es de opera\u00e7\u00e3o<br \/>\n\u25aa Baixas perdas por evapora\u00e7\u00e3o<br \/>\n\u25aa Prote\u00e7\u00e3o confi\u00e1vel contra desgaste para todos os motores<\/p>\n<p><strong>Especifica\u00e7\u00f5es<\/strong><br \/>\n\u25aa API SL<\/p>\n<p><strong>Aprova\u00e7\u00f5es<\/strong><br \/>\n\u25aa &#8211;<\/p>\n<p><strong>Recomenda\u00e7\u00f5es FUCHS<\/strong><br \/>\n\u25aa &#8211;<\/p>\n<p><strong>CARACTER\u00cdSTICAS T\u00cdPICAS<\/strong><br \/>\nDensidade \u00e0 15 \u00b0C\u00a0 \u00a0 \u00a0 \u00a0 \u00a0 \u00a0 \u00a0 \u00a0 \u00a0 \u00a0 \u00a0 \u00a0 \u00a0 \u00a0 \u00a0 \u00a0 \u00a0 \u00a0 \u00a0 \u00a0 \u00a0 \u00a0 \u00a0 \u00a0 DIN 51757\u00a0 \u00a0 \u00a0 \u00a0 \u00a0 \u00a0 \u00a0 \u00a0 \u00a0g\/ml\u00a0 \u00a0 \u00a0 \u00a0 \u00a0 \u00a0 \u00a0 \u00a0 \u00a00,855<br \/>\nGrau SAE\u00a0 \u00a0 \u00a0 \u00a0 \u00a0 \u00a0 \u00a0 \u00a0 \u00a0 \u00a0 \u00a0 \u00a0 \u00a0 \u00a0 \u00a0 \u00a0 \u00a0 \u00a0 \u00a0 \u00a0 \u00a0 \u00a0 \u00a0 \u00a0 \u00a0 \u00a0 \u00a0 \u00a0 \u00a0 \u00a0 \u00a0 \u00a0SAE J300\u00a0 \u00a0 \u00a0 \u00a0 \u00a0 \u00a0 \u00a0 \u00a0 \u00a0 \u00a0 \u00a0 \u00a0 \u00a0 \u00a0 \u00a0 \u00a0 \u00a0 \u00a0 \u00a0 \u00a0 \u00a0 \u00a0 5W-30<br \/>\nViscosidade Cinem\u00e1tica a 40 \u00b0C\u00a0 \u00a0 \u00a0 \u00a0 \u00a0 \u00a0 \u00a0 \u00a0 \u00a0 \u00a0 \u00a0 \u00a0DIN 51562-1\u00a0 \u00a0 \u00a0 \u00a0 \u00a0 \u00a0 \u00a0mm\u00b2\/s\u00a0 \u00a0 \u00a0 \u00a0 \u00a0 \u00a0 \u00a070,3<br \/>\nViscosidade Cinem\u00e1tica a 100 \u00b0C\u00a0 \u00a0 \u00a0 \u00a0 \u00a0 \u00a0 \u00a0 \u00a0 \u00a0 \u00a0 \u00a0DIN 51562-1\u00a0 \u00a0 \u00a0 \u00a0 \u00a0 \u00a0 \u00a0mm\u00b2\/s\u00a0 \u00a0 \u00a0 \u00a0 \u00a0 \u00a0 \u00a011,8<br \/>\n\u00cdndice de viscosidade\u00a0 \u00a0 \u00a0 \u00a0 \u00a0 \u00a0 \u00a0 \u00a0 \u00a0 \u00a0 \u00a0 \u00a0 \u00a0 \u00a0 \u00a0 \u00a0 \u00a0 \u00a0 \u00a0 \u00a0 \u00a0 DIN ISO 2909\u00a0 \u00a0 \u00a0 \u00a0 \u00a0 \u00a0 \u00a0 \u00a0 \u00a0 \u00a0 \u00a0 \u00a0 \u00a0 \u00a0 \u00a0 \u00a0 \u00a0 \u00a0 164<br \/>\nHTHS\u00a0 \u00a0 \u00a0 \u00a0 \u00a0 \u00a0 \u00a0 \u00a0 \u00a0 \u00a0 \u00a0 \u00a0 \u00a0 \u00a0 \u00a0 \u00a0 \u00a0 \u00a0 \u00a0 \u00a0 \u00a0 \u00a0 \u00a0 \u00a0 \u00a0 \u00a0 \u00a0 \u00a0 \u00a0 \u00a0 \u00a0 \u00a0 \u00a0 \u00a0 \u00a0CEC L-036-90\u00a0 \u00a0 \u00a0 \u00a0 \u00a0 mPa*s\u00a0 \u00a0 \u00a0 \u00a0 \u00a0 \u00a0 \u00a0 \u2265 3.5<br \/>\nPonto de fluidez\u00a0 \u00a0 \u00a0 \u00a0 \u00a0 \u00a0 \u00a0 \u00a0 \u00a0 \u00a0 \u00a0 \u00a0 \u00a0 \u00a0 \u00a0 \u00a0 \u00a0 \u00a0 \u00a0 \u00a0 \u00a0 \u00a0 \u00a0 \u00a0 \u00a0 \u00a0DIN ISO 3016\u00a0 \u00a0 \u00a0 \u00a0 \u00a0 \u00a0\u00b0C\u00a0 \u00a0 \u00a0 \u00a0 \u00a0 \u00a0 \u00a0 \u00a0 \u00a0 \u00a0 \u00a0 -42<br \/>\nCinzas sulfatadas\u00a0 \u00a0 \u00a0 \u00a0 \u00a0 \u00a0 \u00a0 \u00a0 \u00a0 \u00a0 \u00a0 \u00a0 \u00a0 \u00a0 \u00a0 \u00a0 \u00a0 \u00a0 \u00a0 \u00a0 \u00a0 \u00a0 \u00a0 \u00a0 \u00a0ASTM D874\u00a0 \u00a0 \u00a0 \u00a0 \u00a0 \u00a0 \u00a0 % m\/m\u00a0 \u00a0 \u00a0 \u00a0 \u00a0 \u00a0 \u00a0\u2265 1.0 e \u2264 1.6<br \/>\nCor\u00a0 \u00a0 \u00a0 \u00a0 \u00a0 \u00a0 \u00a0 \u00a0 \u00a0 \u00a0 \u00a0 \u00a0 \u00a0 \u00a0 \u00a0 \u00a0 \u00a0 \u00a0 \u00a0 \u00a0 \u00a0 \u00a0 \u00a0 \u00a0 \u00a0 \u00a0 \u00a0 \u00a0 \u00a0 \u00a0 \u00a0 \u00a0 \u00a0 \u00a0 \u00a0 \u00a0 \u00a0 \u00a0 \u00a0 \u00a0 \u00a0 \u00a0 \u00a0 \u00a0 \u00a0 \u00a0 \u00a0 \u00a0 \u00a0 \u00a0 \u00a0 \u00a0 \u00a0 \u00a0 \u00a0 \u00a0 \u00a0 \u00a0 \u00a0 \u00a0 \u00a0 \u00a0 \u00a0 \u00a0 \u00a0 \u00a0 \u00a0 \u00a0 \u00a0\u00c2mbar<\/p>\n<p>O conte\u00fado deste informativo de produto \u00e9 baseado na experi\u00eancia e conhecimento da FUCHS LUBRIFICANTES DO BRASIL no desenvolvimento e fabrica\u00e7\u00e3o de lubrificantes, e representa a tecnologia de ponta atual. O desempenho dos nossos produtos pode ser influenciado por uma s\u00e9rie de fatores, especialmente a utiliza\u00e7\u00e3o espec\u00edfica, o m\u00e9todo de aplica\u00e7\u00e3o, o ambiente operacional, o pr\u00e9-tratamento, a poss\u00edvel contamina\u00e7\u00e3o externa etc. Por este motivo, afirma\u00e7\u00f5es generalizadas sobre a fun\u00e7\u00e3o dos nossos produtos n\u00e3o s\u00e3o poss\u00edveis. Nossos produtos n\u00e3o devem ser usados em aeronaves ou ve\u00edculos espaciais. Nossos produtos podem ser usados na produ\u00e7\u00e3o de componentes de aeronaves ou ve\u00edculos espaciais se forem removidos sem res\u00edduos desses componentes antes da montagem de aeronaves ou ve\u00edculos espaciais. As informa\u00e7\u00f5es sobre o produto representam diretrizes gerais, n\u00e3o vinculativas. Nenhuma garantia expressa ou impl\u00edcita \u00e9 dada sobre as propriedades do produto ou sua adequa\u00e7\u00e3o para qualquer aplica\u00e7\u00e3o dada.<br \/>\nPor isso, recomendamos que voc\u00ea consulte o Departamento T\u00e9cnico da FUCHS LUBRIFICANTES DO BRASIL para discutir as condi\u00e7\u00f5es de aplica\u00e7\u00e3o e os crit\u00e9rios de desempenho dos produtos antes de ser utilizado. \u00c9 responsabilidade do usu\u00e1rio verificar a adequa\u00e7\u00e3o funcional do produto e us\u00e1-lo com o devido cuidado.<br \/>\nNossos produtos s\u00e3o continuamente melhorados. N\u00f3s ent\u00e3o nos reservamos o direito de mudar nosso programa de produto, os produtos e seus processos de fabrica\u00e7\u00e3o, bem como todos os detalhes dos nossos formul\u00e1rios de informa\u00e7\u00e3o do produto a qualquer momento, sem aviso pr\u00e9vio, a menos que haja acordos espec\u00edficos com clientes. Com a publica\u00e7\u00e3o deste informativo de produto, todas as edi\u00e7\u00f5es anteriores deixam de ser v\u00e1lidas.<\/p>\n","protected":false},"featured_media":10726,"template":"","meta":[],"product_cat":[135],"product_tag":[],"class_list":{"0":"post-10725","1":"product","2":"type-product","3":"status-publish","4":"has-post-thumbnail","6":"product_cat-fluidos","8":"first","9":"instock","10":"shipping-taxable","11":"purchasable","12":"product-type-simple","13":"add-to-wishlist-after_add_to_cart"},"_links":{"self":[{"href":"https:\/\/catalogo.rcddistribuidora.com\/index.php?rest_route=\/wp\/v2\/product\/10725","targetHints":{"allow":["GET"]}}],"collection":[{"href":"https:\/\/catalogo.rcddistribuidora.com\/index.php?rest_route=\/wp\/v2\/product"}],"about":[{"href":"https:\/\/catalogo.rcddistribuidora.com\/index.php?rest_route=\/wp\/v2\/types\/product"}],"wp:featuredmedia":[{"embeddable":true,"href":"https:\/\/catalogo.rcddistribuidora.com\/index.php?rest_route=\/wp\/v2\/media\/10726"}],"wp:attachment":[{"href":"https:\/\/catalogo.rcddistribuidora.com\/index.php?rest_route=%2Fwp%2Fv2%2Fmedia&parent=10725"}],"wp:term":[{"taxonomy":"product_cat","embeddable":true,"href":"https:\/\/catalogo.rcddistribuidora.com\/index.php?rest_route=%2Fwp%2Fv2%2Fproduct_cat&post=10725"},{"taxonomy":"product_tag","embeddable":true,"href":"https:\/\/catalogo.rcddistribuidora.com\/index.php?rest_route=%2Fwp%2Fv2%2Fproduct_tag&post=10725"}],"curies":[{"name":"wp","href":"https:\/\/api.w.org\/{rel}","templated":true}]}}