{"id":10717,"date":"2025-01-13T18:18:33","date_gmt":"2025-01-13T21:18:33","guid":{"rendered":"https:\/\/catalogo.rcddistribuidora.com\/?post_type=product&#038;p=10717"},"modified":"2025-01-13T18:18:33","modified_gmt":"2025-01-13T21:18:33","slug":"titan-sintofluid-fe-75w","status":"publish","type":"product","link":"https:\/\/catalogo.rcddistribuidora.com\/?product=titan-sintofluid-fe-75w","title":{"rendered":"TITAN SINTOFLUID FE 75W"},"content":{"rendered":"","protected":false},"excerpt":{"rendered":"<p>Fluido de transmiss\u00e3o manual de desempenho premium que oferece maior efici\u00eancia da caixa de c\u00e2mbio em carros de passeio devido a sua baixa viscosidade. Oferece poss\u00edvel redu\u00e7\u00e3o no consumo de combust\u00edvel e oferece melhores propriedades em baixa temperatura. Adequado como fluido de enchimento vital\u00edcio de acordo com a recomenda\u00e7\u00e3o de cada fabricante.<\/p>\n<p><strong>Descri\u00e7\u00e3o<\/strong><br \/>\nO TITAN SINTOFLUID FE 75W \u00e9 produzido com base em uma moderna tecnologia de aditivos comprovada por OEM, compat\u00edvel com sistemas de sincroniza\u00e7\u00e3o incorporado em uma matriz de \u00f3leo de alta qualidade com componentes sint\u00e9ticos. A tecnologia exclusiva \u00e9 focada em obter o m\u00e1ximo de economia de combust\u00edvel.<\/p>\n<p><strong>Aplica\u00e7\u00e3o<\/strong><br \/>\nO TITAN SINTOFLUID FE 75W \u00e9 misc\u00edvel e compat\u00edvel com os \u00f3leos para engrenagens das marcas convencionais. No entanto, a mistura com outros \u00f3leos de transmiss\u00e3o deve ser evitada para aproveitar totalmente os benef\u00edcios do produto. Recomenda-se uma troca completa do \u00f3leo ao migrar para o TITAN SINTOFLUID FE 75W. Para informa\u00e7\u00f5es sobre seguran\u00e7a e descarte adequado, favor orientar-se pelas informa\u00e7\u00f5es presentes na embalagem e na FISPQ.<\/p>\n<p><strong>Vantagens<\/strong><br \/>\n\u25aa Gra\u00e7as \u00e0 sua vasta gama de aplica\u00e7\u00f5es em transmiss\u00f5es manuais, possibilita racionaliza\u00e7\u00e3o de produtos.<br \/>\n\u25aa Oferece ao usu\u00e1rio grande potencial de economia de combust\u00edvel.<br \/>\n\u25aa Garante opera\u00e7\u00e3o confi\u00e1vel, mesmo sob condi\u00e7\u00f5es de cargas elevadas, durante todo o per\u00edodo de trabalho do \u00f3leo.<br \/>\n\u25aa Previne, de maneira confi\u00e1vel, o desgaste, corros\u00e3o e forma\u00e7\u00e3o e dep\u00f3sito de borra.<br \/>\n\u25aa Oferece um excelente comportamento viscosidade-temperatura, superior ao dos \u00f3leos de transmiss\u00e3o convencionais, garantindo a efici\u00eancia da lubrifica\u00e7\u00e3o em opera\u00e7\u00f5es de temperaturas muito baixas e tamb\u00e9m muito altas.<br \/>\n\u25aa Protege os rolamentos contra o desgaste.<br \/>\n\u25aa Alta estabilidade t\u00e9rmica e n\u00e3o forma espuma, mesmo sob condi\u00e7\u00f5es de altas cargas.<br \/>\n\u25aa Compatibilidade com elast\u00f4meros e diversos materiais de veda\u00e7\u00e3o.<\/p>\n<p><strong>Especifica\u00e7\u00f5es<\/strong><br \/>\n\u25aa API GL-4<\/p>\n<p><strong>Aprova\u00e7\u00f5es<\/strong><br \/>\n\u25aa MB-APPROVAL 235.17<\/p>\n<p><strong>Recomenda\u00e7\u00f5es FUCHS<\/strong><br \/>\n\u25aa FORD WSS-M2C200-D2<br \/>\n\u25aa VW G 055 512<br \/>\n\u25aa VW TL 521 71 (G 052 171 A1\/A2)<br \/>\n\u25aa VW TL 521 78 (G 052 178 A2)<br \/>\n\u25aa VW TL 525 12 (G 052 512 A2)<br \/>\n\u25aa VW TL 525 27 (G 052 527 A2)<br \/>\n\u25aa VW TL 726 (G 052 726 A2\/G 055 726 A2\/G 060 726 A2\/G 070 726 A2)<br \/>\n\u25aa MB 235.73<\/p>\n<p><strong>CARACTER\u00cdSTICAS T\u00cdPICAS<\/strong><br \/>\nDensidade \u00e0 15 \u00b0C\u00a0 \u00a0 \u00a0 \u00a0 \u00a0 \u00a0 \u00a0 \u00a0 \u00a0 \u00a0 \u00a0 \u00a0 \u00a0 \u00a0 \u00a0 \u00a0 \u00a0 \u00a0 \u00a0 \u00a0 \u00a0 \u00a0 DIN 51757\u00a0 \u00a0 \u00a0 \u00a0 \u00a0 \u00a0 \u00a0 \u00a0 \u00a0 \u00a0 \u00a0 \u00a00,873 g\/ml<br \/>\nGrau SAE\u00a0 \u00a0 \u00a0 \u00a0 \u00a0 \u00a0 \u00a0 \u00a0 \u00a0 \u00a0 \u00a0 \u00a0 \u00a0 \u00a0 \u00a0 \u00a0 \u00a0 \u00a0 \u00a0 \u00a0 \u00a0 \u00a0 \u00a0 \u00a0 \u00a0 \u00a0 \u00a0 \u00a0 \u00a0 \u00a0SAE J306\u00a0 \u00a0 \u00a0 \u00a0 \u00a0 \u00a0 \u00a0 \u00a0 \u00a0 \u00a0 \u00a0 \u00a0 \u00a075W<br \/>\nViscosidade Cinem\u00e1tica a 40 \u00b0C\u00a0 \u00a0 \u00a0 \u00a0 \u00a0 \u00a0 \u00a0 \u00a0 \u00a0 \u00a0DIN 51562-1\u00a0 \u00a0 \u00a0 \u00a0 \u00a0 \u00a0 \u00a0 \u00a0 \u00a0 \u00a0 40,8 mm2\/s<br \/>\nViscosidade Cinem\u00e1tica a 100 \u00b0C\u00a0 \u00a0 \u00a0 \u00a0 \u00a0 \u00a0 \u00a0 \u00a0 \u00a0DIN 51562-1\u00a0 \u00a0 \u00a0 \u00a0 \u00a0 \u00a0 \u00a0 \u00a0 \u00a0 \u00a0 6,7 mm2\/s<br \/>\n\u00cdndice de viscosidade\u00a0 \u00a0 \u00a0 \u00a0 \u00a0 \u00a0 \u00a0 \u00a0 \u00a0 \u00a0 \u00a0 \u00a0 \u00a0 \u00a0 \u00a0 \u00a0 \u00a0 \u00a0 \u00a0 DIN ISO 2909\u00a0 \u00a0 \u00a0 \u00a0 \u00a0 \u00a0 \u00a0 \u00a0 \u00a0119<br \/>\nPonto de fluidez\u00a0 \u00a0 \u00a0 \u00a0 \u00a0 \u00a0 \u00a0 \u00a0 \u00a0 \u00a0 \u00a0 \u00a0 \u00a0 \u00a0 \u00a0 \u00a0 \u00a0 \u00a0 \u00a0 \u00a0 \u00a0 \u00a0 \u00a0 \u00a0DIN ISO 3016\u00a0 \u00a0 \u00a0 \u00a0 \u00a0 \u00a0 \u00a0 \u00a0 \u00a0 -44 \u00b0C<br \/>\nCor\u00a0 \u00a0 \u00a0 \u00a0 \u00a0 \u00a0 \u00a0 \u00a0 \u00a0 \u00a0 \u00a0 \u00a0 \u00a0 \u00a0 \u00a0 \u00a0 \u00a0 \u00a0 \u00a0 \u00a0 \u00a0 \u00a0 \u00a0 \u00a0 \u00a0 \u00a0 \u00a0 \u00a0 \u00a0 \u00a0 \u00a0 \u00a0 \u00a0 \u00a0 \u00a0 DIN 10964\u00a0 \u00a0 \u00a0 \u00a0 \u00a0 \u00a0 \u00a0 \u00a0 \u00a0 \u00a0 \u00a0 \u00a0 \u00c2mbar<\/p>\n<p>O conte\u00fado deste informativo de produto \u00e9 baseado na experi\u00eancia e conhecimento da FUCHS LUBRIFICANTES DO BRASIL no desenvolvimento e fabrica\u00e7\u00e3o de lubrificantes, e representa a tecnologia de ponta atual. O desempenho dos nossos produtos pode ser influenciado por uma s\u00e9rie de fatores, especialmente a utiliza\u00e7\u00e3o espec\u00edfica, o m\u00e9todo de aplica\u00e7\u00e3o, o ambiente operacional, o pr\u00e9-tratamento, a poss\u00edvel contamina\u00e7\u00e3o externa etc. Por este motivo, afirma\u00e7\u00f5es generalizadas sobre a fun\u00e7\u00e3o dos nossos produtos n\u00e3o s\u00e3o poss\u00edveis. Nossos produtos n\u00e3o devem ser usados em aeronaves ou ve\u00edculos espaciais. Nossos produtos podem ser usados na produ\u00e7\u00e3o de componentes de aeronaves ou ve\u00edculos espaciais se forem removidos sem res\u00edduos desses componentes antes da montagem de aeronaves ou ve\u00edculos espaciais. As informa\u00e7\u00f5es sobre o produto representam diretrizes gerais, n\u00e3o vinculativas. Nenhuma garantia expressa ou impl\u00edcita \u00e9 dada sobre as propriedades do produto ou sua adequa\u00e7\u00e3o para qualquer aplica\u00e7\u00e3o dada.<br \/>\nPor isso, recomendamos que voc\u00ea consulte o Departamento T\u00e9cnico da FUCHS LUBRIFICANTES DO BRASIL para discutir as condi\u00e7\u00f5es de aplica\u00e7\u00e3o e os crit\u00e9rios de desempenho dos produtos antes de ser utilizado. \u00c9 responsabilidade do usu\u00e1rio verificar a adequa\u00e7\u00e3o funcional do produto e us\u00e1-lo com o devido cuidado.<br \/>\nNossos produtos s\u00e3o continuamente melhorados. N\u00f3s ent\u00e3o nos reservamos o direito de mudar nosso programa de produto, os produtos e seus processos de fabrica\u00e7\u00e3o, bem como todos os detalhes dos nossos formul\u00e1rios de informa\u00e7\u00e3o do produto a qualquer momento, sem aviso pr\u00e9vio, a menos que haja acordos espec\u00edficos com clientes. Com a publica\u00e7\u00e3o deste informativo de produto, todas as edi\u00e7\u00f5es anteriores deixam de ser v\u00e1lidas.<\/p>\n","protected":false},"featured_media":10718,"template":"","meta":[],"product_cat":[135],"product_tag":[],"class_list":{"0":"post-10717","1":"product","2":"type-product","3":"status-publish","4":"has-post-thumbnail","6":"product_cat-fluidos","8":"first","9":"instock","10":"shipping-taxable","11":"purchasable","12":"product-type-simple","13":"add-to-wishlist-after_add_to_cart"},"_links":{"self":[{"href":"https:\/\/catalogo.rcddistribuidora.com\/index.php?rest_route=\/wp\/v2\/product\/10717","targetHints":{"allow":["GET"]}}],"collection":[{"href":"https:\/\/catalogo.rcddistribuidora.com\/index.php?rest_route=\/wp\/v2\/product"}],"about":[{"href":"https:\/\/catalogo.rcddistribuidora.com\/index.php?rest_route=\/wp\/v2\/types\/product"}],"wp:featuredmedia":[{"embeddable":true,"href":"https:\/\/catalogo.rcddistribuidora.com\/index.php?rest_route=\/wp\/v2\/media\/10718"}],"wp:attachment":[{"href":"https:\/\/catalogo.rcddistribuidora.com\/index.php?rest_route=%2Fwp%2Fv2%2Fmedia&parent=10717"}],"wp:term":[{"taxonomy":"product_cat","embeddable":true,"href":"https:\/\/catalogo.rcddistribuidora.com\/index.php?rest_route=%2Fwp%2Fv2%2Fproduct_cat&post=10717"},{"taxonomy":"product_tag","embeddable":true,"href":"https:\/\/catalogo.rcddistribuidora.com\/index.php?rest_route=%2Fwp%2Fv2%2Fproduct_tag&post=10717"}],"curies":[{"name":"wp","href":"https:\/\/api.w.org\/{rel}","templated":true}]}}