{"id":10707,"date":"2025-01-13T17:45:18","date_gmt":"2025-01-13T20:45:18","guid":{"rendered":"https:\/\/catalogo.rcddistribuidora.com\/?post_type=product&#038;p=10707"},"modified":"2025-01-13T17:45:18","modified_gmt":"2025-01-13T20:45:18","slug":"titan-gt1-pro-v-sae-0w-20","status":"publish","type":"product","link":"https:\/\/catalogo.rcddistribuidora.com\/?product=titan-gt1-pro-v-sae-0w-20","title":{"rendered":"TITAN GT1 PRO V SAE 0W-20"},"content":{"rendered":"","protected":false},"excerpt":{"rendered":"<p>\u00d3leo de motor de desempenho premium com nova tecnologia XTL\u00ae em uma classe de viscosidade inovadora. Especialmente desenvolvido para ve\u00edculos Volvo modernos, para extrema economia de combust\u00edvel e redu\u00e7\u00e3o das emiss\u00f5es de CO2.Excelente comportamento de partida a frio, circula\u00e7\u00e3o de \u00f3leo mais r\u00e1pida e excelentes reservas de desempenho.<\/p>\n<p><strong>Descri\u00e7\u00e3o<\/strong><br \/>\nTITAN GT1 PRO V SAE 0W-20 \u00e9 um produto altamente inovador na \u00e1rea de \u00f3leos de motor de baixa viscosidade. A formula\u00e7\u00e3o exclusiva baseada na Tecnologia XTL em conjunto com a tecnologia de aditivos desenvolvida pela FUCHS resulta em um novo \u00f3leo de motor de alto desempenho TITAN GT1 PRO V SAE 0W-20. Os sistemas e motores altamente estressados de hoje equipados com sistemas start-stop exigem cada vez mais do \u00f3leo do motor. A exclusiva tecnologia XTL oferece prote\u00e7\u00e3o superior contra desgaste e reservas de desempenho, apesar de sua baixa classe de viscosidade. Melhorias significativas na economia de combust\u00edvel e emiss\u00f5es de CO2 foram alcan\u00e7adas reduzindo a viscosidade din\u00e2mica e utilizando a nova tecnologia de aditivo do TITAN GT1 PRO V SAE 0W-20.<\/p>\n<p><strong>Aplica\u00e7\u00e3o<\/strong><br \/>\nO TITAN GT1 PRO V SAE 0W-20 foi desenvolvido especialmente para o uso nos modernos motores Volvo VEA (Volvo Engine Architecture). TITAN GT1 PRO V SAE 0W-20 \u00e9 adequado para motores Volvo a gasolina e diesel que requerem a especifica\u00e7\u00e3o Volvo VCC RBS0-2AE 0W-20. Motores especiais da gera\u00e7\u00e3o de motores VEA s\u00f3 podem ser abastecidos com a nova especifica\u00e7\u00e3o de enchimento Volvo VCC RBS0-2AE 0W-20. O TITAN GT1 PRO V SAE 0W-20 \u00e9 misc\u00edvel e compat\u00edvel com os \u00f3leos convencionais para motor. No entanto, a mistura com outros \u00f3leos de motor deve ser evitada para aproveitar totalmente os benef\u00edcios do produto.<br \/>\nRecomenda-se uma troca completa do \u00f3leo ao migrar para o produto TITAN GT1 PRO V SAE 0W-20. Para informa\u00e7\u00f5es sobre seguran\u00e7a e descarte adequado, favor orientar-se pelas informa\u00e7\u00f5es presentes na embalagem e na FISPQ.<\/p>\n<p><strong>Vantagens<\/strong><br \/>\n\u2022 Melhores propriedades de partida a frio \u2192 fornecimento r\u00e1pido de \u00f3leo, mesmo em temperaturas extremamente baixas, gra\u00e7as a tecnologia XTL\u00ae.<br \/>\n\u2022 Menor consumo de combust\u00edvel (at\u00e9 3,9% no teste M111 FE) e emiss\u00f5es de CO2 atrav\u00e9s do XTL.<br \/>\n\u2022 Baixo consumo de \u00f3leo gra\u00e7as ao XTL, apesar da classe de baixa viscosidade SAE 0W-20.<br \/>\n\u2022 Extrema estabilidade ao cisalhamento.<br \/>\n\u2022 Adequado para intervalos de troca prolongados.<br \/>\n\u2022 Excelente estabilidade ao envelhecimento devido \u00e0 tecnologia XTL.<br \/>\n\u2022 Excelente prote\u00e7\u00e3o contra desgaste em todas as condi\u00e7\u00f5es operacionais.<br \/>\n\u2022 A classe de viscosidade foi especialmente ajustada para atender aos requisitos da Volvo<br \/>\n\u2022 Especialmente desenvolvido para cumprir a nova especifica\u00e7\u00e3o Volvo VCC RBS0-2AE (motores a gasolina e diesel) e aprovado pela Volvo!<br \/>\n\u2022 Pode ser usado em modelos h\u00edbridos selecionados, dependendo das especifica\u00e7\u00f5es do fabricante.<\/p>\n<p><strong>Especifica\u00e7\u00f5es<\/strong><br \/>\n\u25aa &#8211;<\/p>\n<p><strong>Aprova\u00e7\u00f5es<\/strong><br \/>\n\u25aa &#8211;<\/p>\n<p><strong>Recomenda\u00e7\u00f5es FUCHS<\/strong><br \/>\n\u25aa ACEA A1\/B1<br \/>\n\u25aa VOLVO VCC RBS0-2AE<\/p>\n<p><strong>CARACTER\u00cdSTICAS T\u00cdPICAS<\/strong><br \/>\nDensidade \u00e0 15 \u00b0C\u00a0 \u00a0 \u00a0 \u00a0 \u00a0 \u00a0 \u00a0 \u00a0 \u00a0 \u00a0 \u00a0 \u00a0 \u00a0 \u00a0 \u00a0 \u00a0 \u00a0 \u00a0 \u00a0 \u00a0 \u00a0 \u00a0 \u00a0DIN 51757\u00a0 \u00a0 \u00a0 \u00a0 \u00a0 \u00a0 \u00a0 \u00a0 \u00a00,85 g\/ml<br \/>\nGrau SAE\u00a0 \u00a0 \u00a0 \u00a0 \u00a0 \u00a0 \u00a0 \u00a0 \u00a0 \u00a0 \u00a0 \u00a0 \u00a0 \u00a0 \u00a0 \u00a0 \u00a0 \u00a0 \u00a0 \u00a0 \u00a0 \u00a0 \u00a0 \u00a0 \u00a0 \u00a0 \u00a0 \u00a0 \u00a0 \u00a0 SAE J300\u00a0 \u00a0 \u00a0 \u00a0 \u00a0 \u00a0 \u00a0 \u00a0 \u00a0 0W-20<br \/>\nViscosidade Cinem\u00e1tica a 40 \u00b0C\u00a0 \u00a0 \u00a0 \u00a0 \u00a0 \u00a0 \u00a0 \u00a0 \u00a0 \u00a0 DIN 51562-1\u00a0 \u00a0 \u00a0 \u00a0 \u00a0 \u00a0 \u00a038,7 mm2\/s<br \/>\nViscosidade Cinem\u00e1tica a 100 \u00b0C\u00a0 \u00a0 \u00a0 \u00a0 \u00a0 \u00a0 \u00a0 \u00a0 \u00a0 DIN 51562-1\u00a0 \u00a0 \u00a0 \u00a0 \u00a0 \u00a0 \u00a08,5 mm2\/s<br \/>\n\u00cdndice de viscosidade\u00a0 \u00a0 \u00a0 \u00a0 \u00a0 \u00a0 \u00a0 \u00a0 \u00a0 \u00a0 \u00a0 \u00a0 \u00a0 \u00a0 \u00a0 \u00a0 \u00a0 \u00a0 \u00a0 \u00a0DIN ISO 2909\u00a0 \u00a0 \u00a0 \u00a0 \u00a0 208<br \/>\nHTHS\u00a0 \u00a0 \u00a0 \u00a0 \u00a0 \u00a0 \u00a0 \u00a0 \u00a0 \u00a0 \u00a0 \u00a0 \u00a0 \u00a0 \u00a0 \u00a0 \u00a0 \u00a0 \u00a0 \u00a0 \u00a0 \u00a0 \u00a0 \u00a0 \u00a0 \u00a0 \u00a0 \u00a0 \u00a0 \u00a0 \u00a0 \u00a0 \u00a0 CEC L-036-90\u00a0 \u00a0 \u00a0 \u00a0 \u00a0 2,75 mPa*s<br \/>\nPonto de fluidez\u00a0 \u00a0 \u00a0 \u00a0 \u00a0 \u00a0 \u00a0 \u00a0 \u00a0 \u00a0 \u00a0 \u00a0 \u00a0 \u00a0 \u00a0 \u00a0 \u00a0 \u00a0 \u00a0 \u00a0 \u00a0 \u00a0 \u00a0 \u00a0 DIN ISO 3016\u00a0 \u00a0 \u00a0 \u00a0 \u00a0 -48 \u00b0C<br \/>\nCinzas sulfatadas\u00a0 \u00a0 \u00a0 \u00a0 \u00a0 \u00a0 \u00a0 \u00a0 \u00a0 \u00a0 \u00a0 \u00a0 \u00a0 \u00a0 \u00a0 \u00a0 \u00a0 \u00a0 \u00a0 \u00a0 \u00a0 \u00a0 \u00a0 ASTM D874\u00a0 \u00a0 \u00a0 \u00a0 \u00a0 \u00a0 \u00a0 0,9 % m\/m<br \/>\nCor\u00a0 \u00a0 \u00a0 \u00a0 \u00a0 \u00a0 \u00a0 \u00a0 \u00a0 \u00a0 \u00a0 \u00a0 \u00a0 \u00a0 \u00a0 \u00a0 \u00a0 \u00a0 \u00a0 \u00a0 \u00a0 \u00a0 \u00a0 \u00a0 \u00a0 \u00a0 \u00a0 \u00a0 \u00a0 \u00a0 \u00a0 \u00a0 \u00a0 \u00a0 \u00a0 \u00a0DIN 10964\u00a0 \u00a0 \u00a0 \u00a0 \u00a0 \u00a0 \u00a0 \u00a0 \u00a0\u00c2mbar<\/p>\n<p>O conte\u00fado deste informativo de produto \u00e9 baseado na experi\u00eancia e conhecimento da FUCHS LUBRIFICANTES DO BRASIL no desenvolvimento e fabrica\u00e7\u00e3o de lubrificantes, e representa a tecnologia de ponta atual. O desempenho dos nossos produtos pode ser influenciado por uma s\u00e9rie de fatores, especialmente a utiliza\u00e7\u00e3o espec\u00edfica, o m\u00e9todo de aplica\u00e7\u00e3o, o ambiente operacional, o pr\u00e9-tratamento, a poss\u00edvel contamina\u00e7\u00e3o externa etc. Por este motivo, afirma\u00e7\u00f5es generalizadas sobre a fun\u00e7\u00e3o dos nossos produtos n\u00e3o s\u00e3o poss\u00edveis. Nossos produtos n\u00e3o devem ser usados em aeronaves ou ve\u00edculos espaciais. Nossos produtos podem ser usados na produ\u00e7\u00e3o de componentes de aeronaves ou ve\u00edculos espaciais se forem removidos sem res\u00edduos desses componentes antes da montagem de aeronaves ou ve\u00edculos espaciais. As informa\u00e7\u00f5es sobre o produto representam diretrizes gerais, n\u00e3o vinculativas. Nenhuma garantia expressa ou impl\u00edcita \u00e9 dada sobre as propriedades do produto ou sua adequa\u00e7\u00e3o para qualquer aplica\u00e7\u00e3o dada.<br \/>\nPor isso, recomendamos que voc\u00ea consulte o Departamento T\u00e9cnico da FUCHS LUBRIFICANTES DO BRASIL para discutir as condi\u00e7\u00f5es de aplica\u00e7\u00e3o e os crit\u00e9rios de desempenho dos produtos antes de ser utilizado. \u00c9 responsabilidade do usu\u00e1rio verificar a adequa\u00e7\u00e3o funcional do produto e us\u00e1-lo com o devido cuidado.<br \/>\nNossos produtos s\u00e3o continuamente melhorados. N\u00f3s ent\u00e3o nos reservamos o direito de mudar nosso programa de produto, os produtos e seus processos de fabrica\u00e7\u00e3o, bem como todos os detalhes dos nossos formul\u00e1rios de informa\u00e7\u00e3o do produto a qualquer momento, sem aviso pr\u00e9vio, a menos que haja acordos espec\u00edficos com clientes. Com a publica\u00e7\u00e3o deste informativo de produto, todas as edi\u00e7\u00f5es anteriores deixam de ser v\u00e1lidas.<\/p>\n","protected":false},"featured_media":10708,"template":"","meta":[],"product_cat":[135],"product_tag":[],"class_list":{"0":"post-10707","1":"product","2":"type-product","3":"status-publish","4":"has-post-thumbnail","6":"product_cat-fluidos","8":"first","9":"instock","10":"shipping-taxable","11":"purchasable","12":"product-type-simple","13":"add-to-wishlist-after_add_to_cart"},"_links":{"self":[{"href":"https:\/\/catalogo.rcddistribuidora.com\/index.php?rest_route=\/wp\/v2\/product\/10707","targetHints":{"allow":["GET"]}}],"collection":[{"href":"https:\/\/catalogo.rcddistribuidora.com\/index.php?rest_route=\/wp\/v2\/product"}],"about":[{"href":"https:\/\/catalogo.rcddistribuidora.com\/index.php?rest_route=\/wp\/v2\/types\/product"}],"wp:featuredmedia":[{"embeddable":true,"href":"https:\/\/catalogo.rcddistribuidora.com\/index.php?rest_route=\/wp\/v2\/media\/10708"}],"wp:attachment":[{"href":"https:\/\/catalogo.rcddistribuidora.com\/index.php?rest_route=%2Fwp%2Fv2%2Fmedia&parent=10707"}],"wp:term":[{"taxonomy":"product_cat","embeddable":true,"href":"https:\/\/catalogo.rcddistribuidora.com\/index.php?rest_route=%2Fwp%2Fv2%2Fproduct_cat&post=10707"},{"taxonomy":"product_tag","embeddable":true,"href":"https:\/\/catalogo.rcddistribuidora.com\/index.php?rest_route=%2Fwp%2Fv2%2Fproduct_tag&post=10707"}],"curies":[{"name":"wp","href":"https:\/\/api.w.org\/{rel}","templated":true}]}}