{"id":10705,"date":"2025-01-13T17:40:00","date_gmt":"2025-01-13T20:40:00","guid":{"rendered":"https:\/\/catalogo.rcddistribuidora.com\/?post_type=product&#038;p=10705"},"modified":"2025-01-13T17:40:01","modified_gmt":"2025-01-13T20:40:01","slug":"titan-gt1-pro-c-3-sae-5w-30","status":"publish","type":"product","link":"https:\/\/catalogo.rcddistribuidora.com\/?product=titan-gt1-pro-c-3-sae-5w-30","title":{"rendered":"TITAN GT1 PRO C-3 SAE 5W-30"},"content":{"rendered":"","protected":false},"excerpt":{"rendered":"<p>\u00d3leo de motor Premium, com alto potencial de economia de combust\u00edvel e que possui a tecnologia inovadora XTL\u00ae para obter as melhores propriedades de partida a frio e excelente desempenho para carros de passeio e vans modernos com\/sem intervalos de manuten\u00e7\u00e3o prolongados. Especialmente desenvolvido para BMW, VW e Mercedes-Benz equipados com turbocompressor e sistemas de p\u00f3s-tratamento dos gases de escape.<\/p>\n<p><strong>Descri\u00e7\u00e3o<\/strong><br \/>\nO TITAN GT1 PRO C-3 SAE 5W-30 \u00e9 um \u00f3leo de motor Premium para carros de passeios e vans que utiliza a nova Tecnologia XTL. A tecnologia inovadora XTL\u00ae oferece m\u00e1ximo desempenho em toda a faixa de temperatura, desde temperaturas muito baixas at\u00e9 muito altas. As propriedades \u00fanicas de lubrifica\u00e7\u00e3o da Tecnologia XTL oferecem benef\u00edcios significativos em motores altamente carregados, tamb\u00e9m para motores de tamanho reduzido e motores equipados com sistemas startstop. Os motores com alta pot\u00eancia desfrutam de uma lubrifica\u00e7\u00e3o confi\u00e1vel e realizam a partida com mais facilidade e rapidez. O TITAN GT1 PRO C-3 SAE 5W-30 tamb\u00e9m tem um efeito vantajoso em ve\u00edculos com sistemas de p\u00f3s-tratamento dos gases de escape, equipados com filtros de part\u00edculas ou conversores catal\u00edticos, o que melhora a sua vida \u00fatil. A Tecnologia XTL demonstra comprovadamente um menor consumo de combust\u00edvel para a mesma classe SAE.<\/p>\n<p><strong>Aplica\u00e7\u00e3o<\/strong><br \/>\nO TITAN GT1 PRO C-3 SAE 5W-30 \u00e9 adequado para uso em ve\u00edculos movidos a diesel, gasolina ou g\u00e1s (GLP, GNC), tamb\u00e9m \u00e9 compat\u00edvel com os mais recentes sistemas de p\u00f3s-tratamento dos gases de escape. O TITAN GT1 PRO C-3 5W-30 s\u00f3 pode ser aplicado em motores a diesel quando tamb\u00e9m estiver sendo usado \u00f3leo diesel com baixo teor de enxofre. O produto tamb\u00e9m pode ser aplicado em muitos ve\u00edculos de fabricantes asi\u00e1ticos se for especificado o uso de um \u00f3leo de motor C3. O TITAN GT1 PRO C-3 5W-30 \u00e9 misc\u00edvel e compat\u00edvel com os \u00f3leos de motor de marcas convencionais. No entanto, a mistura com outros \u00f3leos de motores deve ser evitada para aproveitar totalmente os benef\u00edcios do produto. Recomenda-se uma troca completa do \u00f3leo ao migrar para o TITAN GT1 PRO C-3 5W-30. Para informa\u00e7\u00f5es sobre seguran\u00e7a e descarte adequado do produto, favor orientar-se pelas informa\u00e7\u00f5es presentes na embalagem e na FISPQ.<\/p>\n<p><strong>Vantagens<\/strong><br \/>\n\u25aa Tempo de circula\u00e7\u00e3o do \u00f3leo mais r\u00e1pido e menor tempo de partida a frio do motor.<br \/>\n\u25aa Devido \u00e0 tecnologia XTL, o produto pode apresentar redu\u00e7\u00e3o no consumo de combust\u00edvel em compara\u00e7\u00e3o com os \u00f3leos de motor da mesma classe de viscosidade SAE<br \/>\n\u25aa Menor consumo de \u00f3leo gra\u00e7as \u00e0 tecnologia XTL<br \/>\n\u25aa Maior estabilidade ao envelhecimento e menor aumento da viscosidade devido \u00e0 tecnologia XTL<br \/>\n\u25aa Protege os sistemas de p\u00f3s-tratamento dos gases de escape<br \/>\n\u25aa Excelente prote\u00e7\u00e3o contra desgaste, mesmo sob altas cargas<br \/>\n\u25aa Pode ser usado em motores a gasolina e diesel<br \/>\n\u25aa Redu\u00e7\u00e3o de emiss\u00f5es de gases poluentes<br \/>\n\u25aa Reduz dep\u00f3sitos no motor e no turbocompressor<\/p>\n<p><strong>Especifica\u00e7\u00f5es<\/strong><br \/>\n\u25aa ACEA C3<br \/>\n\u25aa API SN<\/p>\n<p><strong>Aprova\u00e7\u00f5es<\/strong><br \/>\n\u25aa BMW LONGLIFE-04<br \/>\n\u25aa MB-FREIGABE 229.51<br \/>\n\u25aa PORSCHE C30<br \/>\n\u25aa VW 504 00\/507 00<\/p>\n<p><strong>Recomenda\u00e7\u00f5es FUCHS<\/strong><br \/>\n\u25aa CHRYSLER MS-11106<br \/>\n\u25aa FIAT 9.55535-S3<br \/>\n\u25aa MB 229.52<\/p>\n<p><strong>CARACTER\u00cdSTICAS T\u00cdPICAS<\/strong><br \/>\nDensidade a 15 \u00b0C\u00a0 \u00a0 \u00a0 \u00a0 \u00a0 \u00a0 \u00a0 \u00a0 \u00a0 \u00a0 \u00a0 \u00a0 \u00a0 \u00a0 \u00a0 \u00a0 \u00a0 \u00a0 \u00a0 \u00a0 \u00a0 \u00a0 \u00a0 \u00a0 \u00a0 \u00a0 DIN 51757\u00a0 \u00a0 \u00a0 \u00a0 \u00a0 \u00a0 \u00a0 \u00a0 \u00a0 \u00a0 0,851 g\/ml<br \/>\nGrau SAE\u00a0 \u00a0 \u00a0 \u00a0 \u00a0 \u00a0 \u00a0 \u00a0 \u00a0 \u00a0 \u00a0 \u00a0 \u00a0 \u00a0 \u00a0 \u00a0 \u00a0 \u00a0 \u00a0 \u00a0 \u00a0 \u00a0 \u00a0 \u00a0 \u00a0 \u00a0 \u00a0 \u00a0 \u00a0 \u00a0 \u00a0 \u00a0 \u00a0 \u00a0SAE J300\u00a0 \u00a0 \u00a0 \u00a0 \u00a0 \u00a0 \u00a0 \u00a0 \u00a0 \u00a0 \u00a05W-30<br \/>\nViscosidade Cinem\u00e1tica a 40 \u00b0C\u00a0 \u00a0 \u00a0 \u00a0 \u00a0 \u00a0 \u00a0 \u00a0 \u00a0 \u00a0 \u00a0 \u00a0 \u00a0 \u00a0DIN 51562-1\u00a0 \u00a0 \u00a0 \u00a0 \u00a0 \u00a0 \u00a0 \u00a0 60 mm2\/s<br \/>\nViscosidade Cinem\u00e1tica a 100 \u00b0C\u00a0 \u00a0 \u00a0 \u00a0 \u00a0 \u00a0 \u00a0 \u00a0 \u00a0 \u00a0 \u00a0 \u00a0 \u00a0DIN 51562-1\u00a0 \u00a0 \u00a0 \u00a0 \u00a0 \u00a0 \u00a0 \u00a0 11,65 mm2\/s<br \/>\n\u00cdndice de viscosidade\u00a0 \u00a0 \u00a0 \u00a0 \u00a0 \u00a0 \u00a0 \u00a0 \u00a0 \u00a0 \u00a0 \u00a0 \u00a0 \u00a0 \u00a0 \u00a0 \u00a0 \u00a0 \u00a0 \u00a0 \u00a0 \u00a0 \u00a0 DIN ISO 2909\u00a0 \u00a0 \u00a0 \u00a0 \u00a0 \u00a0 192<br \/>\nHTHS\u00a0 \u00a0 \u00a0 \u00a0 \u00a0 \u00a0 \u00a0 \u00a0 \u00a0 \u00a0 \u00a0 \u00a0 \u00a0 \u00a0 \u00a0 \u00a0 \u00a0 \u00a0 \u00a0 \u00a0 \u00a0 \u00a0 \u00a0 \u00a0 \u00a0 \u00a0 \u00a0 \u00a0 \u00a0 \u00a0 \u00a0 \u00a0 \u00a0 \u00a0 \u00a0 \u00a0 \u00a0CEC L-036-90\u00a0 \u00a0 \u00a0 \u00a0 \u00a0 \u00a0 \u2265 3,5 mPa*s<br \/>\nPonto de fluidez\u00a0 \u00a0 \u00a0 \u00a0 \u00a0 \u00a0 \u00a0 \u00a0 \u00a0 \u00a0 \u00a0 \u00a0 \u00a0 \u00a0 \u00a0 \u00a0 \u00a0 \u00a0 \u00a0 \u00a0 \u00a0 \u00a0 \u00a0 \u00a0 \u00a0 \u00a0 \u00a0 \u00a0DIN ISO 3016\u00a0 \u00a0 \u00a0 \u00a0 \u00a0 \u00a0 -45 \u00b0C<br \/>\nCinza Sulfatada\u00a0 \u00a0 \u00a0 \u00a0 \u00a0 \u00a0 \u00a0 \u00a0 \u00a0 \u00a0 \u00a0 \u00a0 \u00a0 \u00a0 \u00a0 \u00a0 \u00a0 \u00a0 \u00a0 \u00a0 \u00a0 \u00a0 \u00a0 \u00a0 \u00a0 \u00a0 \u00a0 \u00a0 ASTM D874\u00a0 \u00a0 \u00a0 \u00a0 \u00a0 \u00a0 \u00a0 \u00a0 \u2264 0,8 % m\/m<br \/>\nCor\u00a0 \u00a0 \u00a0 \u00a0 \u00a0 \u00a0 \u00a0 \u00a0 \u00a0 \u00a0 \u00a0 \u00a0 \u00a0 \u00a0 \u00a0 \u00a0 \u00a0 \u00a0 \u00a0 \u00a0 \u00a0 \u00a0 \u00a0 \u00a0 \u00a0 \u00a0 \u00a0 \u00a0 \u00a0 \u00a0 \u00a0 \u00a0 \u00a0 \u00a0 \u00a0 \u00a0 \u00a0 \u00a0 \u00a0 DIN 10964\u00a0 \u00a0 \u00a0 \u00a0 \u00a0 \u00a0 \u00a0 \u00a0 \u00a0 \u00a0\u00c2mbar<\/p>\n<p>O conte\u00fado deste informativo de produto \u00e9 baseado na experi\u00eancia e conhecimento da FUCHS LUBRIFICANTES DO BRASIL no desenvolvimento e fabrica\u00e7\u00e3o de lubrificantes, e representa a tecnologia de ponta atual. O desempenho dos nossos produtos pode ser influenciado por uma s\u00e9rie de fatores, especialmente a utiliza\u00e7\u00e3o espec\u00edfica, o m\u00e9todo de aplica\u00e7\u00e3o, o ambiente operacional, o pr\u00e9-tratamento, a poss\u00edvel contamina\u00e7\u00e3o externa etc. Por este motivo, afirma\u00e7\u00f5es generalizadas sobre a fun\u00e7\u00e3o dos nossos produtos n\u00e3o s\u00e3o poss\u00edveis. Nossos produtos n\u00e3o devem ser usados em aeronaves ou ve\u00edculos espaciais. Nossos produtos podem ser usados na produ\u00e7\u00e3o de componentes de aeronaves ou ve\u00edculos espaciais se forem removidos sem res\u00edduos desses componentes antes da montagem de aeronaves ou ve\u00edculos espaciais. As informa\u00e7\u00f5es sobre o produto representam diretrizes gerais, n\u00e3o vinculativas. Nenhuma garantia expressa ou impl\u00edcita \u00e9 dada sobre as propriedades do produto ou sua adequa\u00e7\u00e3o para qualquer aplica\u00e7\u00e3o dada.<br \/>\nPor isso, recomendamos que voc\u00ea consulte o Departamento T\u00e9cnico da FUCHS LUBRIFICANTES DO BRASIL para discutir as condi\u00e7\u00f5es de aplica\u00e7\u00e3o e os crit\u00e9rios de desempenho dos produtos antes de ser utilizado. \u00c9 responsabilidade do usu\u00e1rio verificar a adequa\u00e7\u00e3o funcional do produto e us\u00e1-lo com o devido cuidado.<br \/>\nNossos produtos s\u00e3o continuamente melhorados. N\u00f3s ent\u00e3o nos reservamos o direito de mudar nosso programa de produto, os produtos e seus processos de fabrica\u00e7\u00e3o, bem como todos os detalhes dos nossos formul\u00e1rios de informa\u00e7\u00e3o do produto a qualquer momento, sem aviso pr\u00e9vio, a menos que haja acordos espec\u00edficos com clientes. Com a publica\u00e7\u00e3o deste informativo de produto, todas as edi\u00e7\u00f5es anteriores deixam de ser v\u00e1lidas.<\/p>\n","protected":false},"featured_media":10706,"template":"","meta":[],"product_cat":[135],"product_tag":[],"class_list":{"0":"post-10705","1":"product","2":"type-product","3":"status-publish","4":"has-post-thumbnail","6":"product_cat-fluidos","8":"first","9":"instock","10":"shipping-taxable","11":"purchasable","12":"product-type-simple","13":"add-to-wishlist-after_add_to_cart"},"_links":{"self":[{"href":"https:\/\/catalogo.rcddistribuidora.com\/index.php?rest_route=\/wp\/v2\/product\/10705","targetHints":{"allow":["GET"]}}],"collection":[{"href":"https:\/\/catalogo.rcddistribuidora.com\/index.php?rest_route=\/wp\/v2\/product"}],"about":[{"href":"https:\/\/catalogo.rcddistribuidora.com\/index.php?rest_route=\/wp\/v2\/types\/product"}],"wp:featuredmedia":[{"embeddable":true,"href":"https:\/\/catalogo.rcddistribuidora.com\/index.php?rest_route=\/wp\/v2\/media\/10706"}],"wp:attachment":[{"href":"https:\/\/catalogo.rcddistribuidora.com\/index.php?rest_route=%2Fwp%2Fv2%2Fmedia&parent=10705"}],"wp:term":[{"taxonomy":"product_cat","embeddable":true,"href":"https:\/\/catalogo.rcddistribuidora.com\/index.php?rest_route=%2Fwp%2Fv2%2Fproduct_cat&post=10705"},{"taxonomy":"product_tag","embeddable":true,"href":"https:\/\/catalogo.rcddistribuidora.com\/index.php?rest_route=%2Fwp%2Fv2%2Fproduct_tag&post=10705"}],"curies":[{"name":"wp","href":"https:\/\/api.w.org\/{rel}","templated":true}]}}