{"id":10701,"date":"2025-01-13T17:27:00","date_gmt":"2025-01-13T20:27:00","guid":{"rendered":"https:\/\/catalogo.rcddistribuidora.com\/?post_type=product&#038;p=10701"},"modified":"2025-01-13T17:27:00","modified_gmt":"2025-01-13T20:27:00","slug":"titan-gt1-longlife-iv-sae-0w-20","status":"publish","type":"product","link":"https:\/\/catalogo.rcddistribuidora.com\/?product=titan-gt1-longlife-iv-sae-0w-20","title":{"rendered":"TITAN GT1 LONGLIFE IV SAE 0W-20"},"content":{"rendered":"","protected":false},"excerpt":{"rendered":"<p>\u00d3leo de motor de desempenho premium em uma classe de viscosidade inovadora. Especialmente desenvolvido para ve\u00edculos VW modernos, para extrema economia de combust\u00edvel e redu\u00e7\u00e3o das emiss\u00f5es de CO2. Excelentes propriedades de partida a frio, tempos de lubrifica\u00e7\u00e3o mais r\u00e1pidos e excelentes reservas de desempenho.<\/p>\n<p><strong>Descri\u00e7\u00e3o<\/strong><br \/>\nTITAN GT1 LONGLIFE IV SAE 0W-20 \u00e9 um produto inovador dentro do espectro de \u00f3leos de motor de baixa viscosidade. A estrutura \u00fanica com \u00f3leos de base totalmente sint\u00e9ticos em conex\u00e3o com a tecnologia de aditivos desenvolvida pela FUCHS resulta em um \u00f3leo de motor de alto desempenho da mais alta qualidade. A composi\u00e7\u00e3o especial do TITAN GT1 LONGLIFE IV SAE 0W-20 permite uma economia de combust\u00edvel extremamente alta de mais de 4% no teste M111 FE e, assim, reduz as emiss\u00f5es de CO2. A capacidade t\u00e9rmica extremamente alta e as capacidades otimizadas de carga de carbono do TITAN GT1 LONGLIFE IV SAE 0W-20 oferece enormes benef\u00edcios para motores que precisam lidar com muitos esfor\u00e7os.<\/p>\n<p><strong>Aplica\u00e7\u00e3o<\/strong><br \/>\nTITAN GT1 LONGLIFE IV SAE 0W-20 foi especialmente desenvolvido e aprovado para uso em novos motores VW a gasolina e diesel que requerem um \u00f3leo de acordo com as especifica\u00e7\u00f5es VW 508 00\/509 00. Apesar da viscosidade mais baixa, o TITAN GT1 LONGLIFE IV SAE 0W-20 oferece as melhores propriedades de prote\u00e7\u00e3o contra desgaste e reservas de desempenho, mesmo para intervalos de troca de \u00f3leo estendidos. TITAN GT1 LONGLIFE IV SAE 0W-20 n\u00e3o \u00e9 compat\u00edvel com as especifica\u00e7\u00f5es anteriores da VW. Consequentemente, s\u00f3 pode ser usado nos motores para os quais foi aprovado! TITAN GT1 LONGLIFE SAE 0W-20 pode ser misturado e \u00e9 compat\u00edvel com \u00f3leos de motor convencionais.<br \/>\nNo entanto, para aproveitar ao m\u00e1ximo os benef\u00edcios do TITAN GT1 LONGLIFE IV SAE 0W-20, n\u00e3o misture com outros \u00f3leos de motor. Recomenda-se uma troca completa do \u00f3leo ao migrar para o produto TITAN GT1 LL-12 FE SAE 0W-30. Para informa\u00e7\u00f5es sobre seguran\u00e7a e descarte adequado, favor orientar-se pelas informa\u00e7\u00f5es presentes na embalagem e na FISPQ.<\/p>\n<p><strong>Vantagens<\/strong><br \/>\n\u25aa Especificamente desenvolvido para os modernos motores VW a gasolina e diesel que foram aprovados para o uso deste \u00f3leo.<br \/>\n\u25aa Consumo de combust\u00edvel substancialmente reduzido em mais de 4% no teste M111 FE devido \u00e0 baixa viscosidade din\u00e2mica a 150 \u00b0C (HTHS) em combina\u00e7\u00e3o com \u00f3leos b\u00e1sicos totalmente sint\u00e9ticos<br \/>\n\u25aa Emiss\u00f5es reduzidas de CO2<br \/>\n\u25aa Excelente desempenho de partida a frio<br \/>\n\u25aa Permite intervalos de troca de \u00f3leo estendidos<br \/>\n\u25aa Apesar de sua viscosidade extremamente baixa, oferece prote\u00e7\u00e3o superior contra desgaste em todas as condi\u00e7\u00f5es operacionais<br \/>\n\u25aa Adequado para ve\u00edculos h\u00edbridos selecionados, dependendo dos requisitos do OEM Especifica\u00e7\u00f5es<br \/>\n\u25aa ACEA C5<br \/>\n\u25aa FORD WSS-M2C956-A1<\/p>\n<p><strong>Aprova\u00e7\u00f5es<\/strong><br \/>\n\u25aa PORSCHE C20<br \/>\n\u25aa VW 508 00\/509 00<\/p>\n<p><strong>Recomenda\u00e7\u00f5es FUCHS<\/strong><br \/>\n&#8211;<\/p>\n<p><strong>CARACTER\u00cdSTICAS T\u00cdPICAS<\/strong><br \/>\nDensidade \u00e0 15 \u00b0C\u00a0 \u00a0 \u00a0 \u00a0 \u00a0 \u00a0 \u00a0 \u00a0 \u00a0 \u00a0 \u00a0 \u00a0 \u00a0 \u00a0 \u00a0 \u00a0 \u00a0 \u00a0 \u00a0 \u00a0 DIN 51757\u00a0 \u00a0 \u00a0 \u00a0 \u00a0 \u00a0 \u00a0 \u00a0 \u00a0 \u00a0 0,837 g\/ml<br \/>\nGrau SAE\u00a0 \u00a0 \u00a0 \u00a0 \u00a0 \u00a0 \u00a0 \u00a0 \u00a0 \u00a0 \u00a0 \u00a0 \u00a0 \u00a0 \u00a0 \u00a0 \u00a0 \u00a0 \u00a0 \u00a0 \u00a0 \u00a0 \u00a0 \u00a0 \u00a0 \u00a0 \u00a0 \u00a0SAE J300\u00a0 \u00a0 \u00a0 \u00a0 \u00a0 \u00a0 \u00a0 \u00a0 \u00a0 \u00a0 \u00a00W-20<br \/>\nViscosidade Cinem\u00e1tica a 40 \u00b0C\u00a0 \u00a0 \u00a0 \u00a0 \u00a0 \u00a0 \u00a0 \u00a0DIN 51562-1\u00a0 \u00a0 \u00a0 \u00a0 \u00a0 \u00a0 \u00a0 \u00a0 \u00a039,9 mm2\/s<br \/>\nViscosidade Cinem\u00e1tica a 100 \u00b0C\u00a0 \u00a0 \u00a0 \u00a0 \u00a0 \u00a0 \u00a0DIN 51562-1\u00a0 \u00a0 \u00a0 \u00a0 \u00a0 \u00a0 \u00a0 \u00a0 \u00a08,0 mm2\/s<br \/>\n\u00cdndice de viscosidade\u00a0 \u00a0 \u00a0 \u00a0 \u00a0 \u00a0 \u00a0 \u00a0 \u00a0 \u00a0 \u00a0 \u00a0 \u00a0 \u00a0 \u00a0 \u00a0 \u00a0 DIN ISO 2909\u00a0 \u00a0 \u00a0 \u00a0 \u00a0 \u00a0 \u00a0177<br \/>\nHTHS\u00a0 \u00a0 \u00a0 \u00a0 \u00a0 \u00a0 \u00a0 \u00a0 \u00a0 \u00a0 \u00a0 \u00a0 \u00a0 \u00a0 \u00a0 \u00a0 \u00a0 \u00a0 \u00a0 \u00a0 \u00a0 \u00a0 \u00a0 \u00a0 \u00a0 \u00a0 \u00a0 \u00a0 \u00a0 \u00a0 \u00a0CEC L-036-90\u00a0 \u00a0 \u00a0 \u00a0 \u00a0 \u00a0 \u00a0\u2265 2,6 e &lt; 2,9 mPa*s<br \/>\nPonto de fluidez\u00a0 \u00a0 \u00a0 \u00a0 \u00a0 \u00a0 \u00a0 \u00a0 \u00a0 \u00a0 \u00a0 \u00a0 \u00a0 \u00a0 \u00a0 \u00a0 \u00a0 \u00a0 \u00a0 \u00a0 \u00a0 \u00a0DIN ISO 3016\u00a0 \u00a0 \u00a0 \u00a0 \u00a0 \u00a0 \u00a0 -54 \u00b0C<br \/>\nCinzas sulfatadas\u00a0 \u00a0 \u00a0 \u00a0 \u00a0 \u00a0 \u00a0 \u00a0 \u00a0 \u00a0 \u00a0 \u00a0 \u00a0 \u00a0 \u00a0 \u00a0 \u00a0 \u00a0 \u00a0 \u00a0 \u00a0ASTM D874\u00a0 \u00a0 \u00a0 \u00a0 \u00a0 \u00a0 \u00a0 \u00a0 \u00a0 \u2264 0,8 % m\/m<br \/>\nCor\u00a0 \u00a0 \u00a0 \u00a0 \u00a0 \u00a0 \u00a0 \u00a0 \u00a0 \u00a0 \u00a0 \u00a0 \u00a0 \u00a0 \u00a0 \u00a0 \u00a0 \u00a0 \u00a0 \u00a0 \u00a0 \u00a0 \u00a0 \u00a0 \u00a0 \u00a0 \u00a0 \u00a0 \u00a0 \u00a0 \u00a0 \u00a0 \u00a0 \u00a0 \u00a0 \u00a0 \u00a0 \u00a0 \u00a0 \u00a0 \u00a0 \u00a0 \u00a0 \u00a0 \u00a0 \u00a0 \u00a0 \u00a0 \u00a0 \u00a0 \u00a0 \u00a0 \u00a0 \u00a0Verde<\/p>\n<p>O conte\u00fado deste informativo de produto \u00e9 baseado na experi\u00eancia e conhecimento da FUCHS LUBRIFICANTES DO BRASIL no desenvolvimento e fabrica\u00e7\u00e3o de lubrificantes, e representa a tecnologia de ponta atual. O desempenho dos nossos produtos pode ser influenciado por uma s\u00e9rie de fatores, especialmente a utiliza\u00e7\u00e3o espec\u00edfica, o m\u00e9todo de aplica\u00e7\u00e3o, o ambiente operacional, o pr\u00e9-tratamento, a poss\u00edvel contamina\u00e7\u00e3o externa etc. Por este motivo, afirma\u00e7\u00f5es generalizadas sobre a fun\u00e7\u00e3o dos nossos produtos n\u00e3o s\u00e3o poss\u00edveis. Nossos produtos n\u00e3o devem ser usados em aeronaves ou ve\u00edculos espaciais. Nossos produtos podem ser usados na produ\u00e7\u00e3o de componentes de aeronaves ou ve\u00edculos espaciais se forem removidos sem res\u00edduos desses componentes antes da montagem de aeronaves ou ve\u00edculos espaciais. As informa\u00e7\u00f5es sobre o produto representam diretrizes gerais, n\u00e3o vinculativas. Nenhuma garantia expressa ou impl\u00edcita \u00e9 dada sobre as propriedades do produto ou sua adequa\u00e7\u00e3o para qualquer aplica\u00e7\u00e3o dada.<br \/>\nPor isso, recomendamos que voc\u00ea consulte o Departamento T\u00e9cnico da FUCHS LUBRIFICANTES DO BRASIL para discutir as condi\u00e7\u00f5es de aplica\u00e7\u00e3o e os crit\u00e9rios de desempenho dos produtos antes de ser utilizado. \u00c9 responsabilidade do usu\u00e1rio verificar a adequa\u00e7\u00e3o funcional do produto e us\u00e1-lo com o devido cuidado.<br \/>\nNossos produtos s\u00e3o continuamente melhorados. N\u00f3s ent\u00e3o nos reservamos o direito de mudar nosso programa de produto, os produtos e seus processos de fabrica\u00e7\u00e3o, bem como todos os detalhes dos nossos formul\u00e1rios de informa\u00e7\u00e3o do produto a qualquer momento, sem aviso pr\u00e9vio, a menos que haja acordos espec\u00edficos com clientes. Com a publica\u00e7\u00e3o deste informativo de produto, todas as edi\u00e7\u00f5es anteriores deixam de ser v\u00e1lidas.<\/p>\n<p>&nbsp;<\/p>\n","protected":false},"featured_media":10702,"template":"","meta":[],"product_cat":[135],"product_tag":[],"class_list":{"0":"post-10701","1":"product","2":"type-product","3":"status-publish","4":"has-post-thumbnail","6":"product_cat-fluidos","8":"first","9":"instock","10":"shipping-taxable","11":"purchasable","12":"product-type-simple","13":"add-to-wishlist-after_add_to_cart"},"_links":{"self":[{"href":"https:\/\/catalogo.rcddistribuidora.com\/index.php?rest_route=\/wp\/v2\/product\/10701","targetHints":{"allow":["GET"]}}],"collection":[{"href":"https:\/\/catalogo.rcddistribuidora.com\/index.php?rest_route=\/wp\/v2\/product"}],"about":[{"href":"https:\/\/catalogo.rcddistribuidora.com\/index.php?rest_route=\/wp\/v2\/types\/product"}],"wp:featuredmedia":[{"embeddable":true,"href":"https:\/\/catalogo.rcddistribuidora.com\/index.php?rest_route=\/wp\/v2\/media\/10702"}],"wp:attachment":[{"href":"https:\/\/catalogo.rcddistribuidora.com\/index.php?rest_route=%2Fwp%2Fv2%2Fmedia&parent=10701"}],"wp:term":[{"taxonomy":"product_cat","embeddable":true,"href":"https:\/\/catalogo.rcddistribuidora.com\/index.php?rest_route=%2Fwp%2Fv2%2Fproduct_cat&post=10701"},{"taxonomy":"product_tag","embeddable":true,"href":"https:\/\/catalogo.rcddistribuidora.com\/index.php?rest_route=%2Fwp%2Fv2%2Fproduct_tag&post=10701"}],"curies":[{"name":"wp","href":"https:\/\/api.w.org\/{rel}","templated":true}]}}