{"id":10693,"date":"2025-01-13T16:23:20","date_gmt":"2025-01-13T19:23:20","guid":{"rendered":"https:\/\/catalogo.rcddistribuidora.com\/?post_type=product&#038;p=10693"},"modified":"2025-01-13T16:23:20","modified_gmt":"2025-01-13T19:23:20","slug":"titan-ffl-2","status":"publish","type":"product","link":"https:\/\/catalogo.rcddistribuidora.com\/?product=titan-ffl-2","title":{"rendered":"TITAN FFL-2"},"content":{"rendered":"","protected":false},"excerpt":{"rendered":"<p>Lubrificante premium para DCTF. Especialmente desenvolvido para uso em transmiss\u00f5es de dupla embreagem VW com embreagem \u00famida. Oferece \u00f3tima prote\u00e7\u00e3o contra desgaste e excelentes propriedades de fric\u00e7\u00e3o, mesmo sob condi\u00e7\u00f5es severas e oferece melhor desempenho na mudan\u00e7a das marchas durante toda a vida \u00fatil.<\/p>\n<p>Descri\u00e7\u00e3o<br \/>\nO TITAN FFL-2 \u00e9 um \u00f3leo de transmiss\u00e3o especial, desenvolvido exclusivamente para uso como lubrificante das transmiss\u00f5es de dupla embreagem do Grupo VW. O TITAN FFL-2 foi desenvolvido com uma tecnologia inovadora para atender os elevados requisitos. E em parceria com a VW foi alinhado aos diversos requisitos espec\u00edficos da DSG. Portanto, o produto possui as melhores propriedades de fric\u00e7\u00e3o e oferece opera\u00e7\u00f5es de troca de marchas ideais e mais r\u00e1pidas em todo o intervalo de troca de \u00f3leo.<br \/>\nAl\u00e9m disso, o TITAN FFL-2 atende aos complexos requisitos de compatibilidade com metais n\u00e3oferrosos e componentes eletr\u00f4nicos, que s\u00e3o de fundamental import\u00e2ncia para o bom funcionamento do circuito de controle eletro-hidr\u00e1ulico. O TITAN FFL-2 tamb\u00e9m garante \u00f3tima prote\u00e7\u00e3o contra desgaste ao longo de todo o ciclo de vida do componente.<\/p>\n<p><strong>Aplica\u00e7\u00e3o<\/strong><br \/>\nO TITAN FFL-2 foi desenvolvido especificamente para uso nas transmiss\u00f5es de dupla embreagem DQ250, DQ500 e DQ400e da VW. \u00c9 o \u00fanico produto aprovado para uso nessas transmiss\u00f5es, instaladas em um grande n\u00famero de ve\u00edculos do Grupo VW. Para garantir o perfeito funcionamento da DSG, \u00e9 absolutamente essencial que o TITAN FFL-2 n\u00e3o seja misturado com nenhum outro \u00f3leo de transmiss\u00e3o. Para informa\u00e7\u00f5es sobre seguran\u00e7a e descarte adequado do produto, favor orientar-se pelas informa\u00e7\u00f5es presentes na embalagem e na FISPQ.<\/p>\n<p>Nota: Este produto foi comercializado anteriormente com o nome PENTOSIN FFL-2.<\/p>\n<p><strong>Vantagens<\/strong><br \/>\n\u25aa Caracter\u00edsticas do coeficiente de fric\u00e7\u00e3o especialmente compat\u00edveis com os sistemas de dupla embreagem do Grupo VW \u2192 resultando em um comportamento de mudan\u00e7a ideal.<br \/>\n\u25aa Excelente estabilidade das caracter\u00edsticas de fric\u00e7\u00e3o.<br \/>\n\u25aa Protege de forma confi\u00e1vel contra corros\u00e3o, desgaste e forma\u00e7\u00e3o de borra.<br \/>\n\u25aa Excelente compatibilidade com metais n\u00e3o ferrosos e componentes eletr\u00f4nicos do circuito de controle hidr\u00e1ulico.<br \/>\n\u25aa Padr\u00f5es de espuma otimizados<br \/>\n\u25aa Este \u00e9 o \u00fanico produto que foi aprovado de acordo com a especifica\u00e7\u00e3o TL 52182 da VW!<\/p>\n<p><strong>Especifica\u00e7\u00f5es<\/strong><br \/>\n\u25aa &#8211;<\/p>\n<p><strong>Aprova\u00e7\u00f5es<\/strong><br \/>\n\u25aa JAC DTF630<br \/>\n\u25aa VW TL 52 182 (G 052 182)<\/p>\n<p><strong>Recomenda\u00e7\u00f5es FUCHS<\/strong><br \/>\n\u25aa &#8211;<\/p>\n<p><strong>CARACTER\u00cdSTICAS T\u00cdPICAS<\/strong><br \/>\nDensidade \u00e0 15 \u00b0C\u00a0 \u00a0 \u00a0 \u00a0 \u00a0 \u00a0 \u00a0 \u00a0 \u00a0 \u00a0 \u00a0 \u00a0 \u00a0 \u00a0 \u00a0 \u00a0 \u00a0 \u00a0 \u00a0DIN EN ISO 12185\u00a0 \u00a0 \u00a0 \u00a0 \u00a0 \u00a0 \u00a0845 kg\/m3<br \/>\nGrau SAE\u00a0 \u00a0 \u00a0 \u00a0 \u00a0 \u00a0 \u00a0 \u00a0 \u00a0 \u00a0 \u00a0 \u00a0 \u00a0 \u00a0 \u00a0 \u00a0 \u00a0 \u00a0 \u00a0 \u00a0 \u00a0 \u00a0 \u00a0 \u00a0 \u00a0 \u00a0 SAE J306\u00a0 \u00a0 \u00a0 \u00a0 \u00a0 \u00a0 \u00a0 \u00a0 \u00a0 \u00a0 \u00a0 \u00a0 \u00a0 \u00a0 \u00a0 75W-75<br \/>\nViscosidade Cinem\u00e1tica \u00e0 40 \u00b0C\u00a0 \u00a0 \u00a0 \u00a0 \u00a0 \u00a0 DIN EN ISO 3104\u00a0 \u00a0 \u00a0 \u00a0 \u00a0 \u00a0 \u00a0 \u00a0 36,3 mm2\/s<br \/>\nViscosidade Cinem\u00e1tica \u00e0 100 \u00b0C\u00a0 \u00a0 \u00a0 \u00a0 \u00a0 DIN EN ISO 3104\u00a0 \u00a0 \u00a0 \u00a0 \u00a0 \u00a0 \u00a0 \u00a0 7,3 mm2\/s<br \/>\n\u00cdndice de Viscosidade\u00a0 \u00a0 \u00a0 \u00a0 \u00a0 \u00a0 \u00a0 \u00a0 \u00a0 \u00a0 \u00a0 \u00a0 \u00a0 \u00a0 \u00a0 DIN ISO 2909\u00a0 \u00a0 \u00a0 \u00a0 \u00a0 \u00a0 \u00a0 \u00a0 \u00a0 \u00a0 \u00a0 \u00a0173<br \/>\nPonto de Fluidez\u00a0 \u00a0 \u00a0 \u00a0 \u00a0 \u00a0 \u00a0 \u00a0 \u00a0 \u00a0 \u00a0 \u00a0 \u00a0 \u00a0 \u00a0 \u00a0 \u00a0 \u00a0 \u00a0 \u00a0DIN ISO 3016\u00a0 \u00a0 \u00a0 \u00a0 \u00a0 \u00a0 \u00a0 \u00a0 \u00a0 \u00a0 \u00a0 \u00a0 -51 \u00b0C<br \/>\nCor DIN 10964\u00a0 \u00a0 \u00a0 \u00a0 \u00a0 \u00a0 \u00a0 \u00a0 \u00a0 \u00a0 \u00a0 \u00a0 \u00a0 \u00a0 \u00a0 \u00a0 \u00a0 \u00a0 \u00a0 \u00a0 \u00a0 \u00a0 \u00a0 \u00a0 \u00a0 \u00a0 \u00a0 \u00a0 \u00a0 \u00a0 \u00a0 \u00a0 \u00a0 \u00a0 \u00a0 \u00a0 \u00a0 \u00a0 \u00a0 \u00a0 \u00a0 \u00a0 \u00a0 \u00a0 \u00a0 \u00a0 \u00c2mbar<\/p>\n<p>O conte\u00fado deste informativo de produto \u00e9 baseado na experi\u00eancia e conhecimento da FUCHS LUBRIFICANTES DO BRASIL no desenvolvimento e fabrica\u00e7\u00e3o de lubrificantes, e representa a tecnologia de ponta atual. O desempenho dos nossos produtos pode ser influenciado por uma s\u00e9rie de fatores, especialmente a utiliza\u00e7\u00e3o espec\u00edfica, o m\u00e9todo de aplica\u00e7\u00e3o, o ambiente operacional, o pr\u00e9-tratamento, a poss\u00edvel contamina\u00e7\u00e3o externa etc. Por este motivo, afirma\u00e7\u00f5es generalizadas sobre a fun\u00e7\u00e3o dos nossos produtos n\u00e3o s\u00e3o poss\u00edveis. Nossos produtos n\u00e3o devem ser usados em aeronaves ou ve\u00edculos espaciais. Nossos produtos podem ser usados na produ\u00e7\u00e3o de componentes de aeronaves ou ve\u00edculos espaciais se forem removidos sem res\u00edduos desses componentes antes da montagem de aeronaves ou ve\u00edculos espaciais. As informa\u00e7\u00f5es sobre o produto representam diretrizes gerais, n\u00e3o vinculativas. Nenhuma garantia expressa ou impl\u00edcita \u00e9 dada sobre as propriedades do produto ou sua adequa\u00e7\u00e3o para qualquer aplica\u00e7\u00e3o dada.<br \/>\nPor isso, recomendamos que voc\u00ea consulte o Departamento T\u00e9cnico da FUCHS LUBRIFICANTES DO BRASIL para discutir as condi\u00e7\u00f5es de aplica\u00e7\u00e3o e os crit\u00e9rios de desempenho dos produtos antes de ser utilizado. \u00c9 responsabilidade do usu\u00e1rio verificar a adequa\u00e7\u00e3o funcional do produto e us\u00e1-lo com o devido cuidado.<br \/>\nNossos produtos s\u00e3o continuamente melhorados. N\u00f3s ent\u00e3o nos reservamos o direito de mudar nosso programa de produto, os produtos e seus processos de fabrica\u00e7\u00e3o, bem como todos os detalhes dos nossos formul\u00e1rios de informa\u00e7\u00e3o do produto a qualquer momento, sem aviso pr\u00e9vio, a menos que haja acordos espec\u00edficos com clientes. Com a publica\u00e7\u00e3o deste informativo de produto, todas as edi\u00e7\u00f5es anteriores deixam de ser v\u00e1lidas.<\/p>\n","protected":false},"featured_media":10694,"template":"","meta":[],"product_cat":[135],"product_tag":[],"class_list":{"0":"post-10693","1":"product","2":"type-product","3":"status-publish","4":"has-post-thumbnail","6":"product_cat-fluidos","8":"first","9":"instock","10":"shipping-taxable","11":"purchasable","12":"product-type-simple","13":"add-to-wishlist-after_add_to_cart"},"_links":{"self":[{"href":"https:\/\/catalogo.rcddistribuidora.com\/index.php?rest_route=\/wp\/v2\/product\/10693","targetHints":{"allow":["GET"]}}],"collection":[{"href":"https:\/\/catalogo.rcddistribuidora.com\/index.php?rest_route=\/wp\/v2\/product"}],"about":[{"href":"https:\/\/catalogo.rcddistribuidora.com\/index.php?rest_route=\/wp\/v2\/types\/product"}],"wp:featuredmedia":[{"embeddable":true,"href":"https:\/\/catalogo.rcddistribuidora.com\/index.php?rest_route=\/wp\/v2\/media\/10694"}],"wp:attachment":[{"href":"https:\/\/catalogo.rcddistribuidora.com\/index.php?rest_route=%2Fwp%2Fv2%2Fmedia&parent=10693"}],"wp:term":[{"taxonomy":"product_cat","embeddable":true,"href":"https:\/\/catalogo.rcddistribuidora.com\/index.php?rest_route=%2Fwp%2Fv2%2Fproduct_cat&post=10693"},{"taxonomy":"product_tag","embeddable":true,"href":"https:\/\/catalogo.rcddistribuidora.com\/index.php?rest_route=%2Fwp%2Fv2%2Fproduct_tag&post=10693"}],"curies":[{"name":"wp","href":"https:\/\/api.w.org\/{rel}","templated":true}]}}