{"id":10691,"date":"2025-01-13T16:17:42","date_gmt":"2025-01-13T19:17:42","guid":{"rendered":"https:\/\/catalogo.rcddistribuidora.com\/?post_type=product&#038;p=10691"},"modified":"2025-01-13T16:17:42","modified_gmt":"2025-01-13T19:17:42","slug":"titan-cvtf-flex","status":"publish","type":"product","link":"https:\/\/catalogo.rcddistribuidora.com\/?product=titan-cvtf-flex","title":{"rendered":"TITAN CVTF FLEX"},"content":{"rendered":"","protected":false},"excerpt":{"rendered":"<p>CVTF de alt\u00edssimo desempenho especialmente desenvolvido para uso em diversas caixas de c\u00e2mbio CVT que utilizem correias ou correntes de transmiss\u00e3o feitas em a\u00e7o.<\/p>\n<p><strong>Descri\u00e7\u00e3o<\/strong><br \/>\nO TITAN CVTF FLEX \u00e9 um fluido de transmiss\u00e3o de alto desempenho formulado com \u00f3leos b\u00e1sicos selecionados para uso em diversas transmiss\u00f5es CVT de correntes ou correias de a\u00e7o. Oferece excelente prote\u00e7\u00e3o contra desgaste, propriedades otimizadas \u00e0 baixa temperatura e caracter\u00edsticas de fric\u00e7\u00e3o est\u00e1veis ao longo de todo o intervalo de<br \/>\ntroca.<\/p>\n<p><strong>Aplica\u00e7\u00e3o<\/strong><br \/>\nO TITAN CVTF FLEX foi testado com sucesso para ser usado em c\u00e2mbios CVT de diversos fabricantes.<br \/>\nDeve-se respeitar os intervalos de troca de \u00f3leo recomendados pelos fabricantes. O TITAN ATF CVT \u00e9 misc\u00edvel e compat\u00edvel com os ATFs de marcas convencionais. No entanto, a mistura com outros ATFs deve ser evitada para aproveitar totalmente os benef\u00edcios do produto. Respectivamente, recomenda-se uma troca completa do \u00f3leo ao migrar para o TITAN ATF CVT. Para informa\u00e7\u00f5es sobre seguran\u00e7a e descarte adequado do produto, favor orientar-se pelas informa\u00e7\u00f5es presentes na embalagem e na FISPQ.<\/p>\n<p><strong>Vantagens<\/strong><br \/>\n\u25aa Universalmente aplic\u00e1vel em diversas transmiss\u00f5es CVT de diferentes fabricantes.<br \/>\n\u25aa Excelente prote\u00e7\u00e3o antidesgaste.<br \/>\n\u25aa Excelentes propriedades de circula\u00e7\u00e3o em baixas temperaturas.<br \/>\n\u25aa Caracter\u00edsticas de fric\u00e7\u00e3o est\u00e1veis durante toda a vida \u00fatil<br \/>\n\u25aa Aditivos especiais garantem boa estabilidade ao envelhecimento e oxida\u00e7\u00e3o, assim como excelente resist\u00eancia \u00e0 forma\u00e7\u00e3o de espuma<\/p>\n<p><strong>Especifica\u00e7\u00f5es<\/strong><br \/>\n\u25aa &#8211;<\/p>\n<p><strong>Aprova\u00e7\u00f5es<\/strong><br \/>\n\u25aa &#8211;<\/p>\n<p><strong>Recomenda\u00e7\u00f5es FUCHS<\/strong><br \/>\n\u25aa BMW 83 22 0 136 376<br \/>\n\u25aa BMW 83 22 0 429 154<br \/>\n\u25aa CHRYSLER CVTF+4<br \/>\n\u25aa DAIHATSU AMMIX CVTF-DC\/-DFE<br \/>\n\u25aa DODGE\/JEEP NS-2\/CVTF+4<br \/>\n\u25aa FORD WSS-M2C933-A\/MERCON C<br \/>\n\u25aa GM 19260800<br \/>\n\u25aa GM DEX-CVT<br \/>\n\u25aa GM HP CVTF<br \/>\n\u25aa HONDA HCF-2<br \/>\n\u25aa HYUNDAI\/KIA SP-CVT1<br \/>\n\u25aa MAZDA CVTF 3320<br \/>\n\u25aa MITSUBISHI CVTF-J1\/J4<br \/>\n\u25aa NISSAN NS-1\/NS-2\/NS-3<br \/>\n\u25aa SUBARU Lineartronic CV-30\/CVTF\/CVTF-II\/<br \/>\nCVTF-HT\/E-CVT\/iCVT<br \/>\n\u25aa SUZUKI TC\/NS-2\/CVT Green 1\/CVT Green<br \/>\n2\/CVTF 3320<br \/>\n\u25aa TOYOTA TC\/CVT FE<br \/>\n\u25aa VW TL 521 80 (G 052 180)<br \/>\n\u25aa VW TL 525 16 (G 052 516)<\/p>\n<p><strong>CARACTER\u00cdSTICAS T\u00cdPICAS<\/strong><br \/>\nDensidade \u00e0 15 \u00b0C\u00a0 \u00a0 \u00a0 \u00a0 \u00a0 \u00a0 \u00a0 \u00a0 \u00a0 \u00a0 \u00a0 \u00a0 \u00a0 \u00a0 \u00a0 \u00a0 \u00a0 \u00a0 \u00a0 \u00a0DIN 51757\u00a0 \u00a0 \u00a0 \u00a0 \u00a0 \u00a0 \u00a0 \u00a0 \u00a0 \u00a00,850 g\/ml<br \/>\nViscosidade Cinem\u00e1tica \u00e0 40 \u00b0C\u00a0 \u00a0 \u00a0 \u00a0 \u00a0 \u00a0 \u00a0 DIN 51562-1\u00a0 \u00a0 \u00a0 \u00a0 \u00a0 \u00a0 \u00a0 \u00a035,0 mm2\/s<br \/>\nViscosidade Cinem\u00e1tica \u00e0 100 \u00b0C\u00a0 \u00a0 \u00a0 \u00a0 \u00a0 \u00a0 DIN 51562-1\u00a0 \u00a0 \u00a0 \u00a0 \u00a0 \u00a0 \u00a0 \u00a0 7,3 mm2\/s<br \/>\n\u00cdndice de Viscosidade\u00a0 \u00a0 \u00a0 \u00a0 \u00a0 \u00a0 \u00a0 \u00a0 \u00a0 \u00a0 \u00a0 \u00a0 \u00a0 \u00a0 \u00a0 \u00a0 DIN ISO 2909\u00a0 \u00a0 \u00a0 \u00a0 \u00a0 \u00a0 170<br \/>\nPonto de Fluidez\u00a0 \u00a0 \u00a0 \u00a0 \u00a0 \u00a0 \u00a0 \u00a0 \u00a0 \u00a0 \u00a0 \u00a0 \u00a0 \u00a0 \u00a0 \u00a0 \u00a0 \u00a0 \u00a0 \u00a0 \u00a0DIN ISO 3016\u00a0 \u00a0 \u00a0 \u00a0 \u00a0 \u00a0 -48 \u00b0C<br \/>\nCor\u00a0 \u00a0 \u00a0 \u00a0 \u00a0 \u00a0 \u00a0 \u00a0 \u00a0 \u00a0 \u00a0 \u00a0 \u00a0 \u00a0 \u00a0 \u00a0 \u00a0 \u00a0 \u00a0 \u00a0 \u00a0 \u00a0 \u00a0 \u00a0 \u00a0 \u00a0 \u00a0 \u00a0 \u00a0 \u00a0 \u00a0 \u00a0 \u00a0 \u00a0 \u00a0 \u00a0 \u00a0 \u00a0 \u00a0 \u00a0 \u00a0 \u00a0 \u00a0 \u00a0 \u00a0 \u00a0 \u00a0 \u00a0 \u00a0 \u00a0 \u00a0 \u00a0 \u00e2mbar<\/p>\n<p>O conte\u00fado deste informativo de produto \u00e9 baseado na experi\u00eancia e conhecimento da FUCHS LUBRIFICANTES DO BRASIL no desenvolvimento e fabrica\u00e7\u00e3o de lubrificantes, e representa a tecnologia de ponta atual. O desempenho dos nossos produtos pode ser influenciado por uma s\u00e9rie de fatores, especialmente a utiliza\u00e7\u00e3o espec\u00edfica, o m\u00e9todo de aplica\u00e7\u00e3o, o ambiente operacional, o pr\u00e9-tratamento, a poss\u00edvel contamina\u00e7\u00e3o externa etc. Por este motivo, afirma\u00e7\u00f5es generalizadas sobre a fun\u00e7\u00e3o dos nossos produtos n\u00e3o s\u00e3o poss\u00edveis. Nossos produtos n\u00e3o devem ser usados em aeronaves ou ve\u00edculos espaciais. Nossos produtos podem ser usados na produ\u00e7\u00e3o de componentes de aeronaves ou ve\u00edculos espaciais se forem removidos sem res\u00edduos desses componentes antes da montagem de aeronaves ou ve\u00edculos espaciais. As informa\u00e7\u00f5es sobre o produto representam diretrizes gerais, n\u00e3o vinculativas. Nenhuma garantia expressa ou impl\u00edcita \u00e9 dada sobre as propriedades do produto ou sua adequa\u00e7\u00e3o para qualquer aplica\u00e7\u00e3o dada.<br \/>\nPor isso, recomendamos que voc\u00ea consulte o Departamento T\u00e9cnico da FUCHS LUBRIFICANTES DO BRASIL para discutir as condi\u00e7\u00f5es de aplica\u00e7\u00e3o e os crit\u00e9rios de desempenho dos produtos antes de ser utilizado. \u00c9 responsabilidade do usu\u00e1rio verificar a adequa\u00e7\u00e3o funcional do produto e us\u00e1-lo com o devido cuidado.<br \/>\nNossos produtos s\u00e3o continuamente melhorados. N\u00f3s ent\u00e3o nos reservamos o direito de mudar nosso programa de produto, os produtos e seus processos de fabrica\u00e7\u00e3o, bem como todos os detalhes dos nossos formul\u00e1rios de informa\u00e7\u00e3o do produto a qualquer momento, sem aviso pr\u00e9vio, a menos que haja acordos espec\u00edficos com clientes. Com a publica\u00e7\u00e3o deste informativo de produto, todas as edi\u00e7\u00f5es anteriores deixam de ser v\u00e1lidas.<\/p>\n","protected":false},"featured_media":10692,"template":"","meta":[],"product_cat":[135],"product_tag":[],"class_list":{"0":"post-10691","1":"product","2":"type-product","3":"status-publish","4":"has-post-thumbnail","6":"product_cat-fluidos","8":"first","9":"instock","10":"shipping-taxable","11":"purchasable","12":"product-type-simple","13":"add-to-wishlist-after_add_to_cart"},"_links":{"self":[{"href":"https:\/\/catalogo.rcddistribuidora.com\/index.php?rest_route=\/wp\/v2\/product\/10691","targetHints":{"allow":["GET"]}}],"collection":[{"href":"https:\/\/catalogo.rcddistribuidora.com\/index.php?rest_route=\/wp\/v2\/product"}],"about":[{"href":"https:\/\/catalogo.rcddistribuidora.com\/index.php?rest_route=\/wp\/v2\/types\/product"}],"wp:featuredmedia":[{"embeddable":true,"href":"https:\/\/catalogo.rcddistribuidora.com\/index.php?rest_route=\/wp\/v2\/media\/10692"}],"wp:attachment":[{"href":"https:\/\/catalogo.rcddistribuidora.com\/index.php?rest_route=%2Fwp%2Fv2%2Fmedia&parent=10691"}],"wp:term":[{"taxonomy":"product_cat","embeddable":true,"href":"https:\/\/catalogo.rcddistribuidora.com\/index.php?rest_route=%2Fwp%2Fv2%2Fproduct_cat&post=10691"},{"taxonomy":"product_tag","embeddable":true,"href":"https:\/\/catalogo.rcddistribuidora.com\/index.php?rest_route=%2Fwp%2Fv2%2Fproduct_tag&post=10691"}],"curies":[{"name":"wp","href":"https:\/\/api.w.org\/{rel}","templated":true}]}}