{"id":10687,"date":"2025-01-13T16:07:50","date_gmt":"2025-01-13T19:07:50","guid":{"rendered":"https:\/\/catalogo.rcddistribuidora.com\/?post_type=product&#038;p=10687"},"modified":"2025-01-13T16:07:50","modified_gmt":"2025-01-13T19:07:50","slug":"titan-atf-6400","status":"publish","type":"product","link":"https:\/\/catalogo.rcddistribuidora.com\/?product=titan-atf-6400","title":{"rendered":"TITAN ATF 6400"},"content":{"rendered":"","protected":false},"excerpt":{"rendered":"<p>ATF de desempenho premium, com viscosidade reduzida, especificamente formulado para transmiss\u00f5es autom\u00e1ticas de fabricantes Japoneses e Americanos. Certificado de acordo com DEXRON VI e MERCON LV. Aplic\u00e1vel para uso em sistemas h\u00edbridos de diversas montadoras.<\/p>\n<p><strong>Descri\u00e7\u00e3o<\/strong><br \/>\nO TITAN ATF 6400 foi especificamente desenvolvido para fornecer desempenho e otimizar a efici\u00eancia do consumo de combust\u00edvel em modernas transmiss\u00f5es autom\u00e1ticas de fabricantes Japoneses e Americanos, onde \u00e9 requerida viscosidade reduzida e o atendimento \u00e0s rigorosas normas DEXRON-VI e MERCON LV.<br \/>\nTITAN ATF 6400 fornece excepcional desempenho antivibra\u00e7\u00e3o, propriedades de controle de fric\u00e7\u00e3o resistente, al\u00e9m de ter suportado testes de campo em aplica\u00e7\u00f5es reais pr\u00f3ximo \u00e0 1.000.000km. O TITAN ATF 6400 foi desenvolvido com \u00f3leos b\u00e1sicos selecionados, combinados com tecnologia de aditivo de desempenho especialmente formulada.<\/p>\n<p><strong>Aplica\u00e7\u00e3o<\/strong><br \/>\nO TITAN ATF 6400 combina tanto os requerimentos das modernas transmiss\u00f5es autom\u00e1ticas GM, FORD, quando de diversas montadoras asi\u00e1ticas. Por ser compat\u00edvel com vers\u00f5es anteriores de aplica\u00e7\u00f5es GM, DEXRON VI pode tamb\u00e9m ser utilizado nas transmiss\u00f5es autom\u00e1ticas GM mais antigas.<br \/>\nO TITAN ATF 6400 \u00e9 misc\u00edvel e compat\u00edvel com os ATFs de marcas convencionais. No entanto, a mistura com outros ATFs deve ser evitada para aproveitar totalmente os benef\u00edcios do produto. Respectivamente, recomenda-se uma troca completa do \u00f3leo ao migrar para o TITAN ATF 6400. Para informa\u00e7\u00f5es sobre seguran\u00e7a e descarte adequado do produto, favor orientar-se pelas informa\u00e7\u00f5es presentes na embalagem e na FISPQ.<\/p>\n<p><strong>Vantagens<\/strong><br \/>\n\u25aa Aprovado pela General Motors (DEXRON VI) e Ford (MERCON LV) em transmiss\u00f5es autom\u00e1ticas especificadas.<br \/>\n\u25aa Atende JASO M315 1A-LV para uso em transmiss\u00f5es autom\u00e1ticas japonesas.<br \/>\n\u25aa Tecnologia de aditivos especialmente formulada, que oferece um desempenho excepcional antivibra\u00e7\u00e3o para melhorar a experi\u00eancia de dire\u00e7\u00e3o.<br \/>\n\u25aa Controle de fric\u00e7\u00e3o consistentemente forte, proporcionando excelente desempenho de mudan\u00e7a de marchas.<br \/>\n\u25aa Suportado por testes em aplica\u00e7\u00f5es reais em diversos carros de passageiros com quase 1.000.000 km rodados.<br \/>\n\u25aa Demonstra excelente estabilidade ao cisalhamento e prote\u00e7\u00e3o contra desgaste, juntamente com seu desempenho antioxidante, garantindo que a transmiss\u00e3o permane\u00e7a limpa e funcionando com efici\u00eancia.<\/p>\n<p><strong>Especifica\u00e7\u00f5es<\/strong><br \/>\n\u25aa JASO M315 TYPE 1A-LV<\/p>\n<p><strong>Aprova\u00e7\u00f5es<\/strong><br \/>\n\u25aa DEXRON VI<br \/>\n\u25aa FORD MERCON LV<br \/>\n\u25aa ZF TE-ML 09<\/p>\n<p><strong>Recomenda\u00e7\u00f5es FUCHS<\/strong><br \/>\n\u25aa AISIN WARNER\/AW-1<br \/>\n\u25aa BMW 81 22 9 400 272<br \/>\n\u25aa BMW 81 22 9 400 275<br \/>\n\u25aa BMW 81 22 9 407 738<br \/>\n\u25aa BMW 83 22 0 397 114<br \/>\n\u25aa BMW 83 22 0 403 248<br \/>\n\u25aa BMW 83 22 0 403 249<br \/>\n\u25aa BMW 83 22 0 432 807<br \/>\n\u25aa BMW 83 22 2 163 514<br \/>\n\u25aa BMW 83 22 2 167 718<br \/>\n\u25aa BMW 83 22 2 167 720<br \/>\n\u25aa BMW 83 22 2 355 599<br \/>\n\u25aa BMW 83 22 2 355 601<br \/>\n\u25aa BMW 83 22 9 407 858<br \/>\n\u25aa BMW 83 22 9 407 859<br \/>\n\u25aa FIAT 9.55550-AV2<br \/>\n\u25aa FIAT 9.55550-AV6<br \/>\n\u25aa GM 9256039\/88863400<br \/>\n\u25aa HONDA DW-1<br \/>\n\u25aa HYUNDAI NWS 9638<br \/>\n\u25aa HYUNDAI SP IV<br \/>\n\u25aa HYUNDAI SP IV M<br \/>\n\u25aa HYUNDAI SP IV RR<br \/>\n\u25aa JWS 3324<br \/>\n\u25aa KIA SP-IV<br \/>\n\u25aa MITSUBISHI ATF-J3<br \/>\n\u25aa MITSUBISHI ATF-PA<br \/>\n\u25aa MITSUBISHI MA1<br \/>\n\u25aa NISSAN MATIC S<br \/>\n\u25aa TOYOTA TYPE WS<br \/>\n\u25aa VW G 055 540 A2<\/p>\n<p><strong>CARACTER\u00cdSTICAS T\u00cdPICAS<\/strong><br \/>\nDensidade \u00e0 15 \u00b0C\u00a0 \u00a0 \u00a0 \u00a0 \u00a0 \u00a0 \u00a0 \u00a0 \u00a0 \u00a0 \u00a0 \u00a0 \u00a0 \u00a0 \u00a0 \u00a0 \u00a0 \u00a0 \u00a0 DIN 51757\u00a0 \u00a0 \u00a0 \u00a0 \u00a0 \u00a0 \u00a0 \u00a0 \u00a0 \u00a0 \u00a00,851 g\/ml<br \/>\nViscosidade Cinem\u00e1tica \u00e0 40 \u00b0C\u00a0 \u00a0 \u00a0 \u00a0 \u00a0 \u00a0 \u00a0DIN 51562-1\u00a0 \u00a0 \u00a0 \u00a0 \u00a0 \u00a0 \u00a0 \u00a0 \u00a029,0 mm2\/s<br \/>\nViscosidade Cinem\u00e1tica \u00e0 100 \u00b0C\u00a0 \u00a0 \u00a0 \u00a0 \u00a0 \u00a0DIN 51562-1\u00a0 \u00a0 \u00a0 \u00a0 \u00a0 \u00a0 \u00a0 \u00a0 \u00a06,0 mm2\/s<br \/>\n\u00cdndice de Viscosidade\u00a0 \u00a0 \u00a0 \u00a0 \u00a0 \u00a0 \u00a0 \u00a0 \u00a0 \u00a0 \u00a0 \u00a0 \u00a0 \u00a0 \u00a0 \u00a0DIN ISO 2909\u00a0 \u00a0 \u00a0 \u00a0 \u00a0 \u00a0 \u00a0 155<br \/>\nPonto de Fluidez\u00a0 \u00a0 \u00a0 \u00a0 \u00a0 \u00a0 \u00a0 \u00a0 \u00a0 \u00a0 \u00a0 \u00a0 \u00a0 \u00a0 \u00a0 \u00a0 \u00a0 \u00a0 \u00a0 \u00a0 DIN ISO 3016\u00a0 \u00a0 \u00a0 \u00a0 \u00a0 \u00a0 \u00a0 -48 \u00b0C<br \/>\nCor\u00a0 \u00a0 \u00a0 \u00a0 \u00a0 \u00a0 \u00a0 \u00a0 \u00a0 \u00a0 \u00a0 \u00a0 \u00a0 \u00a0 \u00a0 \u00a0 \u00a0 \u00a0 \u00a0 \u00a0 \u00a0 \u00a0 \u00a0 \u00a0 \u00a0 \u00a0 \u00a0 \u00a0 \u00a0 \u00a0 \u00a0 \u00a0 DIN 10964\u00a0 \u00a0 \u00a0 \u00a0 \u00a0 \u00a0 \u00a0 \u00a0 \u00a0 \u00a0 Vermelho<\/p>\n<p>O conte\u00fado deste informativo de produto \u00e9 baseado na experi\u00eancia e conhecimento da FUCHS LUBRIFICANTES DO BRASIL no desenvolvimento e fabrica\u00e7\u00e3o de lubrificantes, e representa a tecnologia de ponta atual. O desempenho dos nossos produtos pode ser influenciado por uma s\u00e9rie de fatores, especialmente a utiliza\u00e7\u00e3o espec\u00edfica, o m\u00e9todo de aplica\u00e7\u00e3o, o ambiente operacional, o pr\u00e9-tratamento, a poss\u00edvel contamina\u00e7\u00e3o externa etc. Por este motivo, afirma\u00e7\u00f5es generalizadas sobre a fun\u00e7\u00e3o dos nossos produtos n\u00e3o s\u00e3o poss\u00edveis. Nossos produtos n\u00e3o devem ser usados em aeronaves ou ve\u00edculos espaciais. Nossos produtos podem ser usados na produ\u00e7\u00e3o de componentes de aeronaves ou ve\u00edculos espaciais se forem removidos sem res\u00edduos desses componentes antes da montagem de aeronaves ou ve\u00edculos espaciais. As informa\u00e7\u00f5es sobre o produto representam diretrizes gerais, n\u00e3o vinculativas.<br \/>\nNenhuma garantia expressa ou impl\u00edcita \u00e9 dada sobre as propriedades do produto ou sua adequa\u00e7\u00e3o para qualquer aplica\u00e7\u00e3o dada.<br \/>\nPor isso, recomendamos que voc\u00ea consulte o Departamento T\u00e9cnico da FUCHS LUBRIFICANTES DO BRASIL para discutir as condi\u00e7\u00f5es de aplica\u00e7\u00e3o e os crit\u00e9rios de desempenho dos produtos antes de ser utilizado. \u00c9 responsabilidade do usu\u00e1rio verificar a adequa\u00e7\u00e3o funcional do produto e us\u00e1-lo com o devido cuidado.<br \/>\nNossos produtos s\u00e3o continuamente melhorados. N\u00f3s ent\u00e3o nos reservamos o direito de mudar nosso programa de produto, os produtos e seus processos de fabrica\u00e7\u00e3o, bem como todos os detalhes dos nossos formul\u00e1rios de informa\u00e7\u00e3o do produto a qualquer momento, sem aviso pr\u00e9vio, a menos que haja acordos espec\u00edficos com clientes. Com a publica\u00e7\u00e3o deste informativo de produto, todas as edi\u00e7\u00f5es anteriores deixam de ser v\u00e1lidas.<\/p>\n<p>&nbsp;<\/p>\n","protected":false},"featured_media":10688,"template":"","meta":[],"product_cat":[135],"product_tag":[],"class_list":{"0":"post-10687","1":"product","2":"type-product","3":"status-publish","4":"has-post-thumbnail","6":"product_cat-fluidos","8":"first","9":"instock","10":"shipping-taxable","11":"purchasable","12":"product-type-simple","13":"add-to-wishlist-after_add_to_cart"},"_links":{"self":[{"href":"https:\/\/catalogo.rcddistribuidora.com\/index.php?rest_route=\/wp\/v2\/product\/10687","targetHints":{"allow":["GET"]}}],"collection":[{"href":"https:\/\/catalogo.rcddistribuidora.com\/index.php?rest_route=\/wp\/v2\/product"}],"about":[{"href":"https:\/\/catalogo.rcddistribuidora.com\/index.php?rest_route=\/wp\/v2\/types\/product"}],"wp:featuredmedia":[{"embeddable":true,"href":"https:\/\/catalogo.rcddistribuidora.com\/index.php?rest_route=\/wp\/v2\/media\/10688"}],"wp:attachment":[{"href":"https:\/\/catalogo.rcddistribuidora.com\/index.php?rest_route=%2Fwp%2Fv2%2Fmedia&parent=10687"}],"wp:term":[{"taxonomy":"product_cat","embeddable":true,"href":"https:\/\/catalogo.rcddistribuidora.com\/index.php?rest_route=%2Fwp%2Fv2%2Fproduct_cat&post=10687"},{"taxonomy":"product_tag","embeddable":true,"href":"https:\/\/catalogo.rcddistribuidora.com\/index.php?rest_route=%2Fwp%2Fv2%2Fproduct_tag&post=10687"}],"curies":[{"name":"wp","href":"https:\/\/api.w.org\/{rel}","templated":true}]}}