{"id":10682,"date":"2025-01-13T15:34:37","date_gmt":"2025-01-13T18:34:37","guid":{"rendered":"https:\/\/catalogo.rcddistribuidora.com\/?post_type=product&#038;p=10682"},"modified":"2025-01-13T15:34:37","modified_gmt":"2025-01-13T18:34:37","slug":"titan-atf-6008","status":"publish","type":"product","link":"https:\/\/catalogo.rcddistribuidora.com\/?product=titan-atf-6008","title":{"rendered":"TITAN ATF 6008"},"content":{"rendered":"","protected":false},"excerpt":{"rendered":"<p>ATF de desempenho premium, especialmente desenvolvido para otimizar o desempenho de mudan\u00e7a de marchas em transmiss\u00f5es autom\u00e1ticas ZF.<\/p>\n<p><strong>Descri\u00e7\u00e3o<\/strong><br \/>\nO TITAN ATF 6008 foi especialmente desenvolvido com viscosidade reduzida para otimizar o desempenho em transmiss\u00f5es autom\u00e1ticas ZF especificadas de 6 e 8 velocidades. A ZF \u00e9 uma importante fornecedora de tecnologias de transmiss\u00e3o e chassi, com suas transmiss\u00f5es autom\u00e1ticas sendo usadas por diversos fabricantes de ve\u00edculos em todo o mundo. Devido \u00e0s caracter\u00edsticas particulares e aos requisitos t\u00e9cnicos que cada transmiss\u00e3o precisa alcan\u00e7ar, \u00e9 essencial que o ATF seja corretamente especificado para garantir que a transmiss\u00e3o atinja seu potencial, fornecendo opera\u00e7\u00e3o eficiente e confi\u00e1vel ao longo de sua vida \u00fatil.<br \/>\nO TITAN ATF 6008 foi desenvolvido para uso em uma variedade de transmiss\u00f5es autom\u00e1ticas e oferece controle aprimorado de fric\u00e7\u00e3o, forte desempenho antivibra\u00e7\u00e3o junto com excelente desempenho de antioxidante e prote\u00e7\u00e3o contra desgaste. O TITAN ATF 6008 utiliza uma combina\u00e7\u00e3o de \u00f3leos b\u00e1sicos e aditivos de alto performance, cuidadosamente selecionados para otimizar o desempenho e atender os requisitos dessas transmiss\u00f5es autom\u00e1ticas<\/p>\n<p><strong>Aplica\u00e7\u00e3o<\/strong><br \/>\nO TITAN ATF 6008 \u00e9 adequado para uso em transmiss\u00f5es autom\u00e1ticas ZF de 6 e 8 velocidades aplicadas em ve\u00edculos Bentley, BMW, Jaguar, Land Rover, Chrysler e VW Group.<br \/>\nO TITAN ATF 6008 \u00e9 misc\u00edvel e compat\u00edvel com os ATFs de marcas convencionais. No entanto, a mistura com outros ATFs deve ser evitada para aproveitar totalmente os benef\u00edcios do produto. Respectivamente, recomenda-se uma troca completa do \u00f3leo ao migrar para o TITAN ATF 6008. Para informa\u00e7\u00f5es sobre seguran\u00e7a e descarte adequado do produto, favor orientar-se pelas informa\u00e7\u00f5es presentes na embalagem e na FISPQ.<\/p>\n<p><strong>Vantagens<\/strong><br \/>\n\u25aa Oferece controle do coeficiente de atrito aprimorado, proporcionado um excelente desempenho na mudan\u00e7a de marchas.<br \/>\n\u25aa Excelente desempenho antivibra\u00e7\u00e3o, garantindo uma condu\u00e7\u00e3o suave.<br \/>\n\u25aa Desempenho antioxidante robusto para manter a transmiss\u00e3o limpa e funcionando de forma eficaz.<br \/>\n\u25aa Tecnologia comprovada em uma variedade de carros de passageiros, atrav\u00e9s de testes em situa\u00e7\u00f5es reais.<br \/>\n\u25aa Oferece excelente prote\u00e7\u00e3o contra desgaste para os componentes.<br \/>\n\u25aa Dependendo dos requisitos do OEM, tamb\u00e9m \u00e9 adequado para transmiss\u00f5es de alguns ve\u00edculos h\u00edbridos e el\u00e9tricos.<\/p>\n<p><strong>Especifica\u00e7\u00f5es<\/strong><br \/>\n\u25aa &#8211;<\/p>\n<p><strong>Aprova\u00e7\u00f5es<\/strong><br \/>\n\u25aa &#8211;<\/p>\n<p><strong>Recomenda\u00e7\u00f5es FUCHS<\/strong><br \/>\n\u25aa BMW 83 22 2 152 426<br \/>\n\u25aa BMW 83 22 2 289 720 (ATF 3+)<br \/>\n\u25aa BMW 83 22 2 305 397 (ATF 3)<br \/>\n\u25aa CHRYSLER 68157995AA<br \/>\n\u25aa FIAT 9.55550-AV5<br \/>\n\u25aa JAGUAR 02JDE 26444<br \/>\n\u25aa LAND ROVER LR023288<br \/>\n\u25aa MB 236.82<br \/>\n\u25aa VW G 055 162<br \/>\n\u25aa VW G 060 162<\/p>\n<p><strong>CARACTER\u00cdSTICAS T\u00cdPICAS<\/strong><br \/>\nDensidade \u00e0 15 \u00b0C\u00a0 \u00a0 \u00a0 \u00a0 \u00a0 \u00a0 \u00a0 \u00a0 \u00a0 \u00a0 \u00a0 \u00a0 \u00a0 \u00a0 \u00a0 \u00a0 \u00a0 \u00a0 \u00a0 \u00a0DIN 51757\u00a0 \u00a0 \u00a0 \u00a0 \u00a0 \u00a0 \u00a0 \u00a0 \u00a0 \u00a0 \u00a0 \u00a0 \u00a00,843\u00a0 \u00a0 \u00a0 \u00a0 \u00a0 \u00a0 g\/ml<br \/>\nViscosidade Cinem\u00e1tica \u00e0 40 \u00b0C\u00a0 \u00a0 \u00a0 \u00a0 \u00a0 \u00a0 \u00a0 DIN 51562-1\u00a0 \u00a0 \u00a0 \u00a0 \u00a0 \u00a0 \u00a0 \u00a0 \u00a0 \u00a0 \u00a0 28,3\u00a0 \u00a0 \u00a0 \u00a0 \u00a0 \u00a0 \u00a0 mm2\/s<br \/>\nViscosidade Cinem\u00e1tica \u00e0 100 \u00b0C\u00a0 \u00a0 \u00a0 \u00a0 \u00a0 \u00a0 DIN 51562-1\u00a0 \u00a0 \u00a0 \u00a0 \u00a0 \u00a0 \u00a0 \u00a0 \u00a0 \u00a0 \u00a0 6,0\u00a0 \u00a0 \u00a0 \u00a0 \u00a0 \u00a0 \u00a0 \u00a0 mm2\/s<br \/>\n\u00cdndice de Viscosidade\u00a0 \u00a0 \u00a0 \u00a0 \u00a0 \u00a0 \u00a0 \u00a0 \u00a0 \u00a0 \u00a0 \u00a0 \u00a0 \u00a0 \u00a0 \u00a0 DIN ISO 2909\u00a0 \u00a0 \u00a0 \u00a0 \u00a0 \u00a0 \u00a0 \u00a0 \u00a0 \u00a0166<br \/>\nPonto de Fluidez\u00a0 \u00a0 \u00a0 \u00a0 \u00a0 \u00a0 \u00a0 \u00a0 \u00a0 \u00a0 \u00a0 \u00a0 \u00a0 \u00a0 \u00a0 \u00a0 \u00a0 \u00a0 \u00a0 \u00a0 \u00a0DIN ISO 3016\u00a0 \u00a0 \u00a0 \u00a0 \u00a0 \u00a0 \u00a0 \u00a0 \u00a0 \u00a0-42\u00a0 \u00a0 \u00a0 \u00a0 \u00a0 \u00a0 \u00a0 \u00a0\u00b0C<br \/>\nCor\u00a0 \u00a0 \u00a0 \u00a0 \u00a0 \u00a0 \u00a0 \u00a0 \u00a0 \u00a0 \u00a0 \u00a0 \u00a0 \u00a0 \u00a0 \u00a0 \u00a0 \u00a0 \u00a0 \u00a0 \u00a0 \u00a0 \u00a0 \u00a0 \u00a0 \u00a0 \u00a0 \u00a0 \u00a0 \u00a0 \u00a0 \u00a0 \u00a0 \u00a0 \u00a0 \u00a0 \u00a0 \u00a0 \u00a0 \u00a0 \u00a0 \u00a0 \u00a0 \u00a0 \u00a0 \u00a0 \u00a0 \u00a0 \u00a0 \u00a0 \u00a0 \u00a0 \u00a0 \u00a0 \u00a0 \u00a0 \u00a0 \u00a0 \u00a0 \u00a0 \u00a0 \u00a0 \u00a0 \u00a0 \u00a0 \u00a0 \u00a0Verde<\/p>\n<p>O conte\u00fado deste informativo de produto \u00e9 baseado na experi\u00eancia e conhecimento da FUCHS LUBRIFICANTES DO BRASIL no desenvolvimento e fabrica\u00e7\u00e3o de lubrificantes, e representa a tecnologia de ponta atual. O desempenho dos nossos produtos pode ser influenciado por uma s\u00e9rie de fatores, especialmente a utiliza\u00e7\u00e3o espec\u00edfica, o m\u00e9todo de aplica\u00e7\u00e3o, o ambiente operacional, o pr\u00e9-tratamento, a poss\u00edvel contamina\u00e7\u00e3o externa etc. Por este motivo, afirma\u00e7\u00f5es generalizadas sobre a fun\u00e7\u00e3o dos nossos produtos n\u00e3o s\u00e3o poss\u00edveis. Nossos produtos n\u00e3o devem ser usados em aeronaves ou ve\u00edculos espaciais. Nossos produtos podem ser usados na produ\u00e7\u00e3o de componentes de aeronaves ou ve\u00edculos espaciais se forem removidos sem res\u00edduos desses componentes antes da montagem de aeronaves ou ve\u00edculos espaciais. As informa\u00e7\u00f5es sobre o produto representam diretrizes gerais, n\u00e3o vinculativas. Nenhuma garantia expressa ou impl\u00edcita \u00e9 dada sobre as propriedades do produto ou sua adequa\u00e7\u00e3o para qualquer aplica\u00e7\u00e3o dada.<br \/>\nPor isso, recomendamos que voc\u00ea consulte o Departamento T\u00e9cnico da FUCHS LUBRIFICANTES DO BRASIL para discutir as condi\u00e7\u00f5es de aplica\u00e7\u00e3o e os crit\u00e9rios de desempenho dos produtos antes de ser utilizado. \u00c9 responsabilidade do usu\u00e1rio verificar a adequa\u00e7\u00e3o funcional do produto e us\u00e1-lo com o devido cuidado.<br \/>\nNossos produtos s\u00e3o continuamente melhorados. N\u00f3s ent\u00e3o nos reservamos o direito de mudar nosso programa de produto, os produtos e seus processos de fabrica\u00e7\u00e3o, bem como todos os detalhes dos nossos formul\u00e1rios de informa\u00e7\u00e3o do produto a qualquer momento, sem aviso pr\u00e9vio, a menos que haja acordos espec\u00edficos com clientes. Com a publica\u00e7\u00e3o deste informativo de produto, todas as edi\u00e7\u00f5es anteriores deixam de ser v\u00e1lidas.<\/p>\n","protected":false},"featured_media":10683,"template":"","meta":[],"product_cat":[135],"product_tag":[],"class_list":{"0":"post-10682","1":"product","2":"type-product","3":"status-publish","4":"has-post-thumbnail","6":"product_cat-fluidos","8":"first","9":"instock","10":"shipping-taxable","11":"purchasable","12":"product-type-simple","13":"add-to-wishlist-after_add_to_cart"},"_links":{"self":[{"href":"https:\/\/catalogo.rcddistribuidora.com\/index.php?rest_route=\/wp\/v2\/product\/10682","targetHints":{"allow":["GET"]}}],"collection":[{"href":"https:\/\/catalogo.rcddistribuidora.com\/index.php?rest_route=\/wp\/v2\/product"}],"about":[{"href":"https:\/\/catalogo.rcddistribuidora.com\/index.php?rest_route=\/wp\/v2\/types\/product"}],"wp:featuredmedia":[{"embeddable":true,"href":"https:\/\/catalogo.rcddistribuidora.com\/index.php?rest_route=\/wp\/v2\/media\/10683"}],"wp:attachment":[{"href":"https:\/\/catalogo.rcddistribuidora.com\/index.php?rest_route=%2Fwp%2Fv2%2Fmedia&parent=10682"}],"wp:term":[{"taxonomy":"product_cat","embeddable":true,"href":"https:\/\/catalogo.rcddistribuidora.com\/index.php?rest_route=%2Fwp%2Fv2%2Fproduct_cat&post=10682"},{"taxonomy":"product_tag","embeddable":true,"href":"https:\/\/catalogo.rcddistribuidora.com\/index.php?rest_route=%2Fwp%2Fv2%2Fproduct_tag&post=10682"}],"curies":[{"name":"wp","href":"https:\/\/api.w.org\/{rel}","templated":true}]}}