{"id":10680,"date":"2025-01-13T15:27:54","date_gmt":"2025-01-13T18:27:54","guid":{"rendered":"https:\/\/catalogo.rcddistribuidora.com\/?post_type=product&#038;p=10680"},"modified":"2025-01-13T15:35:04","modified_gmt":"2025-01-13T18:35:04","slug":"titan-atf-6006","status":"publish","type":"product","link":"https:\/\/catalogo.rcddistribuidora.com\/?product=titan-atf-6006","title":{"rendered":"TITAN ATF 6006"},"content":{"rendered":"","protected":false},"excerpt":{"rendered":"<p>ATF de alto desempenho, desenvolvido especialmente para otimizar o conforto nas mudan\u00e7as das transmiss\u00f5es autom\u00e1ticas ZF.<\/p>\n<p><strong>Descri\u00e7\u00e3o<\/strong><br \/>\nTITAN ATF 6006 foi desenvolvido especialmente para otimizar o desempenho de transmiss\u00f5es autom\u00e1ticas da ZF de 6 velocidades. A ZF \u00e9 um grande fornecedor de tecnologia de transmiss\u00e3o e chassis. Suas transmiss\u00f5es autom\u00e1ticas s\u00e3o usadas por diversos fabricantes de ve\u00edculos em todo o mundo. Devido ao design individual e aos requisitos t\u00e9cnicos caracter\u00edsticos que tornam cada transmiss\u00e3o especial, \u00e9 extremamente importante usar o ATF correto. Essa \u00e9 a \u00fanica maneira da transmiss\u00e3o atingir todo o seu potencial e oferecer uma opera\u00e7\u00e3o eficiente e confi\u00e1vel durante toda a sua vida \u00fatil.<br \/>\nO TITAN ATF 6006 foi desenvolvido para manter um bom controle do coeficiente de atrito, excelente durabilidade e resistente a oxida\u00e7\u00e3o. O TITAN ATF 6006 utiliza uma combina\u00e7\u00e3o cuidadosamente selecionada de \u00f3leos b\u00e1sicos e aditivos de alta qualidade para desempenho excepcional, que foi especialmente desenvolvido para atender aos requisitos dessas transmiss\u00f5es autom\u00e1ticas.<\/p>\n<p><strong>Aplica\u00e7\u00e3o<\/strong><br \/>\nTITAN ATF 6006 \u00e9 indicado para uso em transmiss\u00f5es autom\u00e1ticas ZF de 6 velocidades aplicada em ve\u00edculos Bentley, BMW, Hyundai, Jaguar, Land Rover, Maserati e grupo VW. O TITAN ATF 6006 \u00e9 misc\u00edvel e compat\u00edvel com os ATFs de marcas convencionais.<br \/>\nNo entanto, a mistura com outros ATFs deve ser evitada para aproveitar totalmente os benef\u00edcios do produto. Respectivamente, recomenda-se uma troca completa do \u00f3leo ao migrar para o TITAN ATF 6006. Para informa\u00e7\u00f5es sobre seguran\u00e7a e descarte adequado do produto, favor orientar-se pelas informa\u00e7\u00f5es presentes na embalagem e na FISPQ.<\/p>\n<p><strong>Vantagens<\/strong><br \/>\n\u25aa Boas propriedades de controle do coeficiente de atrito proporcionando um excelente desempenho nas mudan\u00e7as de marcha<br \/>\n\u25aa Excelente estabilidade ao envelhecimento e controle de oxida\u00e7\u00e3o para manter a transmiss\u00e3o limpa e em funcionamento<br \/>\n\u25aa Alta estabilidade ao cisalhamento<br \/>\n\u25aa Desempenho comprovado durante toda vida \u00fatil do \u00f3leo.<\/p>\n<p><strong>Especifica\u00e7\u00f5es<\/strong><br \/>\n\u25aa &#8211;<\/p>\n<p><strong>Aprova\u00e7\u00f5es<\/strong><br \/>\n\u25aa &#8211;<\/p>\n<p><strong>Recomenda\u00e7\u00f5es FUCHS<\/strong><br \/>\n\u25aa AML Oil No. 4G4319A509\/AA\/S<br \/>\n\u25aa BENTLEY PY112995PA<br \/>\n\u25aa BMW 83 22 0 142 516<br \/>\n\u25aa BMW 83 22 0 144 137<br \/>\n\u25aa BMW 83 22 2 305 396<br \/>\n\u25aa FORD MERCON SP<br \/>\n\u25aa HYUNDAI 040000C90SG<br \/>\n\u25aa JAGUAR FLUID 8432<br \/>\n\u25aa LAND ROVER TYK500050<br \/>\n\u25aa MASERATI 231603<br \/>\n\u25aa VW G 055 005<\/p>\n<p><strong>CARACTER\u00cdSTICAS T\u00cdPICAS<\/strong><br \/>\nDensidade \u00e0 15 \u00b0C\u00a0 \u00a0 \u00a0 \u00a0 \u00a0 \u00a0 \u00a0 \u00a0 \u00a0 \u00a0 \u00a0 \u00a0 \u00a0 \u00a0 \u00a0 \u00a0 \u00a0 \u00a0 \u00a0DIN 51757\u00a0 \u00a0 \u00a0 \u00a0 \u00a0 \u00a0 \u00a0 \u00a0 \u00a0 \u00a0 \u00a0 \u00a0 \u00a0 \u00a0g\/ml\u00a0 \u00a0 \u00a0 \u00a0 \u00a0 \u00a0 \u00a0 0,844<br \/>\nViscosidade Cinem\u00e1tica \u00e0 40 \u00b0C\u00a0 \u00a0 \u00a0 \u00a0 \u00a0 \u00a0 DIN 51562-1\u00a0 \u00a0 \u00a0 \u00a0 \u00a0 \u00a0 \u00a0 \u00a0 \u00a0 \u00a0 \u00a0 \u00a0mm2\/s\u00a0 \u00a0 \u00a0 \u00a0 \u00a0 \u00a028,5<br \/>\nViscosidade Cinem\u00e1tica \u00e0 100 \u00b0C\u00a0 \u00a0 \u00a0 \u00a0 \u00a0 DIN 51562-1\u00a0 \u00a0 \u00a0 \u00a0 \u00a0 \u00a0 \u00a0 \u00a0 \u00a0 \u00a0 \u00a0 \u00a0mm2\/s\u00a0 \u00a0 \u00a0 \u00a0 \u00a0 \u00a06,0<br \/>\n\u00cdndice de Viscosidade\u00a0 \u00a0 \u00a0 \u00a0 \u00a0 \u00a0 \u00a0 \u00a0 \u00a0 \u00a0 \u00a0 \u00a0 \u00a0 \u00a0 \u00a0 DIN ISO 2909\u00a0 \u00a0 \u00a0 \u00a0 \u00a0 \u00a0 \u00a0 \u00a0 \u00a0 \u00a0 \u00a0 \u00a0 \u00a0 \u00a0 \u00a0 \u00a0 \u00a0 \u00a0 \u00a0 \u00a0 \u00a0 \u00a0 164<br \/>\nPonto de Fluidez\u00a0 \u00a0 \u00a0 \u00a0 \u00a0 \u00a0 \u00a0 \u00a0 \u00a0 \u00a0 \u00a0 \u00a0 \u00a0 \u00a0 \u00a0 \u00a0 \u00a0 \u00a0 \u00a0 \u00a0DIN ISO 3016\u00a0 \u00a0 \u00a0 \u00a0 \u00a0 \u00a0 \u00a0 \u00a0 \u00a0 \u00a0 \u00a0\u00b0C\u00a0 \u00a0 \u00a0 \u00a0 \u00a0 \u00a0 \u00a0 \u00a0 \u00a0 \u00a0-39<br \/>\nCor\u00a0 \u00a0 \u00a0 \u00a0 \u00a0 \u00a0 \u00a0 \u00a0 \u00a0 \u00a0 \u00a0 \u00a0 \u00a0 \u00a0 \u00a0 \u00a0 \u00a0 \u00a0 \u00a0 \u00a0 \u00a0 \u00a0 \u00a0 \u00a0 \u00a0 \u00a0 \u00a0 \u00a0 \u00a0 \u00a0 \u00a0 \u00a0 \u00a0 \u00a0 \u00a0 \u00a0 \u00a0 \u00a0 \u00a0 \u00a0 \u00a0 \u00a0 \u00a0 \u00a0 \u00a0 \u00a0 \u00a0 \u00a0 \u00a0 \u00a0 \u00a0 \u00a0 \u00a0 \u00a0 \u00a0 \u00a0 \u00a0 \u00a0 \u00a0 \u00a0 \u00a0 \u00a0 \u00a0 \u00a0 \u00a0 \u00a0 \u00a0 \u00e2mbar<\/p>\n<p>O conte\u00fado deste informativo de produto \u00e9 baseado na experi\u00eancia e conhecimento da FUCHS LUBRIFICANTES DO BRASIL no desenvolvimento e fabrica\u00e7\u00e3o de lubrificantes, e representa a tecnologia de ponta atual. O desempenho dos nossos produtos pode ser influenciado por uma s\u00e9rie de fatores, especialmente a utiliza\u00e7\u00e3o espec\u00edfica, o m\u00e9todo de aplica\u00e7\u00e3o, o ambiente operacional, o pr\u00e9-tratamento, a poss\u00edvel contamina\u00e7\u00e3o externa etc. Por este motivo, afirma\u00e7\u00f5es generalizadas sobre a fun\u00e7\u00e3o dos nossos produtos n\u00e3o s\u00e3o poss\u00edveis. Nossos produtos n\u00e3o devem ser usados em aeronaves ou ve\u00edculos espaciais. Nossos produtos podem ser usados na produ\u00e7\u00e3o de componentes de aeronaves ou ve\u00edculos espaciais se forem removidos sem res\u00edduos desses componentes antes da montagem de aeronaves ou ve\u00edculos espaciais. As informa\u00e7\u00f5es sobre o produto representam diretrizes gerais, n\u00e3o vinculativas. Nenhuma garantia expressa ou impl\u00edcita \u00e9 dada sobre as propriedades do produto ou sua adequa\u00e7\u00e3o para qualquer aplica\u00e7\u00e3o dada.<br \/>\nPor isso, recomendamos que voc\u00ea consulte o Departamento T\u00e9cnico da FUCHS LUBRIFICANTES DO BRASIL para discutir as condi\u00e7\u00f5es de aplica\u00e7\u00e3o e os crit\u00e9rios de desempenho dos produtos antes de ser utilizado. \u00c9 responsabilidade do usu\u00e1rio verificar a adequa\u00e7\u00e3o funcional do produto e us\u00e1-lo com o devido cuidado.<br \/>\nNossos produtos s\u00e3o continuamente melhorados. N\u00f3s ent\u00e3o nos reservamos o direito de mudar nosso programa de produto, os produtos e seus processos de fabrica\u00e7\u00e3o, bem como todos os detalhes dos nossos formul\u00e1rios de informa\u00e7\u00e3o do produto a qualquer momento, sem aviso pr\u00e9vio, a menos que haja acordos espec\u00edficos com clientes. Com a publica\u00e7\u00e3o deste informativo de produto, todas as edi\u00e7\u00f5es anteriores deixam de ser v\u00e1lidas.<\/p>\n","protected":false},"featured_media":10681,"template":"","meta":[],"product_cat":[135],"product_tag":[],"class_list":{"0":"post-10680","1":"product","2":"type-product","3":"status-publish","4":"has-post-thumbnail","6":"product_cat-fluidos","8":"first","9":"instock","10":"shipping-taxable","11":"purchasable","12":"product-type-simple","13":"add-to-wishlist-after_add_to_cart"},"_links":{"self":[{"href":"https:\/\/catalogo.rcddistribuidora.com\/index.php?rest_route=\/wp\/v2\/product\/10680","targetHints":{"allow":["GET"]}}],"collection":[{"href":"https:\/\/catalogo.rcddistribuidora.com\/index.php?rest_route=\/wp\/v2\/product"}],"about":[{"href":"https:\/\/catalogo.rcddistribuidora.com\/index.php?rest_route=\/wp\/v2\/types\/product"}],"wp:featuredmedia":[{"embeddable":true,"href":"https:\/\/catalogo.rcddistribuidora.com\/index.php?rest_route=\/wp\/v2\/media\/10681"}],"wp:attachment":[{"href":"https:\/\/catalogo.rcddistribuidora.com\/index.php?rest_route=%2Fwp%2Fv2%2Fmedia&parent=10680"}],"wp:term":[{"taxonomy":"product_cat","embeddable":true,"href":"https:\/\/catalogo.rcddistribuidora.com\/index.php?rest_route=%2Fwp%2Fv2%2Fproduct_cat&post=10680"},{"taxonomy":"product_tag","embeddable":true,"href":"https:\/\/catalogo.rcddistribuidora.com\/index.php?rest_route=%2Fwp%2Fv2%2Fproduct_tag&post=10680"}],"curies":[{"name":"wp","href":"https:\/\/api.w.org\/{rel}","templated":true}]}}