{"id":10678,"date":"2025-01-13T15:15:21","date_gmt":"2025-01-13T18:15:21","guid":{"rendered":"https:\/\/catalogo.rcddistribuidora.com\/?post_type=product&#038;p=10678"},"modified":"2025-01-13T15:15:21","modified_gmt":"2025-01-13T18:15:21","slug":"titan-atf-4400","status":"publish","type":"product","link":"https:\/\/catalogo.rcddistribuidora.com\/?product=titan-atf-4400","title":{"rendered":"TITAN ATF 4400"},"content":{"rendered":"","protected":false},"excerpt":{"rendered":"<p>ATF de Alt\u00edssimo Desempenho formulado especificamente para ve\u00edculos japoneses de passeio e comerciais leves, bem como transmiss\u00f5es usadas por v\u00e1rios fabricantes europeus e americanos. Sua alta capacidade de torque excede o desempenho de muitos fluidos originais.<\/p>\n<p><strong>Descri\u00e7\u00e3o<\/strong><br \/>\nTITAN ATF 4400 foi desenvolvido especialmente para atender \u00e0s demandas especiais das modernas transmiss\u00f5es autom\u00e1ticas japonesas do tipo step-type com conversores hidr\u00e1ulicos usados em muitos carros de passeio e ve\u00edculos leves. TITAN ATF 4400 combina excelentes propriedades antitrepida\u00e7\u00e3o com um alto coeficiente de atrito ao longo de sua vida \u00fatil. Para essa finalidade, os \u00f3leos b\u00e1sicos de alta qualidade foram combinados com uma tecnologia de aditivos especialmente desenvolvida.<br \/>\nAplica\u00e7\u00e3o<br \/>\nTITAN ATF 4400 \u00e9 designado principalmente para uso nas transmiss\u00f5es autom\u00e1ticas AISIN WARNER, sendo usadas em um grande n\u00famero de carros de passeio e ve\u00edculos leves de fabricantes japoneses, mas tamb\u00e9m em um n\u00famero significativo de modelos norte-americanos e europeus.<br \/>\nDevido \u00e0s suas excelentes propriedades, o TITAN ATF 4400 tamb\u00e9m pode ser usado em muitos sistemas de origem asi\u00e1tica ou onde s\u00e3o exigidos fluidos do tipo DEXRON III. O TITAN ATF 4400 \u00e9 misc\u00edvel e compat\u00edvel com os ATFs de marcas convencionais.<br \/>\nNo entanto, a mistura com outros ATFs deve ser evitada para aproveitar totalmente os benef\u00edcios do produto. Respectivamente, recomenda-se uma troca completa do \u00f3leo ao migrar para o TITAN ATF 4400. Para informa\u00e7\u00f5es sobre seguran\u00e7a e descarte adequado do produto, favor orientar-se pelas informa\u00e7\u00f5es presentes na embalagem e na FISPQ.<\/p>\n<p><strong>Vantagens<\/strong><br \/>\n\u25aa Os \u00f3leos b\u00e1sicos selecionados garantem um excelente comportamento a baixa temperatura<br \/>\n\u25aa Coeficiente de atrito permanentemente alto durante toda vida \u00fatil.<br \/>\n\u25aa Melhores propriedades anti-desgaste para opera\u00e7\u00e3o confi\u00e1vel e m\u00e1xima vida \u00fatil<br \/>\n\u25aa Excelente estabilidade ao envelhecimento e a oxida\u00e7\u00e3o<\/p>\n<p><strong>Especifica\u00e7\u00f5es<\/strong><br \/>\n\u25aa JASO M315 TYPE 1A<\/p>\n<p><strong>Aprova\u00e7\u00f5es<\/strong><br \/>\n\u25aa &#8211;<\/p>\n<p><strong>Recomenda\u00e7\u00f5es FUCHS<\/strong><br \/>\n\u25aa DEXRON III<br \/>\n\u25aa BMW MINI 83 22 0 402 413\/83 22 7 542 290<br \/>\n\u25aa CHRYSLER MS7176E\/9602 (ATF +3\/+4)<br \/>\n\u25aa DAEWOO<br \/>\n\u25aa DAIHATSU ALUMIX ATF MULTI<br \/>\n\u25aa FIAT 9.55550-AV1\/AV4<br \/>\n\u25aa FORD MERCON<br \/>\n\u25aa FORD MERCON V<br \/>\n\u25aa FORD M2C924-A\/M2C922-A1<br \/>\n\u25aa FORD WSS-M2C919-E<br \/>\n\u25aa FORD WSS-M2C202-B<br \/>\n\u25aa GM 9986195<br \/>\n\u25aa HONDA ATF Z-I<br \/>\n\u25aa HYUNDAI SP III<br \/>\n\u25aa ISUZU BESCO ATF-II\/ATF-III<br \/>\n\u25aa JATCO 3100 PL085\/FWD (N402)\/JF506E (K17)<br \/>\n\u25aa JWS 3309\/TYPE T-IV<br \/>\n\u25aa MAZDA ATF D-III\/ATF M-3\/M-V<br \/>\n\u25aa MITSUBISHI SP-II\/-III<br \/>\n\u25aa NISSAN MATIC C\/D\/J<br \/>\n\u25aa SAAB 3309<br \/>\n\u25aa SUBARU ATF OIL\/ATF OIL SPECIAL\/ATF HP<br \/>\n\u25aa SUZUKI ATF 3309\/3317<br \/>\n\u25aa TOYOTA TYPE D-2\/T\/T-II\/T-III\/T-IV<br \/>\n\u25aa VW G 052 990\/055 025.<\/p>\n<p><strong>CARACTER\u00cdSTICAS T\u00cdPICAS<\/strong><br \/>\nDensidade \u00e0 15 \u00b0C\u00a0 \u00a0 \u00a0 \u00a0 \u00a0 \u00a0 \u00a0 \u00a0 \u00a0 \u00a0 \u00a0 \u00a0 \u00a0 \u00a0 \u00a0 \u00a0 \u00a0 \u00a0 DIN 51757\u00a0 \u00a0 \u00a0 \u00a0 \u00a0 \u00a0 \u00a0 \u00a0 \u00a0 \u00a0 g\/ml\u00a0 \u00a0 \u00a0 \u00a0 \u00a0 \u00a0 \u00a00,852<br \/>\nViscosidade Cinem\u00e1tica \u00e0 40 \u00b0C\u00a0 \u00a0 \u00a0 \u00a0 \u00a0 \u00a0DIN 51562-1\u00a0 \u00a0 \u00a0 \u00a0 \u00a0 \u00a0 \u00a0 \u00a0 mm2\/s\u00a0 \u00a0 \u00a0 \u00a0 \u00a037,3<br \/>\nViscosidade Cinem\u00e1tica \u00e0 100 \u00b0C\u00a0 \u00a0 \u00a0 \u00a0 \u00a0DIN 51562-1\u00a0 \u00a0 \u00a0 \u00a0 \u00a0 \u00a0 \u00a0 \u00a0 mm2\/s\u00a0 \u00a0 \u00a0 \u00a0 \u00a07,3<br \/>\n\u00cdndice de Viscosidade\u00a0 \u00a0 \u00a0 \u00a0 \u00a0 \u00a0 \u00a0 \u00a0 \u00a0 \u00a0 \u00a0 \u00a0 \u00a0 \u00a0 \u00a0DIN ISO 2909 165<br \/>\nPonto de Fluidez\u00a0 \u00a0 \u00a0 \u00a0 \u00a0 \u00a0 \u00a0 \u00a0 \u00a0 \u00a0 \u00a0 \u00a0 \u00a0 \u00a0 \u00a0 \u00a0 \u00a0 \u00a0 \u00a0 DIN ISO 3016\u00a0 \u00a0 \u00a0 \u00a0 \u00a0 \u00a0 \u00a0 \u00b0C\u00a0 \u00a0 \u00a0 \u00a0 \u00a0 \u00a0 \u00a0 \u00a0 \u00a0-43<br \/>\nCor\u00a0 \u00a0 \u00a0 \u00a0 \u00a0 \u00a0 \u00a0 \u00a0 \u00a0 \u00a0 \u00a0 \u00a0 \u00a0 \u00a0 \u00a0 \u00a0 \u00a0 \u00a0 \u00a0 \u00a0 \u00a0 \u00a0 \u00a0 \u00a0 \u00a0 \u00a0 \u00a0 \u00a0 \u00a0 \u00a0 \u00a0 \u00a0 \u00a0 \u00a0 \u00a0 \u00a0 \u00a0 \u00a0 \u00a0 \u00a0 \u00a0 \u00a0 \u00a0 \u00a0 \u00a0 \u00a0 \u00a0 \u00a0 \u00a0 \u00a0 \u00a0 \u00a0 \u00a0 \u00a0 \u00a0 \u00a0 \u00a0 \u00a0 \u00a0 \u00a0 \u00a0 \u00a0Vermelho<\/p>\n<p>O conte\u00fado deste informativo de produto \u00e9 baseado na experi\u00eancia e conhecimento da FUCHS LUBRIFICANTES DO BRASIL no desenvolvimento e fabrica\u00e7\u00e3o de lubrificantes, e representa a tecnologia de ponta atual. O desempenho dos nossos produtos pode ser influenciado por uma s\u00e9rie de fatores, especialmente a utiliza\u00e7\u00e3o espec\u00edfica, o m\u00e9todo de aplica\u00e7\u00e3o, o ambiente operacional, o pr\u00e9-tratamento, a poss\u00edvel contamina\u00e7\u00e3o externa etc. Por este motivo, afirma\u00e7\u00f5es generalizadas sobre a fun\u00e7\u00e3o dos nossos produtos n\u00e3o s\u00e3o poss\u00edveis. Nossos produtos n\u00e3o devem ser usados em aeronaves ou ve\u00edculos espaciais. Nossos produtos podem ser usados na produ\u00e7\u00e3o de componentes de aeronaves ou ve\u00edculos espaciais se forem removidos sem res\u00edduos desses componentes antes da montagem de aeronaves ou ve\u00edculos espaciais. As informa\u00e7\u00f5es sobre o produto representam diretrizes gerais, n\u00e3o vinculativas. Nenhuma garantia expressa ou impl\u00edcita \u00e9 dada sobre as propriedades do produto ou sua adequa\u00e7\u00e3o para qualquer aplica\u00e7\u00e3o dada.<br \/>\nPor isso, recomendamos que voc\u00ea consulte o Departamento T\u00e9cnico da FUCHS LUBRIFICANTES DO BRASIL para discutir as condi\u00e7\u00f5es de aplica\u00e7\u00e3o e os crit\u00e9rios de desempenho dos produtos antes de ser utilizado. \u00c9 responsabilidade do usu\u00e1rio verificar a adequa\u00e7\u00e3o funcional do produto e us\u00e1-lo com o devido cuidado.<br \/>\nNossos produtos s\u00e3o continuamente melhorados. N\u00f3s ent\u00e3o nos reservamos o direito de mudar nosso programa de produto, os produtos e seus processos de fabrica\u00e7\u00e3o, bem como todos os detalhes dos nossos formul\u00e1rios de informa\u00e7\u00e3o do produto a qualquer momento, sem aviso pr\u00e9vio, a menos que haja acordos espec\u00edficos com clientes. Com a publica\u00e7\u00e3o deste informativo de produto, todas as edi\u00e7\u00f5es anteriores deixam de ser v\u00e1lidas.<\/p>\n<p>&nbsp;<\/p>\n","protected":false},"featured_media":10679,"template":"","meta":[],"product_cat":[135],"product_tag":[],"class_list":{"0":"post-10678","1":"product","2":"type-product","3":"status-publish","4":"has-post-thumbnail","6":"product_cat-fluidos","8":"first","9":"instock","10":"shipping-taxable","11":"purchasable","12":"product-type-simple","13":"add-to-wishlist-after_add_to_cart"},"_links":{"self":[{"href":"https:\/\/catalogo.rcddistribuidora.com\/index.php?rest_route=\/wp\/v2\/product\/10678","targetHints":{"allow":["GET"]}}],"collection":[{"href":"https:\/\/catalogo.rcddistribuidora.com\/index.php?rest_route=\/wp\/v2\/product"}],"about":[{"href":"https:\/\/catalogo.rcddistribuidora.com\/index.php?rest_route=\/wp\/v2\/types\/product"}],"wp:featuredmedia":[{"embeddable":true,"href":"https:\/\/catalogo.rcddistribuidora.com\/index.php?rest_route=\/wp\/v2\/media\/10679"}],"wp:attachment":[{"href":"https:\/\/catalogo.rcddistribuidora.com\/index.php?rest_route=%2Fwp%2Fv2%2Fmedia&parent=10678"}],"wp:term":[{"taxonomy":"product_cat","embeddable":true,"href":"https:\/\/catalogo.rcddistribuidora.com\/index.php?rest_route=%2Fwp%2Fv2%2Fproduct_cat&post=10678"},{"taxonomy":"product_tag","embeddable":true,"href":"https:\/\/catalogo.rcddistribuidora.com\/index.php?rest_route=%2Fwp%2Fv2%2Fproduct_tag&post=10678"}],"curies":[{"name":"wp","href":"https:\/\/api.w.org\/{rel}","templated":true}]}}